{"id":6439,"date":"2020-07-17T11:19:37","date_gmt":"2020-07-17T09:19:37","guid":{"rendered":"https:\/\/www.systag.ch\/labor-reaktor-systeme\/produkte\/automatisierte-labor-reaktoren-und-kalorimetrie\/flexyclave\/"},"modified":"2023-07-06T11:18:08","modified_gmt":"2023-07-06T09:18:08","slug":"flexyclave","status":"publish","type":"page","link":"https:\/\/www.systag.ch\/de\/labor-reaktor-systeme\/produkte\/automatisierte-labor-reaktoren-und-kalorimetrie\/flexyclave\/","title":{"rendered":"FlexyCLAVE"},"content":{"rendered":"<p>[et_pb_section fb_built=&#8221;1&#8243; _builder_version=&#8221;4.16&#8243; custom_padding=&#8221;0px||0px|||&#8221; global_colors_info=&#8221;{}&#8221; theme_builder_area=&#8221;post_content&#8221;][et_pb_row use_custom_gutter=&#8221;on&#8221; gutter_width=&#8221;1&#8243; make_equal=&#8221;on&#8221; _builder_version=&#8221;4.16&#8243; width=&#8221;100%&#8221; max_width=&#8221;1366px&#8221; custom_margin=&#8221;||||false|false&#8221; custom_padding=&#8221;15px||15px||false|false&#8221; global_colors_info=&#8221;{}&#8221; theme_builder_area=&#8221;post_content&#8221;][et_pb_column type=&#8221;4_4&#8243; _builder_version=&#8221;4.16&#8243; global_colors_info=&#8221;{}&#8221; theme_builder_area=&#8221;post_content&#8221;][et_pb_text _builder_version=&#8221;4.16&#8243; text_font=&#8221;|700|||||||&#8221; text_text_color=&#8221;#ffffff&#8221; header_3_font=&#8221;|600|||||||&#8221; header_3_text_color=&#8221;#ffffff&#8221; background_color=&#8221;#555665&#8243; max_height=&#8221;50px&#8221; max_height_tablet=&#8221;50px&#8221; max_height_phone=&#8221;&#8221; max_height_last_edited=&#8221;on|phone&#8221; custom_margin=&#8221;||||false|false&#8221; custom_margin_tablet=&#8221;|||0px|false|false&#8221; custom_margin_phone=&#8221;&#8221; custom_margin_last_edited=&#8221;on|tablet&#8221; custom_padding=&#8221;15px||15px|15px|true|false&#8221; custom_padding_tablet=&#8221;15px||10px||false|false&#8221; custom_padding_phone=&#8221;|15px|5px||false|false&#8221; custom_padding_last_edited=&#8221;on|phone&#8221; border_radii=&#8221;on|10px|10px|10px|10px&#8221; global_colors_info=&#8221;{}&#8221; theme_builder_area=&#8221;post_content&#8221;]<\/p>\n<h3>FlexyCLAVE &#8211; Automatisierte Hydrierl\u00f6sung f\u00fcr verschiedene Reaktorgr\u00f6ssen<\/h3>\n<p>[\/et_pb_text][\/et_pb_column][\/et_pb_row][\/et_pb_section][et_pb_section fb_built=&#8221;1&#8243; use_custom_gutter=&#8221;on&#8221; gutter_width=&#8221;1&#8243; specialty=&#8221;on&#8221; padding_top_2=&#8221;0px&#8221; padding_bottom_2=&#8221;15px&#8221; padding_left_2=&#8221;7.5px&#8221; padding_top_bottom_link_1=&#8221;false&#8221; padding_top_bottom_link_2=&#8221;false&#8221; padding_left_right_link_1=&#8221;false&#8221; padding_left_right_link_2=&#8221;false&#8221; padding_2_tablet=&#8221;|||0px|false|false&#8221; padding_2_phone=&#8221;&#8221; padding_2_last_edited=&#8221;on|tablet&#8221; admin_label=&#8221;Spezial 66\/33 darunter Variabel\/33&#8243; _builder_version=&#8221;4.16&#8243; width=&#8221;100%&#8221; max_width=&#8221;1366px&#8221; module_alignment=&#8221;left&#8221; inner_width=&#8221;100%&#8221; inner_max_width=&#8221;1366px&#8221; inner_module_alignment=&#8221;center&#8221; custom_margin=&#8221;||||false|false&#8221; custom_padding=&#8221;0px||0px|0px||&#8221; locked=&#8221;off&#8221; global_colors_info=&#8221;{}&#8221; theme_builder_area=&#8221;post_content&#8221;][et_pb_column type=&#8221;2_3&#8243; specialty_columns=&#8221;2&#8243; _builder_version=&#8221;4.16&#8243; custom_padding=&#8221;|||&#8221; global_colors_info=&#8221;{}&#8221; custom_padding__hover=&#8221;|||&#8221; theme_builder_area=&#8221;post_content&#8221;][et_pb_row_inner custom_padding_last_edited=&#8221;on|tablet&#8221; admin_label=&#8221;66% Block&#8221; _builder_version=&#8221;4.16&#8243; custom_margin=&#8221;||||false|false&#8221; custom_padding=&#8221;0px|7.5px|0px||false|false&#8221; custom_padding_tablet=&#8221;|0px|||false|false&#8221; custom_padding_phone=&#8221;&#8221; global_colors_info=&#8221;{}&#8221; theme_builder_area=&#8221;post_content&#8221;][et_pb_column_inner saved_specialty_column_type=&#8221;2_3&#8243; _builder_version=&#8221;4.16&#8243; global_colors_info=&#8221;{}&#8221; theme_builder_area=&#8221;post_content&#8221;][et_pb_text _builder_version=&#8221;4.16&#8243; link_font=&#8221;|600|||||||&#8221; header_4_font=&#8221;|600|||||||&#8221; background_color=&#8221;#bfc2c8&#8243; max_height=&#8221;50px&#8221; max_height_tablet=&#8221;&#8221; max_height_phone=&#8221;&#8221; max_height_last_edited=&#8221;on|phone&#8221; custom_margin=&#8221;||15px||false|false&#8221; custom_margin_tablet=&#8221;|||0px|false|false&#8221; custom_margin_phone=&#8221;&#8221; custom_margin_last_edited=&#8221;on|tablet&#8221; custom_padding=&#8221;15px||15px|15px|true|false&#8221; custom_padding_tablet=&#8221;15px||7.5px||false|false&#8221; custom_padding_phone=&#8221;||5px||false|false&#8221; custom_padding_last_edited=&#8221;on|phone&#8221; border_radii=&#8221;on|10px|10px|10px|10px&#8221; locked=&#8221;off&#8221; global_colors_info=&#8221;{}&#8221; theme_builder_area=&#8221;post_content&#8221;]<\/p>\n<h4>Hoher Sicherheitsstandard &#8211; Grosse Funktionalit\u00e4t &#8211; Hohe Flexibilit\u00e4t<\/h4>\n<p>[\/et_pb_text][\/et_pb_column_inner][\/et_pb_row_inner][et_pb_row_inner admin_label=&#8221;33\/33 Block&#8221; _builder_version=&#8221;4.16&#8243; custom_margin=&#8221;||||false|false&#8221; custom_padding=&#8221;0px||15px||false|false&#8221; global_colors_info=&#8221;{}&#8221; theme_builder_area=&#8221;post_content&#8221;][et_pb_column_inner saved_specialty_column_type=&#8221;2_3&#8243; _builder_version=&#8221;4.16&#8243; custom_padding=&#8221;|7.5px|||false|false&#8221; custom_padding_tablet=&#8221;|0px|||false|false&#8221; custom_padding_phone=&#8221;&#8221; custom_padding_last_edited=&#8221;on|tablet&#8221; global_colors_info=&#8221;{}&#8221; theme_builder_area=&#8221;post_content&#8221;][et_pb_image src=&#8221;https:\/\/www.systag.ch\/wp-content\/uploads\/2020\/07\/Titelbild.png&#8221; alt=&#8221;FlexyCLAVE&#8221; title_text=&#8221;FlexyCLAVE&#8221; align=&#8221;center&#8221; _builder_version=&#8221;4.16&#8243; width=&#8221;65%&#8221; max_width=&#8221;100%&#8221; module_alignment=&#8221;center&#8221; custom_margin=&#8221;|0px||0px|false|true&#8221; custom_padding=&#8221;|0px|15px|0px|false|false&#8221; locked=&#8221;off&#8221; global_colors_info=&#8221;{}&#8221; theme_builder_area=&#8221;post_content&#8221;][\/et_pb_image][\/et_pb_column_inner][\/et_pb_row_inner][et_pb_row_inner custom_padding_last_edited=&#8221;on|tablet&#8221; admin_label=&#8221;66% Block&#8221; _builder_version=&#8221;4.16&#8243; custom_margin=&#8221;||||false|false&#8221; custom_padding=&#8221;0px|7.5px|0px||false|false&#8221; custom_padding_tablet=&#8221;|0px|||false|false&#8221; custom_padding_phone=&#8221;&#8221; global_colors_info=&#8221;{}&#8221; theme_builder_area=&#8221;post_content&#8221;][et_pb_column_inner saved_specialty_column_type=&#8221;2_3&#8243; _builder_version=&#8221;4.16&#8243; global_colors_info=&#8221;{}&#8221; theme_builder_area=&#8221;post_content&#8221;][et_pb_text _builder_version=&#8221;4.16&#8243; link_font=&#8221;|600|||||||&#8221; header_4_font=&#8221;|600|||||||&#8221; background_color=&#8221;rgba(0,0,0,0)&#8221; max_height=&#8221;50px&#8221; custom_margin=&#8221;||15px||false|false&#8221; custom_margin_tablet=&#8221;|||0px|false|false&#8221; custom_margin_phone=&#8221;&#8221; custom_margin_last_edited=&#8221;on|tablet&#8221; custom_padding=&#8221;||||true|false&#8221; border_radii=&#8221;on|10px|10px|10px|10px&#8221; locked=&#8221;off&#8221; global_colors_info=&#8221;{}&#8221; theme_builder_area=&#8221;post_content&#8221;]<\/p>\n<h4>Hydrierl\u00f6sung mit Rezeptsteuerung<\/h4>\n<p>[\/et_pb_text][\/et_pb_column_inner][\/et_pb_row_inner][et_pb_row_inner custom_padding_last_edited=&#8221;on|tablet&#8221; admin_label=&#8221;33\/33 Block&#8221; _builder_version=&#8221;4.16&#8243; custom_margin=&#8221;||||false|false&#8221; custom_padding=&#8221;0px|7.5px|0px||false|false&#8221; custom_padding_tablet=&#8221;|0px|||false|false&#8221; custom_padding_phone=&#8221;&#8221; global_colors_info=&#8221;{}&#8221; theme_builder_area=&#8221;post_content&#8221;][et_pb_column_inner saved_specialty_column_type=&#8221;2_3&#8243; _builder_version=&#8221;4.16&#8243; custom_padding=&#8221;|7.5px|||false|false&#8221; custom_padding_tablet=&#8221;||||false|false&#8221; custom_padding_phone=&#8221;&#8221; custom_padding_last_edited=&#8221;on|tablet&#8221; global_colors_info=&#8221;{}&#8221; theme_builder_area=&#8221;post_content&#8221;][et_pb_text _builder_version=&#8221;4.16&#8243; text_text_color=&#8221;#000000&#8243; text_line_height=&#8221;1.5em&#8221; header_3_text_color=&#8221;#e02b20&#8243; header_3_font_size=&#8221;1.5em&#8221; header_3_line_height=&#8221;1.2em&#8221; header_4_font=&#8221;|600|||||||&#8221; background_enable_color=&#8221;off&#8221; custom_padding=&#8221;0px|15px|0px||true|false&#8221; custom_padding_tablet=&#8221;||15px|0px|false|false&#8221; custom_padding_phone=&#8221;&#8221; custom_padding_last_edited=&#8221;on|phone&#8221; global_colors_info=&#8221;{}&#8221; theme_builder_area=&#8221;post_content&#8221;]<\/p>\n<p>FlexyCLAVE ist eine vollautomatische Turn-Key L\u00f6sung f\u00fcr Hydrierungen und andere Gasreaktionen. Zus\u00e4tzlich zu den Standardfunktionen wie Temperatur- und R\u00fchrersteuerung beinhaltet der FlexyCLAVE eine automatische Gasaustausch-Funktion und gesteuerte Gasdosierung. Der intuitive Rezeptmodus steuert alle Peripherieger\u00e4te eines Reaktors. Beispiele hierf\u00fcr sind Thermostat, R\u00fchrer, Pumpen und Waagen.<\/p>\n<p>[\/et_pb_text][\/et_pb_column_inner][\/et_pb_row_inner][et_pb_row_inner column_structure=&#8221;1_2,1_2&#8243; _builder_version=&#8221;4.16&#8243; global_colors_info=&#8221;{}&#8221; theme_builder_area=&#8221;post_content&#8221;][et_pb_column_inner type=&#8221;1_2&#8243; saved_specialty_column_type=&#8221;2_3&#8243; _builder_version=&#8221;4.16&#8243; global_colors_info=&#8221;{}&#8221; theme_builder_area=&#8221;post_content&#8221;][et_pb_text _builder_version=&#8221;4.16&#8243; text_font=&#8221;|700|||||||&#8221; global_colors_info=&#8221;{}&#8221; theme_builder_area=&#8221;post_content&#8221;]Einfacher Scale-Up dank Reproduzierbarkeit [\/et_pb_text][et_pb_text _builder_version=&#8221;4.16&#8243; text_text_color=&#8221;#000000&#8243; global_colors_info=&#8221;{}&#8221; theme_builder_area=&#8221;post_content&#8221;]Vordefinierte Prozessschritte garantieren eine reproduzierbare und sichere Hydrierung. Hierdurch vereinfacht sich der Scale-Up in das Kilolabor deutlich. [\/et_pb_text][et_pb_divider show_divider=&#8221;off&#8221; _builder_version=&#8221;4.16&#8243; global_colors_info=&#8221;{}&#8221; theme_builder_area=&#8221;post_content&#8221;][\/et_pb_divider][et_pb_text _builder_version=&#8221;4.16&#8243; text_font=&#8221;|700|||||||&#8221; global_colors_info=&#8221;{}&#8221; theme_builder_area=&#8221;post_content&#8221;]Sicherheit[\/et_pb_text][et_pb_text _builder_version=&#8221;4.16&#8243; text_text_color=&#8221;#000000&#8243; global_colors_info=&#8221;{}&#8221; theme_builder_area=&#8221;post_content&#8221;]Alarm- und \u00dcberwachungsfunktionen erlauben unbeaufsichtigte Versuche dank Leckagetests und Gasschn\u00fcffler. [\/et_pb_text][\/et_pb_column_inner][et_pb_column_inner type=&#8221;1_2&#8243; saved_specialty_column_type=&#8221;2_3&#8243; _builder_version=&#8221;4.16&#8243; global_colors_info=&#8221;{}&#8221; theme_builder_area=&#8221;post_content&#8221;][et_pb_text _builder_version=&#8221;4.16&#8243; text_font=&#8221;|700|||||||&#8221; text_text_color=&#8221;#555665&#8243; header_text_color=&#8221;#000000&#8243; global_colors_info=&#8221;{}&#8221; theme_builder_area=&#8221;post_content&#8221;]Nachvollziehbarkeit[\/et_pb_text][et_pb_text _builder_version=&#8221;4.16&#8243; text_text_color=&#8221;#000000&#8243; header_text_color=&#8221;#000000&#8243; global_colors_info=&#8221;{}&#8221; theme_builder_area=&#8221;post_content&#8221;]<\/p>\n<p>Alle Prozessparameter, manuelle Eingriffe und Ergebnisse werden nahtlos aufgezeichnet und gespeichert. Falls ben\u00f6tigt kann der Prozess auch nach CFR 21 part 11 durchgef\u00fchrt werden und die Daten in ein ELN exportiert werden.<\/p>\n<p>[\/et_pb_text][\/et_pb_column_inner][\/et_pb_row_inner][\/et_pb_column][et_pb_column type=&#8221;1_3&#8243; _builder_version=&#8221;4.16&#8243; custom_padding=&#8221;|||&#8221; global_colors_info=&#8221;{}&#8221; custom_padding__hover=&#8221;|||&#8221; theme_builder_area=&#8221;post_content&#8221;][et_pb_text admin_label=&#8221;Titelbalken dunkelgrau&#8221; _builder_version=&#8221;4.16&#8243; text_text_color=&#8221;#ffffff&#8221; header_3_font=&#8221;|600|||||||&#8221; header_3_text_color=&#8221;#555665&#8243; background_color=&#8221;#bfc2c8&#8243; width=&#8221;100%&#8221; max_height=&#8221;50px&#8221; custom_margin=&#8221;||15px||false|false&#8221; custom_margin_tablet=&#8221;15px|||0px|false|false&#8221; custom_margin_phone=&#8221;&#8221; custom_margin_last_edited=&#8221;on|desktop&#8221; custom_padding=&#8221;15px||15px|15px|true|false&#8221; border_radii=&#8221;on|10px|10px|10px|10px&#8221; global_colors_info=&#8221;{}&#8221; theme_builder_area=&#8221;post_content&#8221;]<\/p>\n<h3>Flyer herunterladen<\/h3>\n<p>[\/et_pb_text][et_pb_image src=&#8221;https:\/\/www.systag.ch\/wp-content\/uploads\/2020\/07\/Vorschaubild-FlexyCLAVE.png&#8221; alt=&#8221;Vorschaubild FlexyCLAVE&#8221; title_text=&#8221;Vorschaubild FlexyCLAVE&#8221; url=&#8221;@ET-DC@eyJkeW5hbWljIjp0cnVlLCJjb250ZW50IjoicG9zdF9saW5rX3VybF9hdHRhY2htZW50Iiwic2V0dGluZ3MiOnsicG9zdF9pZCI6IjczODEifX0=@&#8221; url_new_window=&#8221;on&#8221; _builder_version=&#8221;4.18.0&#8243; _dynamic_attributes=&#8221;url&#8221; width=&#8221;100%&#8221; custom_margin=&#8221;||15px||false|false&#8221; border_width_all=&#8221;1px&#8221; border_color_all=&#8221;#000000&#8243; global_colors_info=&#8221;{}&#8221; theme_builder_area=&#8221;post_content&#8221;][\/et_pb_image][et_pb_text admin_label=&#8221;Titelbalken dunkelgrau&#8221; _builder_version=&#8221;4.16&#8243; text_text_color=&#8221;#ffffff&#8221; link_font=&#8221;||||||||&#8221; link_text_color=&#8221;#ffffff&#8221; header_3_font=&#8221;|600|||||||&#8221; header_3_text_color=&#8221;#ffffff&#8221; background_color=&#8221;#555665&#8243; width=&#8221;100%&#8221; max_height=&#8221;50px&#8221; custom_margin=&#8221;||||false|false&#8221; custom_margin_tablet=&#8221;15px|||0px|false|false&#8221; custom_margin_phone=&#8221;&#8221; custom_margin_last_edited=&#8221;on|desktop&#8221; custom_padding=&#8221;15px||15px|15px|true|false&#8221; border_radii=&#8221;on|10px|10px|10px|10px&#8221; locked=&#8221;off&#8221; global_colors_info=&#8221;{}&#8221; theme_builder_area=&#8221;post_content&#8221;]<\/p>\n<h3><a href=\"mailto:infos@systag.ch\">Infos jetzt anfragen<\/a><\/h3>\n<p>[\/et_pb_text][et_pb_text _builder_version=&#8221;4.16&#8243; text_text_color=&#8221;#000000&#8243; text_line_height=&#8221;1.5em&#8221; header_3_text_color=&#8221;#e02b20&#8243; header_3_font_size=&#8221;1.5em&#8221; header_3_line_height=&#8221;1.2em&#8221; background_enable_color=&#8221;off&#8221; custom_margin=&#8221;||||false|false&#8221; custom_margin_tablet=&#8221;|||0px|false|false&#8221; custom_margin_phone=&#8221;&#8221; custom_margin_last_edited=&#8221;on|tablet&#8221; custom_padding=&#8221;15px||15px|0px|true|false&#8221; locked=&#8221;off&#8221; global_colors_info=&#8221;{}&#8221; theme_builder_area=&#8221;post_content&#8221;]<\/p>\n<p><a href=\"mailto:infos@systag.ch\">E-Mail<\/a> oder <a href=\"tel:+41447045454\">SYSTAG anrufen<\/a>.<\/p>\n<p>[\/et_pb_text][\/et_pb_column][\/et_pb_section]<\/p>\n","protected":false},"excerpt":{"rendered":"<p>FlexyCLAVE &#8211; Automatisierte Hydrierl\u00f6sung f\u00fcr verschiedene Reaktorgr\u00f6ssenHoher Sicherheitsstandard &#8211; Grosse Funktionalit\u00e4t &#8211; Hohe Flexibilit\u00e4tHydrierl\u00f6sung mit RezeptsteuerungFlexyCLAVE ist eine vollautomatische Turn-Key L\u00f6sung f\u00fcr Hydrierungen und andere Gasreaktionen. Zus\u00e4tzlich zu den Standardfunktionen [&hellip;]<\/p>\n","protected":false},"author":3,"featured_media":0,"parent":4949,"menu_order":27,"comment_status":"closed","ping_status":"closed","template":"","meta":{"_et_pb_use_builder":"on","_et_pb_old_content":"","_et_gb_content_width":"","footnotes":""},"class_list":["post-6439","page","type-page","status-publish","hentry"],"yoast_head":"<!-- This site is optimized with the Yoast SEO plugin v25.6 - https:\/\/yoast.com\/wordpress\/plugins\/seo\/ -->\n<title>FlexyCLAVE - SYSTAG, System Technik AG<\/title>\n<meta name=\"robots\" content=\"index, follow, max-snippet:-1, max-image-preview:large, max-video-preview:-1\" \/>\n<link rel=\"canonical\" href=\"https:\/\/www.systag.ch\/de\/labor-reaktor-systeme\/produkte\/automatisierte-labor-reaktoren-und-kalorimetrie\/flexyclave\/\" \/>\n<meta property=\"og:locale\" content=\"de_DE\" \/>\n<meta property=\"og:type\" content=\"article\" \/>\n<meta property=\"og:title\" content=\"FlexyCLAVE - SYSTAG, System Technik AG\" \/>\n<meta property=\"og:description\" content=\"FlexyCLAVE - Automatisierte Hydrierl\u00f6sung f\u00fcr verschiedene Reaktorgr\u00f6ssenHoher Sicherheitsstandard - Grosse Funktionalit\u00e4t - Hohe Flexibilit\u00e4tHydrierl\u00f6sung mit RezeptsteuerungFlexyCLAVE ist eine vollautomatische Turn-Key L\u00f6sung f\u00fcr Hydrierungen und andere Gasreaktionen. Zus\u00e4tzlich zu den Standardfunktionen [&hellip;]\" \/>\n<meta property=\"og:url\" content=\"https:\/\/www.systag.ch\/de\/labor-reaktor-systeme\/produkte\/automatisierte-labor-reaktoren-und-kalorimetrie\/flexyclave\/\" \/>\n<meta property=\"og:site_name\" content=\"SYSTAG, System Technik AG\" \/>\n<meta property=\"article:modified_time\" content=\"2023-07-06T09:18:08+00:00\" \/>\n<meta name=\"twitter:card\" content=\"summary_large_image\" \/>\n<meta name=\"twitter:label1\" content=\"Gesch\u00e4tzte Lesezeit\" \/>\n\t<meta name=\"twitter:data1\" content=\"8 Minuten\" \/>\n<script type=\"application\/ld+json\" class=\"yoast-schema-graph\">{\"@context\":\"https:\/\/schema.org\",\"@graph\":[{\"@type\":\"WebPage\",\"@id\":\"https:\/\/www.systag.ch\/de\/labor-reaktor-systeme\/produkte\/automatisierte-labor-reaktoren-und-kalorimetrie\/flexyclave\/\",\"url\":\"https:\/\/www.systag.ch\/de\/labor-reaktor-systeme\/produkte\/automatisierte-labor-reaktoren-und-kalorimetrie\/flexyclave\/\",\"name\":\"FlexyCLAVE - SYSTAG, System Technik AG\",\"isPartOf\":{\"@id\":\"https:\/\/www.systag.ch\/de\/#website\"},\"datePublished\":\"2020-07-17T09:19:37+00:00\",\"dateModified\":\"2023-07-06T09:18:08+00:00\",\"breadcrumb\":{\"@id\":\"https:\/\/www.systag.ch\/de\/labor-reaktor-systeme\/produkte\/automatisierte-labor-reaktoren-und-kalorimetrie\/flexyclave\/#breadcrumb\"},\"inLanguage\":\"de-CH\",\"potentialAction\":[{\"@type\":\"ReadAction\",\"target\":[\"https:\/\/www.systag.ch\/de\/labor-reaktor-systeme\/produkte\/automatisierte-labor-reaktoren-und-kalorimetrie\/flexyclave\/\"]}]},{\"@type\":\"BreadcrumbList\",\"@id\":\"https:\/\/www.systag.ch\/de\/labor-reaktor-systeme\/produkte\/automatisierte-labor-reaktoren-und-kalorimetrie\/flexyclave\/#breadcrumb\",\"itemListElement\":[{\"@type\":\"ListItem\",\"position\":1,\"name\":\"Home\",\"item\":\"https:\/\/www.systag.ch\/de\/\"},{\"@type\":\"ListItem\",\"position\":2,\"name\":\"Labor Reaktoren &amp; Systeme\",\"item\":\"https:\/\/www.systag.ch\/de\/labor-reaktor-systeme\/\"},{\"@type\":\"ListItem\",\"position\":3,\"name\":\"Produkte\",\"item\":\"https:\/\/www.systag.ch\/de\/labor-reaktor-systeme\/produkte\/\"},{\"@type\":\"ListItem\",\"position\":4,\"name\":\"Automatische Laborreaktoren\",\"item\":\"https:\/\/www.systag.ch\/de\/labor-reaktor-systeme\/produkte\/automatisierte-labor-reaktoren-und-kalorimetrie\/\"},{\"@type\":\"ListItem\",\"position\":5,\"name\":\"FlexyCLAVE\"}]},{\"@type\":\"WebSite\",\"@id\":\"https:\/\/www.systag.ch\/de\/#website\",\"url\":\"https:\/\/www.systag.ch\/de\/\",\"name\":\"SYSTAG, System Technik AG\",\"description\":\"Automatisierte Laborsysteme und Kalorimetrie\",\"publisher\":{\"@id\":\"https:\/\/www.systag.ch\/de\/#organization\"},\"potentialAction\":[{\"@type\":\"SearchAction\",\"target\":{\"@type\":\"EntryPoint\",\"urlTemplate\":\"https:\/\/www.systag.ch\/de\/?s={search_term_string}\"},\"query-input\":{\"@type\":\"PropertyValueSpecification\",\"valueRequired\":true,\"valueName\":\"search_term_string\"}}],\"inLanguage\":\"de-CH\"},{\"@type\":\"Organization\",\"@id\":\"https:\/\/www.systag.ch\/de\/#organization\",\"name\":\"SYSTAG, System Technik AG\",\"url\":\"https:\/\/www.systag.ch\/de\/\",\"logo\":{\"@type\":\"ImageObject\",\"inLanguage\":\"de-CH\",\"@id\":\"https:\/\/www.systag.ch\/de\/#\/schema\/logo\/image\/\",\"url\":\"https:\/\/www.systag.ch\/wp-content\/uploads\/2020\/01\/logo_systag_en.png\",\"contentUrl\":\"https:\/\/www.systag.ch\/wp-content\/uploads\/2020\/01\/logo_systag_en.png\",\"width\":215,\"height\":80,\"caption\":\"SYSTAG, System Technik AG\"},\"image\":{\"@id\":\"https:\/\/www.systag.ch\/de\/#\/schema\/logo\/image\/\"}}]}<\/script>\n<!-- \/ Yoast SEO plugin. -->","yoast_head_json":{"title":"FlexyCLAVE - SYSTAG, System Technik AG","robots":{"index":"index","follow":"follow","max-snippet":"max-snippet:-1","max-image-preview":"max-image-preview:large","max-video-preview":"max-video-preview:-1"},"canonical":"https:\/\/www.systag.ch\/de\/labor-reaktor-systeme\/produkte\/automatisierte-labor-reaktoren-und-kalorimetrie\/flexyclave\/","og_locale":"de_DE","og_type":"article","og_title":"FlexyCLAVE - SYSTAG, System Technik AG","og_description":"FlexyCLAVE - Automatisierte Hydrierl\u00f6sung f\u00fcr verschiedene Reaktorgr\u00f6ssenHoher Sicherheitsstandard - Grosse Funktionalit\u00e4t - Hohe Flexibilit\u00e4tHydrierl\u00f6sung mit RezeptsteuerungFlexyCLAVE ist eine vollautomatische Turn-Key L\u00f6sung f\u00fcr Hydrierungen und andere Gasreaktionen. Zus\u00e4tzlich zu den Standardfunktionen [&hellip;]","og_url":"https:\/\/www.systag.ch\/de\/labor-reaktor-systeme\/produkte\/automatisierte-labor-reaktoren-und-kalorimetrie\/flexyclave\/","og_site_name":"SYSTAG, System Technik AG","article_modified_time":"2023-07-06T09:18:08+00:00","twitter_card":"summary_large_image","twitter_misc":{"Gesch\u00e4tzte Lesezeit":"8 Minuten"},"schema":{"@context":"https:\/\/schema.org","@graph":[{"@type":"WebPage","@id":"https:\/\/www.systag.ch\/de\/labor-reaktor-systeme\/produkte\/automatisierte-labor-reaktoren-und-kalorimetrie\/flexyclave\/","url":"https:\/\/www.systag.ch\/de\/labor-reaktor-systeme\/produkte\/automatisierte-labor-reaktoren-und-kalorimetrie\/flexyclave\/","name":"FlexyCLAVE - SYSTAG, System Technik AG","isPartOf":{"@id":"https:\/\/www.systag.ch\/de\/#website"},"datePublished":"2020-07-17T09:19:37+00:00","dateModified":"2023-07-06T09:18:08+00:00","breadcrumb":{"@id":"https:\/\/www.systag.ch\/de\/labor-reaktor-systeme\/produkte\/automatisierte-labor-reaktoren-und-kalorimetrie\/flexyclave\/#breadcrumb"},"inLanguage":"de-CH","potentialAction":[{"@type":"ReadAction","target":["https:\/\/www.systag.ch\/de\/labor-reaktor-systeme\/produkte\/automatisierte-labor-reaktoren-und-kalorimetrie\/flexyclave\/"]}]},{"@type":"BreadcrumbList","@id":"https:\/\/www.systag.ch\/de\/labor-reaktor-systeme\/produkte\/automatisierte-labor-reaktoren-und-kalorimetrie\/flexyclave\/#breadcrumb","itemListElement":[{"@type":"ListItem","position":1,"name":"Home","item":"https:\/\/www.systag.ch\/de\/"},{"@type":"ListItem","position":2,"name":"Labor Reaktoren &amp; Systeme","item":"https:\/\/www.systag.ch\/de\/labor-reaktor-systeme\/"},{"@type":"ListItem","position":3,"name":"Produkte","item":"https:\/\/www.systag.ch\/de\/labor-reaktor-systeme\/produkte\/"},{"@type":"ListItem","position":4,"name":"Automatische Laborreaktoren","item":"https:\/\/www.systag.ch\/de\/labor-reaktor-systeme\/produkte\/automatisierte-labor-reaktoren-und-kalorimetrie\/"},{"@type":"ListItem","position":5,"name":"FlexyCLAVE"}]},{"@type":"WebSite","@id":"https:\/\/www.systag.ch\/de\/#website","url":"https:\/\/www.systag.ch\/de\/","name":"SYSTAG, System Technik AG","description":"Automatisierte Laborsysteme und Kalorimetrie","publisher":{"@id":"https:\/\/www.systag.ch\/de\/#organization"},"potentialAction":[{"@type":"SearchAction","target":{"@type":"EntryPoint","urlTemplate":"https:\/\/www.systag.ch\/de\/?s={search_term_string}"},"query-input":{"@type":"PropertyValueSpecification","valueRequired":true,"valueName":"search_term_string"}}],"inLanguage":"de-CH"},{"@type":"Organization","@id":"https:\/\/www.systag.ch\/de\/#organization","name":"SYSTAG, System Technik AG","url":"https:\/\/www.systag.ch\/de\/","logo":{"@type":"ImageObject","inLanguage":"de-CH","@id":"https:\/\/www.systag.ch\/de\/#\/schema\/logo\/image\/","url":"https:\/\/www.systag.ch\/wp-content\/uploads\/2020\/01\/logo_systag_en.png","contentUrl":"https:\/\/www.systag.ch\/wp-content\/uploads\/2020\/01\/logo_systag_en.png","width":215,"height":80,"caption":"SYSTAG, System Technik AG"},"image":{"@id":"https:\/\/www.systag.ch\/de\/#\/schema\/logo\/image\/"}}]}},"_links":{"self":[{"href":"https:\/\/www.systag.ch\/de\/wp-json\/wp\/v2\/pages\/6439"}],"collection":[{"href":"https:\/\/www.systag.ch\/de\/wp-json\/wp\/v2\/pages"}],"about":[{"href":"https:\/\/www.systag.ch\/de\/wp-json\/wp\/v2\/types\/page"}],"author":[{"embeddable":true,"href":"https:\/\/www.systag.ch\/de\/wp-json\/wp\/v2\/users\/3"}],"replies":[{"embeddable":true,"href":"https:\/\/www.systag.ch\/de\/wp-json\/wp\/v2\/comments?post=6439"}],"version-history":[{"count":6,"href":"https:\/\/www.systag.ch\/de\/wp-json\/wp\/v2\/pages\/6439\/revisions"}],"predecessor-version":[{"id":7861,"href":"https:\/\/www.systag.ch\/de\/wp-json\/wp\/v2\/pages\/6439\/revisions\/7861"}],"up":[{"embeddable":true,"href":"https:\/\/www.systag.ch\/de\/wp-json\/wp\/v2\/pages\/4949"}],"wp:attachment":[{"href":"https:\/\/www.systag.ch\/de\/wp-json\/wp\/v2\/media?parent=6439"}],"curies":[{"name":"wp","href":"https:\/\/api.w.org\/{rel}","templated":true}]}}