{"id":5317,"date":"2020-02-02T16:43:06","date_gmt":"2020-02-02T15:43:06","guid":{"rendered":"https:\/\/www.systag.ch\/labor-reaktor-systeme\/produkte\/thermische-prozess-sicherheit\/sysgraph\/"},"modified":"2026-01-23T14:10:31","modified_gmt":"2026-01-23T13:10:31","slug":"sysgraph","status":"publish","type":"page","link":"https:\/\/www.systag.ch\/de\/labor-reaktor-systeme\/produkte\/thermische-prozess-sicherheit\/sysgraph\/","title":{"rendered":"SysGraph"},"content":{"rendered":"<p>[et_pb_section fb_built=&#8221;1&#8243; admin_label=&#8221;EN Section&#8221; _builder_version=&#8221;4.27.4&#8243; width=&#8221;90%&#8221; module_alignment=&#8221;center&#8221; custom_padding=&#8221;0px||0px|||&#8221; global_module=&#8221;4525&#8243; saved_tabs=&#8221;all&#8221; global_colors_info=&#8221;{}&#8221;][et_pb_row use_custom_gutter=&#8221;on&#8221; gutter_width=&#8221;1&#8243; make_equal=&#8221;on&#8221; _builder_version=&#8221;4.16&#8243; width=&#8221;100%&#8221; max_width=&#8221;1366px&#8221; custom_margin=&#8221;||||false|false&#8221; custom_padding=&#8221;15px||||false|false&#8221; global_colors_info=&#8221;{}&#8221;][et_pb_column type=&#8221;4_4&#8243; _builder_version=&#8221;4.16&#8243; global_colors_info=&#8221;{}&#8221;][et_pb_text _builder_version=&#8221;4.16&#8243; text_font=&#8221;|700|||||||&#8221; text_text_color=&#8221;#ffffff&#8221; header_3_text_color=&#8221;#ffffff&#8221; background_color=&#8221;#555665&#8243; max_height=&#8221;50px&#8221; max_height_tablet=&#8221;50px&#8221; max_height_phone=&#8221;&#8221; max_height_last_edited=&#8221;on|phone&#8221; custom_margin=&#8221;||-10px||false|false&#8221; custom_margin_tablet=&#8221;|||0px|false|false&#8221; custom_margin_phone=&#8221;&#8221; custom_margin_last_edited=&#8221;on|tablet&#8221; custom_padding=&#8221;15px||15px|15px|true|false&#8221; custom_padding_tablet=&#8221;15px||10px||false|false&#8221; custom_padding_phone=&#8221;|15px|5px||false|false&#8221; custom_padding_last_edited=&#8221;on|phone&#8221; border_radii=&#8221;on|10px|10px|10px|10px&#8221; global_colors_info=&#8221;{}&#8221;]<\/p>\n<h3>SysGraph \u2013 Thermische Prozess-Sicherheit visualisiert<\/h3>\n<p>[\/et_pb_text][\/et_pb_column][\/et_pb_row][\/et_pb_section][et_pb_section fb_built=&#8221;1&#8243; use_custom_gutter=&#8221;on&#8221; gutter_width=&#8221;1&#8243; specialty=&#8221;on&#8221; padding_right_1=&#8221;7.5px&#8221; padding_left_2=&#8221;7.5px&#8221; padding_top_bottom_link_1=&#8221;false&#8221; padding_top_bottom_link_2=&#8221;false&#8221; padding_left_right_link_1=&#8221;false&#8221; padding_left_right_link_2=&#8221;false&#8221; padding_1_tablet=&#8221;|0px|||false|false&#8221; padding_2_tablet=&#8221;|||0px|false|false&#8221; padding_1_phone=&#8221;|0px|||false|false&#8221; padding_2_phone=&#8221;|||0px|false|false&#8221; padding_1_last_edited=&#8221;on|tablet&#8221; padding_2_last_edited=&#8221;on|desktop&#8221; admin_label=&#8221;Spezial 66\/33 darunter Variabel\/33&#8243; _builder_version=&#8221;4.27.4&#8243; width=&#8221;90%&#8221; max_width=&#8221;1366px&#8221; module_alignment=&#8221;center&#8221; inner_width=&#8221;100%&#8221; inner_max_width=&#8221;1366px&#8221; inner_module_alignment=&#8221;center&#8221; custom_margin=&#8221;||||false|false&#8221; custom_padding=&#8221;0px||0px|0px||&#8221; global_module=&#8221;4528&#8243; saved_tabs=&#8221;all&#8221; global_colors_info=&#8221;{}&#8221;][et_pb_column type=&#8221;2_3&#8243; specialty_columns=&#8221;2&#8243; _builder_version=&#8221;4.16&#8243; custom_padding=&#8221;|||&#8221; global_colors_info=&#8221;{}&#8221; custom_padding__hover=&#8221;|||&#8221;][et_pb_row_inner custom_padding_last_edited=&#8221;on|tablet&#8221; admin_label=&#8221;66% Block&#8221; _builder_version=&#8221;4.16&#8243; custom_margin=&#8221;||||false|false&#8221; custom_padding=&#8221;0px||0px||false|false&#8221; custom_padding_tablet=&#8221;|0px|||false|false&#8221; custom_padding_phone=&#8221;&#8221; global_colors_info=&#8221;{}&#8221;][et_pb_column_inner saved_specialty_column_type=&#8221;2_3&#8243; _builder_version=&#8221;4.16&#8243; global_colors_info=&#8221;{}&#8221;][et_pb_text admin_label=&#8221;Titelbalken dunkelgrau&#8221; _builder_version=&#8221;4.27.5&#8243; text_font=&#8221;|700|||||||&#8221; header_3_font=&#8221;|600|||||||&#8221; header_3_text_color=&#8221;#555665&#8243; header_3_line_height=&#8221;1.1em&#8221; background_color=&#8221;#bfc2c8&#8243; width=&#8221;100%&#8221; max_height=&#8221;50px&#8221; max_height_tablet=&#8221;&#8221; max_height_phone=&#8221;75px&#8221; max_height_last_edited=&#8221;on|tablet&#8221; custom_margin=&#8221;||||false|false&#8221; custom_margin_tablet=&#8221;|||0px|false|false&#8221; custom_margin_phone=&#8221;&#8221; custom_margin_last_edited=&#8221;on|tablet&#8221; custom_padding=&#8221;15px|15px|15px|15px|true|true&#8221; custom_padding_tablet=&#8221;||5px||false|true&#8221; custom_padding_phone=&#8221;&#8221; custom_padding_last_edited=&#8221;on|phone&#8221; border_radii=&#8221;on|10px|10px|10px|10px&#8221; global_colors_info=&#8221;{}&#8221;]<\/p>\n<h3>Optimierung &#8211; Sicherheitsuntersuchung &#8211; ScaleUp &#8211; PAT<\/h3>\n<p>[\/et_pb_text][et_pb_text _builder_version=&#8221;4.27.5&#8243; text_text_color=&#8221;#000000&#8243; text_line_height=&#8221;1.5em&#8221; header_3_text_color=&#8221;#e02b20&#8243; header_3_font_size=&#8221;1.5em&#8221; header_3_line_height=&#8221;1.2em&#8221; header_4_font=&#8221;|600|||||||&#8221; background_enable_color=&#8221;off&#8221; custom_margin=&#8221;15px||||false|false&#8221; custom_padding=&#8221;||||false|false&#8221; custom_padding_tablet=&#8221;|||0px|false|false&#8221; custom_padding_phone=&#8221;&#8221; custom_padding_last_edited=&#8221;on|tablet&#8221; global_colors_info=&#8221;{}&#8221;]<\/p>\n<ul>\n<li>Einzigartige Auswertesoftware f\u00fcr die thermische Analyse und Reaktions-Kalorimetrie<\/li>\n<li>Geeignet f\u00fcr isotherme, isoperibole, dynamische und adiabatische Auswertungen<\/li>\n<li>Visualisiert thermische Risiken<\/li>\n<\/ul>\n<h4>\u00dcberlassen Sie die Sicherheit nicht dem Zufall<\/h4>\n<p>[\/et_pb_text][\/et_pb_column_inner][\/et_pb_row_inner][et_pb_row_inner column_structure=&#8221;1_2,1_2&#8243; admin_label=&#8221;33\/33 Block&#8221; _builder_version=&#8221;4.16&#8243; custom_margin=&#8221;||||false|false&#8221; custom_padding=&#8221;0px|15px|0px||false|false&#8221; global_colors_info=&#8221;{}&#8221;][et_pb_column_inner type=&#8221;1_2&#8243; saved_specialty_column_type=&#8221;2_3&#8243; _builder_version=&#8221;4.16&#8243; custom_padding=&#8221;|7.5px|||false|false&#8221; custom_padding_tablet=&#8221;|0px|||false|false&#8221; custom_padding_phone=&#8221;&#8221; custom_padding_last_edited=&#8221;on|tablet&#8221; global_colors_info=&#8221;{}&#8221;][et_pb_text _builder_version=&#8221;4.27.5&#8243; text_text_color=&#8221;#000000&#8243; text_line_height=&#8221;1.5em&#8221; header_3_text_color=&#8221;#e02b20&#8243; header_3_font_size=&#8221;1.5em&#8221; header_3_line_height=&#8221;1.2em&#8221; background_enable_color=&#8221;off&#8221; custom_padding=&#8221;0px|15px|0px||true|false&#8221; custom_padding_tablet=&#8221;||15px|0px|false|false&#8221; custom_padding_phone=&#8221;&#8221; custom_padding_last_edited=&#8221;on|phone&#8221; global_colors_info=&#8221;{}&#8221;]<\/p>\n<p><strong>ThermoGraph<\/strong><\/p>\n<p>Als integriertes Modul, steht f\u00fcr die thermokinetische Analyse von s\u00e4mtlichen FlexyTSC Anwendungen wie RADEX und SEDEX.<\/p>\n<p>Prognosen \u00fcber die thermische Stabilit\u00e4t von chemischen Substanzen oder Reaktionsl\u00f6sungen, bis hin zu Destillationsr\u00fcckst\u00e4nden, ben\u00f6tigen eine pr\u00e4zise Bestimmung der Kinetik von m\u00f6glichen Zersetzungsreaktionen.<\/p>\n<p>F\u00fcr Lager- und Transporttests muss die Kinetik von unterschiedlichen Substanzen zuverl\u00e4ssig ermittelt werden. So wird z.B. der SADT (Self Heating Decomposition Temperature) ermittelt, um einen sichernen Transport von gebinden zu gew\u00e4hrleisten.<\/p>\n<p>TMRadia24 ist eine weitere Kennzahl zur zur Beurteilung der Kritikalit\u00e4t von Prozessen.<\/p>\n<p>Herk\u00f6mmliche Messmethoden setzen voraus, dass Zersetzungen der 1. Ordnung unterliegen. Da dies jedoch meist nicht der Fall ist, erlaubt die adiabatische Analyse, pr\u00e4zisere Aussagen.<\/p>\n<p>ThermoGraph ermittelt nebst Zersetzungsenergie und On-set Temperatur folgende, weitere Kennzahlen, aus nur einem adiabatischen Versuch:<\/p>\n<ul>\n<li>SHR (Self-heating rate)<\/li>\n<li>TMR (Time to maximum rate)<\/li>\n<li>Arrhenius-Plot<\/li>\n<li>Aktivierungsenergie<\/li>\n<\/ul>\n<p>Alle Ergebnisse werden automatisch mit phi korrigiert und k\u00f6nnen daher direkt in die Risikoanalyse einbezogen werden.<\/p>\n<p>Basislinien k\u00f6nnen entweder automatisch durch die Auswerte-Software definiert, oder anwenderspezifisch im Grafikinterface erstellt werden.<\/p>\n<p>[\/et_pb_text][\/et_pb_column_inner][et_pb_column_inner type=&#8221;1_2&#8243; saved_specialty_column_type=&#8221;2_3&#8243; _builder_version=&#8221;4.16&#8243; custom_padding=&#8221;|||7.5px|false|false&#8221; custom_padding_tablet=&#8221;|||0px|false|false&#8221; custom_padding_phone=&#8221;&#8221; custom_padding_last_edited=&#8221;on|tablet&#8221; global_colors_info=&#8221;{}&#8221;][et_pb_text _builder_version=&#8221;4.27.5&#8243; text_text_color=&#8221;#000000&#8243; text_line_height=&#8221;1.5em&#8221; header_3_text_color=&#8221;#e02b20&#8243; header_3_font_size=&#8221;1.5em&#8221; header_3_line_height=&#8221;1.2em&#8221; background_enable_color=&#8221;off&#8221; custom_padding=&#8221;|15px|||false|false&#8221; custom_padding_tablet=&#8221;|||0px|false|false&#8221; custom_padding_phone=&#8221;&#8221; custom_padding_last_edited=&#8221;on|tablet&#8221; global_colors_info=&#8221;{}&#8221;]<\/p>\n<p><strong>KaloGraph<\/strong><\/p>\n<p>Erh\u00e4ltlich f\u00fcr konventionelle, isotherme Reaktions-Kalorimetrie, sowie in Kombination mit dem Calo2310 pro, auch f\u00fcr W\u00e4rmefluss- &amp; W\u00e4rmebilanz Auswertungen.<\/p>\n<p>Zur Sicherheitsbeurteilung von synthetischen Reaktionen, sind zuverl\u00e4ssige Resultate \u00fcber Reaktionsleistung und Reaktionsw\u00e4rme unumg\u00e4nglich. S\u00e4mtliche weiteren, sicherheitsrelevanten Aussagen, wie Scale-Up Berechnungen oder die Erstellung des Run-away-Scenario, basieren mitunter auf diesen ermittelten kalorimetrischen Gr\u00f6ssen.<\/p>\n<p>Die Etablierung eines sicheren Prozess beinhaltet auch die die Untersuchung (Risikoanalyse) unterschiedlichster Einflussparameter zur Minimierung des thermischen Risiko einer Batch- oder Semi-Batch Reaktion.<\/p>\n<p>KaloGraph visualisiert in einem \u00fcbersichtlichen Plot s\u00e4mtliche, relevanten Ergebnisse, wie:<\/p>\n<ul>\n<li>Reaktionsw\u00e4re &amp; Reaktionsleistung<\/li>\n<li>Adiabatischer Temperaturanstieg (MTSR, maximum temperature of synthesis reaction)<\/li>\n<li>Akkumulation der Reaktion<\/li>\n<li>W\u00e4rmedurchgangskoeffizient<\/li>\n<\/ul>\n<p>Die genannten Resultate sind abh\u00e4ngig von der Art der Reaktionsf\u00fchrung und k\u00f6nnen sowohl f\u00fcr den Reaktor-Term als auch f\u00fcr den Reflux-K\u00fchler bestimmt werden.<\/p>\n<p>Schnell und einfach wird ersichtlich, wie stark eine Reaktion akkumuliert und zu welcher Kritikalit\u00e4tsklasse ein Prozess zugeordnet werden muss.<\/p>\n<p>KaloGraph unterst\u00fctzt Sie bei der Optimierung hinsichtlich \u00d6konomie, Sicherheit und Kinetik.<\/p>\n<p>[\/et_pb_text][\/et_pb_column_inner][\/et_pb_row_inner][\/et_pb_column][et_pb_column type=&#8221;1_3&#8243; _builder_version=&#8221;4.16&#8243; custom_padding=&#8221;|||&#8221; global_colors_info=&#8221;{}&#8221; custom_padding__hover=&#8221;|||&#8221;][et_pb_text admin_label=&#8221;Titelbalken dunkelgrau&#8221; _builder_version=&#8221;4.27.5&#8243; text_text_color=&#8221;#ffffff&#8221; header_3_font=&#8221;|600|||||||&#8221; header_3_text_color=&#8221;#555665&#8243; background_color=&#8221;#bfc2c8&#8243; width=&#8221;100%&#8221; max_height=&#8221;50px&#8221; custom_margin=&#8221;-39px||||false|false&#8221; custom_margin_tablet=&#8221;15px|||0px|false|false&#8221; custom_margin_phone=&#8221;&#8221; custom_margin_last_edited=&#8221;on|desktop&#8221; custom_padding=&#8221;15px||15px|15px|true|false&#8221; border_radii=&#8221;on|10px|10px|10px|10px&#8221; global_colors_info=&#8221;{}&#8221;]<\/p>\n<h3>Flyer herunterladen<\/h3>\n<p>[\/et_pb_text][et_pb_image src=&#8221;https:\/\/www.systag.ch\/wp-content\/uploads\/2020\/01\/flyer_sysgraph_english-pdf.jpg&#8221; alt=&#8221;SysGraph&#8221; title_text=&#8221;SysGraph&#8221; url=&#8221;@ET-DC@eyJkeW5hbWljIjp0cnVlLCJjb250ZW50IjoicG9zdF9saW5rX3VybF9hdHRhY2htZW50Iiwic2V0dGluZ3MiOnsicG9zdF9pZCI6IjMyMzIiLCJlbmFibGVfaHRtbCI6Im9mZiJ9fQ==@&#8221; url_new_window=&#8221;on&#8221; align=&#8221;center&#8221; _builder_version=&#8221;4.16&#8243; _dynamic_attributes=&#8221;url&#8221; width=&#8221;100%&#8221; custom_margin=&#8221;15px||||false|false&#8221; custom_margin_tablet=&#8221;15px|||0px|false|false&#8221; custom_margin_phone=&#8221;&#8221; custom_margin_last_edited=&#8221;on|tablet&#8221; border_width_all=&#8221;1px&#8221; locked=&#8221;off&#8221; global_colors_info=&#8221;{}&#8221;][\/et_pb_image][et_pb_text _builder_version=&#8221;4.27.5&#8243; text_text_color=&#8221;#ffffff&#8221; link_font=&#8221;|||||||#ffffff|&#8221; link_text_color=&#8221;#ffffff&#8221; header_3_text_color=&#8221;#ffffff&#8221; background_color=&#8221;#555665&#8243; width=&#8221;100%&#8221; max_height=&#8221;50px&#8221; custom_margin=&#8221;15px||||false|false&#8221; custom_margin_tablet=&#8221;15px|||0px|false|false&#8221; custom_margin_phone=&#8221;&#8221; custom_margin_last_edited=&#8221;on|tablet&#8221; custom_padding=&#8221;15px||15px|15px|true|false&#8221; link_option_url=&#8221;mailto:infos@systag.ch&#8221; hover_enabled=&#8221;0&#8243; border_radii=&#8221;on|10px|10px|10px|10px&#8221; locked=&#8221;off&#8221; global_colors_info=&#8221;{}&#8221; sticky_enabled=&#8221;0&#8243;]<\/p>\n<h3><a href=\"mailto:infos@systag.ch\">Infos jetzt anfragen<\/a><\/h3>\n<p>[\/et_pb_text][et_pb_text _builder_version=&#8221;4.27.5&#8243; text_text_color=&#8221;#000000&#8243; text_line_height=&#8221;1.5em&#8221; header_3_text_color=&#8221;#e02b20&#8243; header_3_font_size=&#8221;1.5em&#8221; header_3_line_height=&#8221;1.2em&#8221; background_enable_color=&#8221;off&#8221; custom_margin=&#8221;||||false|false&#8221; custom_margin_tablet=&#8221;|||0px|false|false&#8221; custom_margin_phone=&#8221;&#8221; custom_margin_last_edited=&#8221;on|tablet&#8221; custom_padding=&#8221;15px||15px|0px|true|false&#8221; hover_enabled=&#8221;0&#8243; locked=&#8221;off&#8221; global_colors_info=&#8221;{}&#8221; sticky_enabled=&#8221;0&#8243;]<\/p>\n<p><a href=\"mailto:infos@systag.ch\">E-Mail<\/a> oder <a href=\"tel:+41447045454\">SYSTAG<\/a> anrufen.<\/p>\n<p>[\/et_pb_text][\/et_pb_column][\/et_pb_section]<\/p>\n","protected":false},"excerpt":{"rendered":"<p>Produkte &#8211; Thermische Prozess-Sicherheit &#8211; SysGraph<\/p>\n","protected":false},"author":2,"featured_media":3182,"parent":4995,"menu_order":30,"comment_status":"closed","ping_status":"closed","template":"","meta":{"_et_pb_use_builder":"on","_et_pb_old_content":"","_et_gb_content_width":"","footnotes":""},"class_list":["post-5317","page","type-page","status-publish","has-post-thumbnail","hentry"],"yoast_head":"<!-- This site is optimized with the Yoast SEO plugin v25.6 - https:\/\/yoast.com\/wordpress\/plugins\/seo\/ -->\n<title>SysGraph - SYSTAG, System Technik AG<\/title>\n<meta name=\"description\" content=\"SysGraph von SYSTAG: Thermische Prozess-Sicherheit visualisiert.\" \/>\n<meta name=\"robots\" content=\"index, follow, max-snippet:-1, max-image-preview:large, max-video-preview:-1\" \/>\n<link rel=\"canonical\" href=\"https:\/\/www.systag.ch\/de\/labor-reaktor-systeme\/produkte\/flexyconcept\/sysgraph\/\" \/>\n<meta property=\"og:locale\" content=\"de_DE\" \/>\n<meta property=\"og:type\" content=\"article\" \/>\n<meta property=\"og:title\" content=\"SysGraph - SYSTAG, System Technik AG\" \/>\n<meta property=\"og:description\" content=\"SysGraph von SYSTAG: Thermische Prozess-Sicherheit visualisiert.\" \/>\n<meta property=\"og:url\" content=\"https:\/\/www.systag.ch\/de\/labor-reaktor-systeme\/produkte\/flexyconcept\/sysgraph\/\" \/>\n<meta property=\"og:site_name\" content=\"SYSTAG, System Technik AG\" \/>\n<meta property=\"article:modified_time\" content=\"2026-01-23T13:10:31+00:00\" \/>\n<meta property=\"og:image\" content=\"https:\/\/www.systag.ch\/wp-content\/uploads\/2020\/01\/themenbild_tps.jpg\" \/>\n\t<meta property=\"og:image:width\" content=\"731\" \/>\n\t<meta property=\"og:image:height\" content=\"208\" \/>\n\t<meta property=\"og:image:type\" content=\"image\/jpeg\" \/>\n<meta name=\"twitter:card\" content=\"summary_large_image\" \/>\n<meta name=\"twitter:label1\" content=\"Gesch\u00e4tzte Lesezeit\" \/>\n\t<meta name=\"twitter:data1\" content=\"7 Minuten\" \/>\n<script type=\"application\/ld+json\" class=\"yoast-schema-graph\">{\"@context\":\"https:\/\/schema.org\",\"@graph\":[{\"@type\":\"WebPage\",\"@id\":\"https:\/\/www.systag.ch\/de\/labor-reaktor-systeme\/produkte\/thermische-prozess-sicherheit\/sysgraph\/\",\"url\":\"https:\/\/www.systag.ch\/de\/labor-reaktor-systeme\/produkte\/flexyconcept\/sysgraph\/\",\"name\":\"SysGraph - SYSTAG, System Technik AG\",\"isPartOf\":{\"@id\":\"https:\/\/www.systag.ch\/de\/#website\"},\"primaryImageOfPage\":{\"@id\":\"https:\/\/www.systag.ch\/de\/labor-reaktor-systeme\/produkte\/flexyconcept\/sysgraph\/#primaryimage\"},\"image\":{\"@id\":\"https:\/\/www.systag.ch\/de\/labor-reaktor-systeme\/produkte\/flexyconcept\/sysgraph\/#primaryimage\"},\"thumbnailUrl\":\"https:\/\/www.systag.ch\/wp-content\/uploads\/2020\/01\/themenbild_tps.jpg\",\"datePublished\":\"2020-02-02T15:43:06+00:00\",\"dateModified\":\"2026-01-23T13:10:31+00:00\",\"description\":\"SysGraph von SYSTAG: Thermische Prozess-Sicherheit visualisiert.\",\"breadcrumb\":{\"@id\":\"https:\/\/www.systag.ch\/de\/labor-reaktor-systeme\/produkte\/flexyconcept\/sysgraph\/#breadcrumb\"},\"inLanguage\":\"de-CH\",\"potentialAction\":[{\"@type\":\"ReadAction\",\"target\":[\"https:\/\/www.systag.ch\/de\/labor-reaktor-systeme\/produkte\/flexyconcept\/sysgraph\/\"]}]},{\"@type\":\"ImageObject\",\"inLanguage\":\"de-CH\",\"@id\":\"https:\/\/www.systag.ch\/de\/labor-reaktor-systeme\/produkte\/flexyconcept\/sysgraph\/#primaryimage\",\"url\":\"https:\/\/www.systag.ch\/wp-content\/uploads\/2020\/01\/themenbild_tps.jpg\",\"contentUrl\":\"https:\/\/www.systag.ch\/wp-content\/uploads\/2020\/01\/themenbild_tps.jpg\",\"width\":731,\"height\":208},{\"@type\":\"BreadcrumbList\",\"@id\":\"https:\/\/www.systag.ch\/de\/labor-reaktor-systeme\/produkte\/flexyconcept\/sysgraph\/#breadcrumb\",\"itemListElement\":[{\"@type\":\"ListItem\",\"position\":1,\"name\":\"Home\",\"item\":\"https:\/\/www.systag.ch\/de\/\"},{\"@type\":\"ListItem\",\"position\":2,\"name\":\"Labor Reaktoren &amp; Systeme\",\"item\":\"https:\/\/www.systag.ch\/de\/labor-reaktor-systeme\/\"},{\"@type\":\"ListItem\",\"position\":3,\"name\":\"Produkte\",\"item\":\"https:\/\/www.systag.ch\/de\/labor-reaktor-systeme\/produkte\/\"},{\"@type\":\"ListItem\",\"position\":4,\"name\":\"Thermische Prozesssicherheit\",\"item\":\"https:\/\/www.systag.ch\/de\/labor-reaktor-systeme\/produkte\/thermische-prozess-sicherheit\/\"},{\"@type\":\"ListItem\",\"position\":5,\"name\":\"SysGraph\"}]},{\"@type\":\"WebSite\",\"@id\":\"https:\/\/www.systag.ch\/de\/#website\",\"url\":\"https:\/\/www.systag.ch\/de\/\",\"name\":\"SYSTAG, System Technik AG\",\"description\":\"Automatisierte Laborsysteme und Kalorimetrie\",\"publisher\":{\"@id\":\"https:\/\/www.systag.ch\/de\/#organization\"},\"potentialAction\":[{\"@type\":\"SearchAction\",\"target\":{\"@type\":\"EntryPoint\",\"urlTemplate\":\"https:\/\/www.systag.ch\/de\/?s={search_term_string}\"},\"query-input\":{\"@type\":\"PropertyValueSpecification\",\"valueRequired\":true,\"valueName\":\"search_term_string\"}}],\"inLanguage\":\"de-CH\"},{\"@type\":\"Organization\",\"@id\":\"https:\/\/www.systag.ch\/de\/#organization\",\"name\":\"SYSTAG, System Technik AG\",\"url\":\"https:\/\/www.systag.ch\/de\/\",\"logo\":{\"@type\":\"ImageObject\",\"inLanguage\":\"de-CH\",\"@id\":\"https:\/\/www.systag.ch\/de\/#\/schema\/logo\/image\/\",\"url\":\"https:\/\/www.systag.ch\/wp-content\/uploads\/2020\/01\/logo_systag_en.png\",\"contentUrl\":\"https:\/\/www.systag.ch\/wp-content\/uploads\/2020\/01\/logo_systag_en.png\",\"width\":215,\"height\":80,\"caption\":\"SYSTAG, System Technik AG\"},\"image\":{\"@id\":\"https:\/\/www.systag.ch\/de\/#\/schema\/logo\/image\/\"}}]}<\/script>\n<!-- \/ Yoast SEO plugin. -->","yoast_head_json":{"title":"SysGraph - SYSTAG, System Technik AG","description":"SysGraph von SYSTAG: Thermische Prozess-Sicherheit visualisiert.","robots":{"index":"index","follow":"follow","max-snippet":"max-snippet:-1","max-image-preview":"max-image-preview:large","max-video-preview":"max-video-preview:-1"},"canonical":"https:\/\/www.systag.ch\/de\/labor-reaktor-systeme\/produkte\/flexyconcept\/sysgraph\/","og_locale":"de_DE","og_type":"article","og_title":"SysGraph - SYSTAG, System Technik AG","og_description":"SysGraph von SYSTAG: Thermische Prozess-Sicherheit visualisiert.","og_url":"https:\/\/www.systag.ch\/de\/labor-reaktor-systeme\/produkte\/flexyconcept\/sysgraph\/","og_site_name":"SYSTAG, System Technik AG","article_modified_time":"2026-01-23T13:10:31+00:00","og_image":[{"width":731,"height":208,"url":"https:\/\/www.systag.ch\/wp-content\/uploads\/2020\/01\/themenbild_tps.jpg","type":"image\/jpeg"}],"twitter_card":"summary_large_image","twitter_misc":{"Gesch\u00e4tzte Lesezeit":"7 Minuten"},"schema":{"@context":"https:\/\/schema.org","@graph":[{"@type":"WebPage","@id":"https:\/\/www.systag.ch\/de\/labor-reaktor-systeme\/produkte\/thermische-prozess-sicherheit\/sysgraph\/","url":"https:\/\/www.systag.ch\/de\/labor-reaktor-systeme\/produkte\/flexyconcept\/sysgraph\/","name":"SysGraph - SYSTAG, System Technik AG","isPartOf":{"@id":"https:\/\/www.systag.ch\/de\/#website"},"primaryImageOfPage":{"@id":"https:\/\/www.systag.ch\/de\/labor-reaktor-systeme\/produkte\/flexyconcept\/sysgraph\/#primaryimage"},"image":{"@id":"https:\/\/www.systag.ch\/de\/labor-reaktor-systeme\/produkte\/flexyconcept\/sysgraph\/#primaryimage"},"thumbnailUrl":"https:\/\/www.systag.ch\/wp-content\/uploads\/2020\/01\/themenbild_tps.jpg","datePublished":"2020-02-02T15:43:06+00:00","dateModified":"2026-01-23T13:10:31+00:00","description":"SysGraph von SYSTAG: Thermische Prozess-Sicherheit visualisiert.","breadcrumb":{"@id":"https:\/\/www.systag.ch\/de\/labor-reaktor-systeme\/produkte\/flexyconcept\/sysgraph\/#breadcrumb"},"inLanguage":"de-CH","potentialAction":[{"@type":"ReadAction","target":["https:\/\/www.systag.ch\/de\/labor-reaktor-systeme\/produkte\/flexyconcept\/sysgraph\/"]}]},{"@type":"ImageObject","inLanguage":"de-CH","@id":"https:\/\/www.systag.ch\/de\/labor-reaktor-systeme\/produkte\/flexyconcept\/sysgraph\/#primaryimage","url":"https:\/\/www.systag.ch\/wp-content\/uploads\/2020\/01\/themenbild_tps.jpg","contentUrl":"https:\/\/www.systag.ch\/wp-content\/uploads\/2020\/01\/themenbild_tps.jpg","width":731,"height":208},{"@type":"BreadcrumbList","@id":"https:\/\/www.systag.ch\/de\/labor-reaktor-systeme\/produkte\/flexyconcept\/sysgraph\/#breadcrumb","itemListElement":[{"@type":"ListItem","position":1,"name":"Home","item":"https:\/\/www.systag.ch\/de\/"},{"@type":"ListItem","position":2,"name":"Labor Reaktoren &amp; Systeme","item":"https:\/\/www.systag.ch\/de\/labor-reaktor-systeme\/"},{"@type":"ListItem","position":3,"name":"Produkte","item":"https:\/\/www.systag.ch\/de\/labor-reaktor-systeme\/produkte\/"},{"@type":"ListItem","position":4,"name":"Thermische Prozesssicherheit","item":"https:\/\/www.systag.ch\/de\/labor-reaktor-systeme\/produkte\/thermische-prozess-sicherheit\/"},{"@type":"ListItem","position":5,"name":"SysGraph"}]},{"@type":"WebSite","@id":"https:\/\/www.systag.ch\/de\/#website","url":"https:\/\/www.systag.ch\/de\/","name":"SYSTAG, System Technik AG","description":"Automatisierte Laborsysteme und Kalorimetrie","publisher":{"@id":"https:\/\/www.systag.ch\/de\/#organization"},"potentialAction":[{"@type":"SearchAction","target":{"@type":"EntryPoint","urlTemplate":"https:\/\/www.systag.ch\/de\/?s={search_term_string}"},"query-input":{"@type":"PropertyValueSpecification","valueRequired":true,"valueName":"search_term_string"}}],"inLanguage":"de-CH"},{"@type":"Organization","@id":"https:\/\/www.systag.ch\/de\/#organization","name":"SYSTAG, System Technik AG","url":"https:\/\/www.systag.ch\/de\/","logo":{"@type":"ImageObject","inLanguage":"de-CH","@id":"https:\/\/www.systag.ch\/de\/#\/schema\/logo\/image\/","url":"https:\/\/www.systag.ch\/wp-content\/uploads\/2020\/01\/logo_systag_en.png","contentUrl":"https:\/\/www.systag.ch\/wp-content\/uploads\/2020\/01\/logo_systag_en.png","width":215,"height":80,"caption":"SYSTAG, System Technik AG"},"image":{"@id":"https:\/\/www.systag.ch\/de\/#\/schema\/logo\/image\/"}}]}},"_links":{"self":[{"href":"https:\/\/www.systag.ch\/de\/wp-json\/wp\/v2\/pages\/5317"}],"collection":[{"href":"https:\/\/www.systag.ch\/de\/wp-json\/wp\/v2\/pages"}],"about":[{"href":"https:\/\/www.systag.ch\/de\/wp-json\/wp\/v2\/types\/page"}],"author":[{"embeddable":true,"href":"https:\/\/www.systag.ch\/de\/wp-json\/wp\/v2\/users\/2"}],"replies":[{"embeddable":true,"href":"https:\/\/www.systag.ch\/de\/wp-json\/wp\/v2\/comments?post=5317"}],"version-history":[{"count":16,"href":"https:\/\/www.systag.ch\/de\/wp-json\/wp\/v2\/pages\/5317\/revisions"}],"predecessor-version":[{"id":9580,"href":"https:\/\/www.systag.ch\/de\/wp-json\/wp\/v2\/pages\/5317\/revisions\/9580"}],"up":[{"embeddable":true,"href":"https:\/\/www.systag.ch\/de\/wp-json\/wp\/v2\/pages\/4995"}],"wp:featuredmedia":[{"embeddable":true,"href":"https:\/\/www.systag.ch\/de\/wp-json\/wp\/v2\/media\/3182"}],"wp:attachment":[{"href":"https:\/\/www.systag.ch\/de\/wp-json\/wp\/v2\/media?parent=5317"}],"curies":[{"name":"wp","href":"https:\/\/api.w.org\/{rel}","templated":true}]}}