{"id":5046,"date":"2020-01-31T13:07:11","date_gmt":"2020-01-31T12:07:11","guid":{"rendered":"https:\/\/www.systag.ch\/kontakt\/haeufig-gestellte-fragen\/"},"modified":"2025-11-25T09:32:47","modified_gmt":"2025-11-25T08:32:47","slug":"haeufig-gestellte-fragen","status":"publish","type":"page","link":"https:\/\/www.systag.ch\/de\/kontakt\/haeufig-gestellte-fragen\/","title":{"rendered":"H\u00e4ufig gestellte Fragen"},"content":{"rendered":"<p>[et_pb_section fb_built=&#8221;1&#8243; _builder_version=&#8221;4.27.4&#8243; width=&#8221;90%&#8221; module_alignment=&#8221;center&#8221; custom_padding=&#8221;0px||0px|||&#8221; global_colors_info=&#8221;{}&#8221;][et_pb_row column_structure=&#8221;3_5,2_5&#8243; use_custom_gutter=&#8221;on&#8221; gutter_width=&#8221;1&#8243; make_equal=&#8221;on&#8221; _builder_version=&#8221;4.16&#8243; width=&#8221;100%&#8221; max_width=&#8221;1366px&#8221; custom_margin=&#8221;||||false|false&#8221; custom_padding=&#8221;15px||||false|false&#8221; global_colors_info=&#8221;{}&#8221;][et_pb_column type=&#8221;3_5&#8243; _builder_version=&#8221;4.16&#8243; global_colors_info=&#8221;{}&#8221;][et_pb_text _builder_version=&#8221;4.16&#8243; custom_padding=&#8221;||15px||false|false&#8221; hover_enabled=&#8221;0&#8243; global_colors_info=&#8221;{}&#8221; sticky_enabled=&#8221;0&#8243;]<\/p>\n<h4>Hier finden Sie auch Antworten zu den meist gestellten Fragen:<\/h4>\n<p>[\/et_pb_text][et_pb_accordion open_toggle_background_color=&#8221;#ffffff&#8221; closed_toggle_background_color=&#8221;#ffffff&#8221; icon_color=&#8221;#e02b20&#8243; use_icon_font_size=&#8221;on&#8221; icon_font_size=&#8221;41px&#8221; admin_label=&#8221;Test&#8221; module_class=&#8221;toggle_custom&#8221; _builder_version=&#8221;4.27.4&#8243; toggle_level=&#8221;h4&#8243; custom_padding=&#8221;||||false|false&#8221; hover_enabled=&#8221;0&#8243; border_width_all=&#8221;0px&#8221; border_color_all=&#8221;#e02b20&#8243; border_width_bottom=&#8221;1px&#8221; locked=&#8221;off&#8221; global_colors_info=&#8221;{}&#8221; sticky_enabled=&#8221;0&#8243;][et_pb_accordion_item title=&#8221;Wie nehme ich mit dem Support Kontakt auf?&#8221; open=&#8221;off&#8221; open_toggle_text_color=&#8221;#e02b20&#8243; _builder_version=&#8221;4.27.4&#8243; body_font=&#8221;|600|||||||&#8221; body_text_color=&#8221;#555665&#8243; width=&#8221;100%&#8221; border_width_top=&#8221;1px&#8221; global_colors_info=&#8221;{}&#8221; toggle_text_color=&#8221;#e02b20&#8243; toggle_level=&#8221;h3&#8243; toggle_font=&#8221;|600|||||||&#8221; toggle_font_size=&#8221;20px&#8221; toggle_line_height=&#8221;1.4em&#8221;]<\/p>\n<p><span>Sie erreichen uns unter <a href=\"mailto:support@systag.ch\">support@systag.ch<\/a><\/span><span> oder +41 (0)848 704 54 0 zu den normalen B\u00fcrozeiten, wobei die Anfrage per Email zu bevorzugen ist. Wir sind wesentlich besser in der Lage Ihnen zu helfen, wenn wir auf unseren Testcomputer zuerst Ihre Installation aktivieren und so Ihren genauen Setup vor Augen haben<\/span><\/p>\n<p>[\/et_pb_accordion_item][et_pb_accordion_item title=&#8221;Welche Daten werden f\u00fcr einen Supportfall ben\u00f6tigt und wo kann ich diese finden (bei SupportX)?&#8221; open_toggle_text_color=&#8221;#e02b20&#8243; _builder_version=&#8221;4.25.2&#8243; body_font=&#8221;|600|||||||&#8221; body_text_color=&#8221;#555665&#8243; width=&#8221;100%&#8221; border_width_top=&#8221;1px&#8221; global_colors_info=&#8221;{}&#8221; toggle_text_color=&#8221;#e02b20&#8243; toggle_level=&#8221;h3&#8243; toggle_font=&#8221;|600|||||||&#8221; toggle_font_size=&#8221;20px&#8221; toggle_line_height=&#8221;1.4em&#8221; open=&#8221;off&#8221;]<\/p>\n<ol>\n<li>Am besten starten Sie das Tool &#8220;SupportX&#8221; auf Ihrem PC. Dadurch werden alle erforderlichen Daten in eine ZIP-Datei komprimiert, die Sie per E-Mail an <a href=\"mailto:support@systag.ch\">support@systag.ch<\/a> senden k\u00f6nnen.<\/li>\n<li>Den \u201cSupportX\u201d starten Sie aus dem Verzeichnis C:\\FlexySys\\General\\App\\SupportX.exe<br \/>(ben\u00f6tigt FlexySys R3.2 oder neuer)<\/li>\n<li>Das\u201dSupportX\u201d Tool k\u00f6nnen Sie auch unter folgendem Link runterladen: <a href=\"https:\/\/www.systag.ch\/de\/supportx-2\/\" target=\"_blank\" rel=\"noopener\" title=\"SupportX download\">SupportX download <\/a>(als zip-Datei).<br \/>Entpacken Sie das zip-File mit dem Passwort \u201c<span style=\"color: #e02b20;\">systag<\/span>\u201d und kopieren Sie die Datei \u201cSupportX.exe\u201d auf Ihren Desktop um das Programm mit einem Doppelklick auszuf\u00fchren.<\/li>\n<\/ol>\n<p>[\/et_pb_accordion_item][et_pb_accordion_item title=&#8221;FlexySys Hardware Kompatibilit\u00e4tsliste: Welche Signale und Peripherieger\u00e4te kann ich an meinem FlexySys \/ ePAT anschliessen?&#8221; open_toggle_text_color=&#8221;#e02b20&#8243; _builder_version=&#8221;4.27.4&#8243; body_font=&#8221;|600|||||||&#8221; body_text_color=&#8221;#555665&#8243; width=&#8221;100%&#8221; hover_enabled=&#8221;0&#8243; border_width_top=&#8221;1px&#8221; global_colors_info=&#8221;{}&#8221; toggle_text_color=&#8221;#e02b20&#8243; toggle_level=&#8221;h3&#8243; toggle_font=&#8221;|600|||||||&#8221; toggle_font_size=&#8221;20px&#8221; toggle_line_height=&#8221;1.4em&#8221; open=&#8221;on&#8221; sticky_enabled=&#8221;0&#8243;]<\/p>\n<p>Die <a href=\"https:\/\/www.systag.ch\/wp-content\/uploads\/2025\/05\/FlexySys-Hardware-Compatibility-List.pdf\" target=\"_blank\" rel=\"noopener\" title=\"PDF Hardware Compatibility List\">FlexySys hardware compatibility list<\/a> und <a href=\"https:\/\/www.systag.ch\/wp-content\/uploads\/2025\/11\/ePAT-Hardware-Compatibility-List-2.pdf\" target=\"_blank\" rel=\"noopener\" title=\"ePAT Compatibility List\">ePAT compatibility list<\/a> geben Aufschluss dar\u00fcber, welche Signale und Peripherieger\u00e4te mit dem FlexySys kompatibel sind.<\/p>\n<p>Des Weiteren beinhaltet diese Liste eine \u00dcbersicht der vorhandenen, m\u00f6glichen Treiber f\u00fcr unterschiedliche Laborger\u00e4te..<\/p>\n<p>[\/et_pb_accordion_item][et_pb_accordion_item title=&#8221;Wie richte ich eine Fernsupport-Sitzung ein?&#8221; open_toggle_text_color=&#8221;#e02b20&#8243; _builder_version=&#8221;4.25.2&#8243; body_font=&#8221;|600|||||||&#8221; body_text_color=&#8221;#555665&#8243; width=&#8221;100%&#8221; border_width_top=&#8221;1px&#8221; global_colors_info=&#8221;{}&#8221; toggle_text_color=&#8221;#e02b20&#8243; toggle_level=&#8221;h3&#8243; toggle_font=&#8221;|600|||||||&#8221; toggle_font_size=&#8221;20px&#8221; toggle_line_height=&#8221;1.4em&#8221; open=&#8221;off&#8221;]<\/p>\n<p>In dem Dokument &#8220;<a href=\"https:\/\/www.systag.ch\/de\/how-to-establish-remote-support-connection-2\/\" target=\"_blank\" rel=\"noopener\">How to establish remote support connection.pdf<\/a>&#8221; erfahren Sie, wie Sie eine Remote-Sitzung einrichten und welche Voraussetzungen daf\u00fcr erforderlich sind.<\/p>\n<p>Voraussetzung f\u00fcr den Fernzugriff ist, dass Sie von Ihrem Steuer-PC aus auf das Internet zugreifen k\u00f6nnen.<\/p>\n<p>WICHTIG Ein Zugriff auf Ihren Steuer PC ist nur mit Ihrer expliziten Erlaubnis m\u00f6glich. Sie k\u00f6nnen alle Aktionen unseres Supportes online mit verfolgen und die Verbindung jederzeit unterbrechen.<\/p>\n<p>Sollen Dateien von oder auf Ihr System kopiert werden, ist dies nur m\u00f6glich, wenn sie den Datentransfer nochmals gesondert erlauben. Der Datenverkehr zwischen SYSTAG und Ihrer Firma erfolgt verschl\u00fcsselt und kann von Dritten nicht eingesehen werden.<\/p>\n<p>[\/et_pb_accordion_item][et_pb_accordion_item title=&#8221;Am Ende meines Experimentes wird keine CSV Datei geschrieben!&#8221; open_toggle_text_color=&#8221;#e02b20&#8243; _builder_version=&#8221;4.16&#8243; body_font=&#8221;|600|||||||&#8221; body_text_color=&#8221;#555665&#8243; width=&#8221;100%&#8221; border_width_top=&#8221;1px&#8221; global_colors_info=&#8221;{}&#8221; toggle_text_color=&#8221;#e02b20&#8243; toggle_level=&#8221;h3&#8243; toggle_font=&#8221;|600|||||||&#8221; toggle_font_size=&#8221;20px&#8221; toggle_line_height=&#8221;1.4em&#8221; open=&#8221;off&#8221;]\u00c4ndern Sie unter Systemmen\u00fc \/ Optionen den Intervall f\u00fcr den CSV Export auf einen Wert &gt; 0 Sekunden.[\/et_pb_accordion_item][et_pb_accordion_item title=&#8221;Am Ende meines Experimentes wird keine SSD Datei geschrieben!&#8221; open_toggle_text_color=&#8221;#e02b20&#8243; _builder_version=&#8221;4.16&#8243; body_font=&#8221;|600|||||||&#8221; body_text_color=&#8221;#555665&#8243; width=&#8221;100%&#8221; border_width_top=&#8221;1px&#8221; global_colors_info=&#8221;{}&#8221; toggle_text_color=&#8221;#e02b20&#8243; toggle_level=&#8221;h3&#8243; toggle_font=&#8221;|600|||||||&#8221; toggle_font_size=&#8221;20px&#8221; toggle_line_height=&#8221;1.4em&#8221; open=&#8221;off&#8221;]\u00c4ndern Sie unter Systemmen\u00fc \u00e0 Optionen den Intervall f\u00fcr den SSD Export auf einen Wert &gt; 0 Sekunden.[\/et_pb_accordion_item][et_pb_accordion_item title=&#8221;An meiner FlexyLab Einheit leuchtet die Lampe \u00abnur K\u00fchlen\u00bb und der akustische Alarm ist aktiviert, obwohl kein Alarm auf dem Bildschirm des Steuer-PC erkennbar ist!&#8221; open_toggle_text_color=&#8221;#e02b20&#8243; _builder_version=&#8221;4.16&#8243; body_font=&#8221;|600|||||||&#8221; body_text_color=&#8221;#555665&#8243; width=&#8221;100%&#8221; border_width_top=&#8221;1px&#8221; border_width_bottom=&#8221;2px&#8221; global_colors_info=&#8221;{}&#8221; toggle_text_color=&#8221;#e02b20&#8243; toggle_level=&#8221;h3&#8243; toggle_font=&#8221;|600|||||||&#8221; toggle_font_size=&#8221;20px&#8221; toggle_line_height=&#8221;1.4em&#8221; open=&#8221;off&#8221;]Kontrollieren Sie, ob unbeabsichtigt der Notaus Knopf gedr\u00fcckt wurde.[\/et_pb_accordion_item][et_pb_accordion_item title=&#8221;Wo kann ich Systeme, Ersatzteile und Brosch\u00fcren bestellen?&#8221; open_toggle_text_color=&#8221;#e02b20&#8243; _builder_version=&#8221;4.16&#8243; body_font=&#8221;|600|||||||&#8221; body_text_color=&#8221;#555665&#8243; width=&#8221;100%&#8221; border_width_top=&#8221;1px&#8221; border_width_bottom=&#8221;2px&#8221; global_colors_info=&#8221;{}&#8221; toggle_text_color=&#8221;#e02b20&#8243; toggle_level=&#8221;h3&#8243; toggle_font=&#8221;|600|||||||&#8221; toggle_font_size=&#8221;20px&#8221; toggle_line_height=&#8221;1.4em&#8221; open=&#8221;off&#8221;]<\/p>\n<p>Senden Sie eine E-Mail an <a href=\"mailto:shop@systag.ch\">shop@systag.ch<\/a><\/p>\n<p>[\/et_pb_accordion_item][\/et_pb_accordion][\/et_pb_column][et_pb_column type=&#8221;2_5&#8243; _builder_version=&#8221;4.16&#8243; global_colors_info=&#8221;{}&#8221;][\/et_pb_column][\/et_pb_row][\/et_pb_section]<\/p>\n","protected":false},"excerpt":{"rendered":"<p>Kontakt &#8211; H\u00e4ufig gestellte Fragen<\/p>\n","protected":false},"author":2,"featured_media":3067,"parent":2868,"menu_order":40,"comment_status":"closed","ping_status":"closed","template":"","meta":{"_et_pb_use_builder":"on","_et_pb_old_content":"","_et_gb_content_width":"","footnotes":""},"class_list":["post-5046","page","type-page","status-publish","has-post-thumbnail","hentry"],"yoast_head":"<!-- This site is optimized with the Yoast SEO plugin v25.6 - https:\/\/yoast.com\/wordpress\/plugins\/seo\/ -->\n<title>H\u00e4ufig gestellte Fragen - SYSTAG, System Technik AG<\/title>\n<meta name=\"description\" content=\"Kontakt FAQ der SYSTAG Website. Hier finden Sie auch Antworten zu den meist gestellten Fragen: Machen Sie Ihre Laborproduktion automatisch besser.\" \/>\n<meta name=\"robots\" content=\"index, follow, max-snippet:-1, max-image-preview:large, max-video-preview:-1\" \/>\n<link rel=\"canonical\" href=\"https:\/\/www.systag.ch\/de\/kontakt\/haeufig-gestellte-fragen\/\" \/>\n<meta property=\"og:locale\" content=\"de_DE\" \/>\n<meta property=\"og:type\" content=\"article\" \/>\n<meta property=\"og:title\" content=\"H\u00e4ufig gestellte Fragen - SYSTAG, System Technik AG\" \/>\n<meta property=\"og:description\" content=\"Kontakt FAQ der SYSTAG Website. Hier finden Sie auch Antworten zu den meist gestellten Fragen: Machen Sie Ihre Laborproduktion automatisch besser.\" \/>\n<meta property=\"og:url\" content=\"https:\/\/www.systag.ch\/de\/kontakt\/haeufig-gestellte-fragen\/\" \/>\n<meta property=\"og:site_name\" content=\"SYSTAG, System Technik AG\" \/>\n<meta property=\"article:modified_time\" content=\"2025-11-25T08:32:47+00:00\" \/>\n<meta property=\"og:image\" content=\"https:\/\/www.systag.ch\/wp-content\/uploads\/2020\/01\/technology-lens-laboratory-medical.jpg\" \/>\n\t<meta property=\"og:image:width\" content=\"1136\" \/>\n\t<meta property=\"og:image:height\" content=\"286\" \/>\n\t<meta property=\"og:image:type\" content=\"image\/jpeg\" \/>\n<meta name=\"twitter:card\" content=\"summary_large_image\" \/>\n<meta name=\"twitter:label1\" content=\"Gesch\u00e4tzte Lesezeit\" \/>\n\t<meta name=\"twitter:data1\" content=\"3 Minuten\" \/>\n<script type=\"application\/ld+json\" class=\"yoast-schema-graph\">{\"@context\":\"https:\/\/schema.org\",\"@graph\":[{\"@type\":\"WebPage\",\"@id\":\"https:\/\/www.systag.ch\/de\/kontakt\/haeufig-gestellte-fragen\/\",\"url\":\"https:\/\/www.systag.ch\/de\/kontakt\/haeufig-gestellte-fragen\/\",\"name\":\"H\u00e4ufig gestellte Fragen - SYSTAG, System Technik AG\",\"isPartOf\":{\"@id\":\"https:\/\/www.systag.ch\/de\/#website\"},\"primaryImageOfPage\":{\"@id\":\"https:\/\/www.systag.ch\/de\/kontakt\/haeufig-gestellte-fragen\/#primaryimage\"},\"image\":{\"@id\":\"https:\/\/www.systag.ch\/de\/kontakt\/haeufig-gestellte-fragen\/#primaryimage\"},\"thumbnailUrl\":\"https:\/\/www.systag.ch\/wp-content\/uploads\/2020\/01\/technology-lens-laboratory-medical.jpg\",\"datePublished\":\"2020-01-31T12:07:11+00:00\",\"dateModified\":\"2025-11-25T08:32:47+00:00\",\"description\":\"Kontakt FAQ der SYSTAG Website. Hier finden Sie auch Antworten zu den meist gestellten Fragen: Machen Sie Ihre Laborproduktion automatisch besser.\",\"breadcrumb\":{\"@id\":\"https:\/\/www.systag.ch\/de\/kontakt\/haeufig-gestellte-fragen\/#breadcrumb\"},\"inLanguage\":\"de-CH\",\"potentialAction\":[{\"@type\":\"ReadAction\",\"target\":[\"https:\/\/www.systag.ch\/de\/kontakt\/haeufig-gestellte-fragen\/\"]}]},{\"@type\":\"ImageObject\",\"inLanguage\":\"de-CH\",\"@id\":\"https:\/\/www.systag.ch\/de\/kontakt\/haeufig-gestellte-fragen\/#primaryimage\",\"url\":\"https:\/\/www.systag.ch\/wp-content\/uploads\/2020\/01\/technology-lens-laboratory-medical.jpg\",\"contentUrl\":\"https:\/\/www.systag.ch\/wp-content\/uploads\/2020\/01\/technology-lens-laboratory-medical.jpg\",\"width\":1136,\"height\":286},{\"@type\":\"BreadcrumbList\",\"@id\":\"https:\/\/www.systag.ch\/de\/kontakt\/haeufig-gestellte-fragen\/#breadcrumb\",\"itemListElement\":[{\"@type\":\"ListItem\",\"position\":1,\"name\":\"Home\",\"item\":\"https:\/\/www.systag.ch\/de\/\"},{\"@type\":\"ListItem\",\"position\":2,\"name\":\"Kontakt\",\"item\":\"https:\/\/www.systag.ch\/de\/kontakt\/\"},{\"@type\":\"ListItem\",\"position\":3,\"name\":\"H\u00e4ufig gestellte Fragen\"}]},{\"@type\":\"WebSite\",\"@id\":\"https:\/\/www.systag.ch\/de\/#website\",\"url\":\"https:\/\/www.systag.ch\/de\/\",\"name\":\"SYSTAG, System Technik AG\",\"description\":\"Automatisierte Laborsysteme und Kalorimetrie\",\"publisher\":{\"@id\":\"https:\/\/www.systag.ch\/de\/#organization\"},\"potentialAction\":[{\"@type\":\"SearchAction\",\"target\":{\"@type\":\"EntryPoint\",\"urlTemplate\":\"https:\/\/www.systag.ch\/de\/?s={search_term_string}\"},\"query-input\":{\"@type\":\"PropertyValueSpecification\",\"valueRequired\":true,\"valueName\":\"search_term_string\"}}],\"inLanguage\":\"de-CH\"},{\"@type\":\"Organization\",\"@id\":\"https:\/\/www.systag.ch\/de\/#organization\",\"name\":\"SYSTAG, System Technik AG\",\"url\":\"https:\/\/www.systag.ch\/de\/\",\"logo\":{\"@type\":\"ImageObject\",\"inLanguage\":\"de-CH\",\"@id\":\"https:\/\/www.systag.ch\/de\/#\/schema\/logo\/image\/\",\"url\":\"https:\/\/www.systag.ch\/wp-content\/uploads\/2020\/01\/logo_systag_en.png\",\"contentUrl\":\"https:\/\/www.systag.ch\/wp-content\/uploads\/2020\/01\/logo_systag_en.png\",\"width\":215,\"height\":80,\"caption\":\"SYSTAG, System Technik AG\"},\"image\":{\"@id\":\"https:\/\/www.systag.ch\/de\/#\/schema\/logo\/image\/\"}}]}<\/script>\n<!-- \/ Yoast SEO plugin. -->","yoast_head_json":{"title":"H\u00e4ufig gestellte Fragen - SYSTAG, System Technik AG","description":"Kontakt FAQ der SYSTAG Website. Hier finden Sie auch Antworten zu den meist gestellten Fragen: Machen Sie Ihre Laborproduktion automatisch besser.","robots":{"index":"index","follow":"follow","max-snippet":"max-snippet:-1","max-image-preview":"max-image-preview:large","max-video-preview":"max-video-preview:-1"},"canonical":"https:\/\/www.systag.ch\/de\/kontakt\/haeufig-gestellte-fragen\/","og_locale":"de_DE","og_type":"article","og_title":"H\u00e4ufig gestellte Fragen - SYSTAG, System Technik AG","og_description":"Kontakt FAQ der SYSTAG Website. Hier finden Sie auch Antworten zu den meist gestellten Fragen: Machen Sie Ihre Laborproduktion automatisch besser.","og_url":"https:\/\/www.systag.ch\/de\/kontakt\/haeufig-gestellte-fragen\/","og_site_name":"SYSTAG, System Technik AG","article_modified_time":"2025-11-25T08:32:47+00:00","og_image":[{"width":1136,"height":286,"url":"https:\/\/www.systag.ch\/wp-content\/uploads\/2020\/01\/technology-lens-laboratory-medical.jpg","type":"image\/jpeg"}],"twitter_card":"summary_large_image","twitter_misc":{"Gesch\u00e4tzte Lesezeit":"3 Minuten"},"schema":{"@context":"https:\/\/schema.org","@graph":[{"@type":"WebPage","@id":"https:\/\/www.systag.ch\/de\/kontakt\/haeufig-gestellte-fragen\/","url":"https:\/\/www.systag.ch\/de\/kontakt\/haeufig-gestellte-fragen\/","name":"H\u00e4ufig gestellte Fragen - SYSTAG, System Technik AG","isPartOf":{"@id":"https:\/\/www.systag.ch\/de\/#website"},"primaryImageOfPage":{"@id":"https:\/\/www.systag.ch\/de\/kontakt\/haeufig-gestellte-fragen\/#primaryimage"},"image":{"@id":"https:\/\/www.systag.ch\/de\/kontakt\/haeufig-gestellte-fragen\/#primaryimage"},"thumbnailUrl":"https:\/\/www.systag.ch\/wp-content\/uploads\/2020\/01\/technology-lens-laboratory-medical.jpg","datePublished":"2020-01-31T12:07:11+00:00","dateModified":"2025-11-25T08:32:47+00:00","description":"Kontakt FAQ der SYSTAG Website. Hier finden Sie auch Antworten zu den meist gestellten Fragen: Machen Sie Ihre Laborproduktion automatisch besser.","breadcrumb":{"@id":"https:\/\/www.systag.ch\/de\/kontakt\/haeufig-gestellte-fragen\/#breadcrumb"},"inLanguage":"de-CH","potentialAction":[{"@type":"ReadAction","target":["https:\/\/www.systag.ch\/de\/kontakt\/haeufig-gestellte-fragen\/"]}]},{"@type":"ImageObject","inLanguage":"de-CH","@id":"https:\/\/www.systag.ch\/de\/kontakt\/haeufig-gestellte-fragen\/#primaryimage","url":"https:\/\/www.systag.ch\/wp-content\/uploads\/2020\/01\/technology-lens-laboratory-medical.jpg","contentUrl":"https:\/\/www.systag.ch\/wp-content\/uploads\/2020\/01\/technology-lens-laboratory-medical.jpg","width":1136,"height":286},{"@type":"BreadcrumbList","@id":"https:\/\/www.systag.ch\/de\/kontakt\/haeufig-gestellte-fragen\/#breadcrumb","itemListElement":[{"@type":"ListItem","position":1,"name":"Home","item":"https:\/\/www.systag.ch\/de\/"},{"@type":"ListItem","position":2,"name":"Kontakt","item":"https:\/\/www.systag.ch\/de\/kontakt\/"},{"@type":"ListItem","position":3,"name":"H\u00e4ufig gestellte Fragen"}]},{"@type":"WebSite","@id":"https:\/\/www.systag.ch\/de\/#website","url":"https:\/\/www.systag.ch\/de\/","name":"SYSTAG, System Technik AG","description":"Automatisierte Laborsysteme und Kalorimetrie","publisher":{"@id":"https:\/\/www.systag.ch\/de\/#organization"},"potentialAction":[{"@type":"SearchAction","target":{"@type":"EntryPoint","urlTemplate":"https:\/\/www.systag.ch\/de\/?s={search_term_string}"},"query-input":{"@type":"PropertyValueSpecification","valueRequired":true,"valueName":"search_term_string"}}],"inLanguage":"de-CH"},{"@type":"Organization","@id":"https:\/\/www.systag.ch\/de\/#organization","name":"SYSTAG, System Technik AG","url":"https:\/\/www.systag.ch\/de\/","logo":{"@type":"ImageObject","inLanguage":"de-CH","@id":"https:\/\/www.systag.ch\/de\/#\/schema\/logo\/image\/","url":"https:\/\/www.systag.ch\/wp-content\/uploads\/2020\/01\/logo_systag_en.png","contentUrl":"https:\/\/www.systag.ch\/wp-content\/uploads\/2020\/01\/logo_systag_en.png","width":215,"height":80,"caption":"SYSTAG, System Technik AG"},"image":{"@id":"https:\/\/www.systag.ch\/de\/#\/schema\/logo\/image\/"}}]}},"_links":{"self":[{"href":"https:\/\/www.systag.ch\/de\/wp-json\/wp\/v2\/pages\/5046"}],"collection":[{"href":"https:\/\/www.systag.ch\/de\/wp-json\/wp\/v2\/pages"}],"about":[{"href":"https:\/\/www.systag.ch\/de\/wp-json\/wp\/v2\/types\/page"}],"author":[{"embeddable":true,"href":"https:\/\/www.systag.ch\/de\/wp-json\/wp\/v2\/users\/2"}],"replies":[{"embeddable":true,"href":"https:\/\/www.systag.ch\/de\/wp-json\/wp\/v2\/comments?post=5046"}],"version-history":[{"count":28,"href":"https:\/\/www.systag.ch\/de\/wp-json\/wp\/v2\/pages\/5046\/revisions"}],"predecessor-version":[{"id":9487,"href":"https:\/\/www.systag.ch\/de\/wp-json\/wp\/v2\/pages\/5046\/revisions\/9487"}],"up":[{"embeddable":true,"href":"https:\/\/www.systag.ch\/de\/wp-json\/wp\/v2\/pages\/2868"}],"wp:featuredmedia":[{"embeddable":true,"href":"https:\/\/www.systag.ch\/de\/wp-json\/wp\/v2\/media\/3067"}],"wp:attachment":[{"href":"https:\/\/www.systag.ch\/de\/wp-json\/wp\/v2\/media?parent=5046"}],"curies":[{"name":"wp","href":"https:\/\/api.w.org\/{rel}","templated":true}]}}