{"id":4980,"date":"2020-01-30T18:37:57","date_gmt":"2020-01-30T17:37:57","guid":{"rendered":"https:\/\/www.systag.ch\/labor-reaktor-systeme\/produkte\/prozess-automation\/"},"modified":"2020-02-17T15:52:55","modified_gmt":"2020-02-17T14:52:55","slug":"prozess-automation","status":"publish","type":"page","link":"https:\/\/www.systag.ch\/de\/labor-reaktor-systeme\/produkte\/prozess-automation\/","title":{"rendered":"Prozess Automation"},"content":{"rendered":"<p>[et_pb_section fb_built=&#8221;1&#8243; _builder_version=&#8221;4.0.11&#8243; custom_padding=&#8221;0px||0px|||&#8221;][et_pb_row use_custom_gutter=&#8221;on&#8221; gutter_width=&#8221;1&#8243; make_equal=&#8221;on&#8221; _builder_version=&#8221;4.2.2&#8243; width=&#8221;100%&#8221; max_width=&#8221;1366px&#8221; custom_margin=&#8221;|auto||auto|false|false&#8221; custom_padding=&#8221;15px||15px||false|false&#8221;][et_pb_column type=&#8221;4_4&#8243; _builder_version=&#8221;4.0.6&#8243;][et_pb_text _builder_version=&#8221;4.2.2&#8243; text_font=&#8221;|700|||||||&#8221; text_text_color=&#8221;#ffffff&#8221; header_3_text_color=&#8221;#ffffff&#8221; background_color=&#8221;#555665&#8243; max_height=&#8221;50px&#8221; max_height_tablet=&#8221;50px&#8221; max_height_phone=&#8221;&#8221; max_height_last_edited=&#8221;on|phone&#8221; custom_margin=&#8221;||||false|false&#8221; custom_margin_tablet=&#8221;|||0px|false|false&#8221; custom_margin_phone=&#8221;&#8221; custom_margin_last_edited=&#8221;on|tablet&#8221; custom_padding=&#8221;15px||15px|15px|true|false&#8221; custom_padding_tablet=&#8221;15px||10px||false|false&#8221; custom_padding_phone=&#8221;|15px|5px||false|false&#8221; custom_padding_last_edited=&#8221;on|phone&#8221; border_radii=&#8221;on|10px|10px|10px|10px&#8221;]<\/p>\n<h3>Prozess-Automation in der chemischen Industrie \u2013 intelligent gel\u00f6st<\/h3>\n<p>[\/et_pb_text][\/et_pb_column][\/et_pb_row][et_pb_row column_structure=&#8221;1_3,1_3,1_3&#8243; use_custom_gutter=&#8221;on&#8221; gutter_width=&#8221;1&#8243; _builder_version=&#8221;4.2.2&#8243; width=&#8221;100%&#8221; max_width=&#8221;1366px&#8221; custom_margin=&#8221;|auto||auto|false|false&#8221; custom_padding=&#8221;0px|||||&#8221; locked=&#8221;off&#8221;][et_pb_column type=&#8221;1_3&#8243; _builder_version=&#8221;4.2.2&#8243; custom_padding=&#8221;|7.5px|||false|false&#8221; custom_padding_tablet=&#8221;|0px|||false|false&#8221; custom_padding_phone=&#8221;&#8221; custom_padding_last_edited=&#8221;on|tablet&#8221;][et_pb_text _builder_version=&#8221;4.2.2&#8243; _dynamic_attributes=&#8221;link_option_url&#8221; link_font=&#8221;|600|||||||&#8221; header_4_font=&#8221;|600|||||||&#8221; background_color=&#8221;#bfc2c8&#8243; max_height=&#8221;50px&#8221; custom_margin=&#8221;||15px||false|false&#8221; custom_margin_tablet=&#8221;|||0px|false|false&#8221; custom_margin_phone=&#8221;&#8221; custom_margin_last_edited=&#8221;on|tablet&#8221; custom_padding=&#8221;15px||15px|15px|true|false&#8221; link_option_url=&#8221;@ET-DC@eyJkeW5hbWljIjp0cnVlLCJjb250ZW50IjoicG9zdF9saW5rX3VybF9wYWdlIiwic2V0dGluZ3MiOnsicG9zdF9pZCI6IjQ5NzUifX0=@&#8221; border_radii=&#8221;on|10px|10px|10px|10px&#8221; locked=&#8221;off&#8221;]<\/p>\n<h4>FlexyPlant<\/h4>\n<p>[\/et_pb_text][et_pb_image src=&#8221;https:\/\/www.systag.ch\/wp-content\/uploads\/2020\/01\/symbol_product_flexyplant.jpg&#8221; alt=&#8221;FlexyPlant&#8221; url=&#8221;@ET-DC@eyJkeW5hbWljIjp0cnVlLCJjb250ZW50IjoicG9zdF9saW5rX3VybF9wYWdlIiwic2V0dGluZ3MiOnsicG9zdF9pZCI6IjQ5NzUifX0=@&#8221; align=&#8221;center&#8221; _builder_version=&#8221;4.2.2&#8243; _dynamic_attributes=&#8221;url&#8221; custom_margin=&#8221;||||false|false&#8221; custom_padding=&#8221;||15px||false|false&#8221; hover_enabled=&#8221;0&#8243; locked=&#8221;off&#8221; title_text=&#8221;FlexyPlant&#8221;][\/et_pb_image][et_pb_text _builder_version=&#8221;4.2.2&#8243; custom_margin=&#8221;||||false|false&#8221; custom_padding=&#8221;|15px|||false|false&#8221;]<\/p>\n<p><a href=\"https:\/\/www.systag.ch\/de\/labor-reaktor-systeme\/produkte\/prozess-automation\/\">FlexyPlant<\/a> \u2013 als logische Fortsetzung der Verfahrens-Entwicklung &#8211; vom FlexyCUBE \u00fcber FlexyPAT, bietet kundenspezifische L\u00f6sungen f\u00fcr Automatisierungen von Kilolabor und Pilotanlagen oder auch Spezialreaktoren.<\/p>\n<p>Dank grossem, praktischem Erfahrungsschatz im Bereich der Verfahrenstechnik bietet SYSTAG optimierte L\u00f6sungen f\u00fcr die automatisierte Prozessf\u00fchrung, in denen Prototyp-Kampagnen gefahren werden.<\/p>\n<p>Geeignet auch f\u00fcr spezielle Problemstellungen der chemischen Verfahrenstechnik, wie z.B.<\/p>\n<ul>\n<li>Polymerisationen<\/li>\n<li>Hydrierungen<\/li>\n<li>Thermische Stofftrennung<\/li>\n<\/ul>\n<ul><\/ul>\n<p>[\/et_pb_text][\/et_pb_column][et_pb_column type=&#8221;1_3&#8243; _builder_version=&#8221;4.2.2&#8243; custom_padding=&#8221;|7.5px||7.5px|false|true&#8221; custom_padding_tablet=&#8221;|0px||0px|false|true&#8221; custom_padding_phone=&#8221;&#8221; custom_padding_last_edited=&#8221;on|tablet&#8221;][et_pb_text _builder_version=&#8221;4.2.2&#8243; link_font=&#8221;|600|||||||&#8221; header_4_font=&#8221;|600|||||||&#8221; background_color=&#8221;#bfc2c8&#8243; max_height=&#8221;50px&#8221; custom_margin=&#8221;||15px||false|false&#8221; custom_margin_tablet=&#8221;|||0px|false|false&#8221; custom_margin_phone=&#8221;&#8221; custom_margin_last_edited=&#8221;on|tablet&#8221; custom_padding=&#8221;15px||15px|15px|true|false&#8221; border_radii=&#8221;on|10px|10px|10px|10px&#8221; locked=&#8221;off&#8221;]<\/p>\n<h4>Automation<\/h4>\n<p>[\/et_pb_text][et_pb_image src=&#8221;https:\/\/www.systag.ch\/wp-content\/uploads\/2020\/01\/symbol_product_automation.jpg&#8221; alt=&#8221;Automation&#8221; align=&#8221;center&#8221; _builder_version=&#8221;4.2.2&#8243; custom_margin=&#8221;||||false|false&#8221; custom_padding=&#8221;||15px||false|false&#8221; hover_enabled=&#8221;0&#8243; locked=&#8221;off&#8221; title_text=&#8221;Automation&#8221;][\/et_pb_image][et_pb_text _builder_version=&#8221;4.2.2&#8243; custom_margin=&#8221;||||false|false&#8221; custom_padding=&#8221;|15px|||false|false&#8221;]<\/p>\n<p>Automation \u2013 innerhalb dieses Gesch\u00e4ftsbereichs bietet SYSTAG die Konzeptionelle Automatisierung chemischer Prozesse an.<\/p>\n<p>Unsere langj\u00e4hrige Erfahrung mit \u00fcbergeordneten Informations-Systemen, der Unterst\u00fctzung bei FDA Abnahmen und auch komplexe Probleml\u00f6sungen unter Einsatz von SPS-Systemen wie z. Bsp. Siemens S7 zu bieten, macht uns zu einem bevorzugten Partner f\u00fcr die Industrie.<\/p>\n<p>Wir haben Projekte in folgenden Applikationsgebieten realisiert:<\/p>\n<ul>\n<li>Prozessleitsysteme<\/li>\n<li>Pilotanlagen<\/li>\n<li>Materialfluss-\u00dcberwachung<\/li>\n<li>Personenzutrittskontrollen und Registrierung<\/li>\n<li>Mahl- und Mischzentrum f\u00fcr API\u2019s<\/li>\n<\/ul>\n<ul><\/ul>\n<p>[\/et_pb_text][\/et_pb_column][et_pb_column type=&#8221;1_3&#8243; _builder_version=&#8221;4.2.2&#8243; custom_padding=&#8221;|||7.5px|false|false&#8221; custom_padding_tablet=&#8221;|||0px|false|false&#8221; custom_padding_phone=&#8221;&#8221; custom_padding_last_edited=&#8221;on|tablet&#8221;][et_pb_text _builder_version=&#8221;4.2.2&#8243; link_font=&#8221;|600|||||||&#8221; header_4_font=&#8221;|600|||||||&#8221; background_color=&#8221;#bfc2c8&#8243; max_height=&#8221;50px&#8221; custom_margin=&#8221;||15px||false|false&#8221; custom_margin_tablet=&#8221;|||0px|false|false&#8221; custom_margin_phone=&#8221;&#8221; custom_margin_last_edited=&#8221;on|tablet&#8221; custom_padding=&#8221;15px||15px|15px|true|false&#8221; link_option_url=&#8221;\/de\/labor-reaktor-systeme\/produkte\/flexyconcept\/flexysys\/&#8221; border_radii=&#8221;on|10px|10px|10px|10px&#8221; locked=&#8221;off&#8221;]<\/p>\n<h4>FlexySys<\/h4>\n<p>[\/et_pb_text][et_pb_image src=&#8221;https:\/\/www.systag.ch\/wp-content\/uploads\/2020\/01\/symbol_product_flexysys.jpg&#8221; alt=&#8221;FlexySys&#8221; url=&#8221;\/de\/labor-reaktor-systeme\/produkte\/flexyconcept\/flexysys\/&#8221; align=&#8221;center&#8221; _builder_version=&#8221;4.2.2&#8243; custom_margin=&#8221;||||false|false&#8221; custom_padding=&#8221;||15px||false|false&#8221; hover_enabled=&#8221;0&#8243; border_color_all=&#8221;#000000&#8243; title_text=&#8221;FlexySys&#8221;][\/et_pb_image][et_pb_text _builder_version=&#8221;4.2.2&#8243; custom_margin=&#8221;||||false|false&#8221; custom_padding=&#8221;|15px|||false|false&#8221;]<\/p>\n<p>Die Software FlexySys f\u00fcr automatische Laborreaktoren &#8211; das Interface zur Automationstechnik f\u00fcr die Mitarbeiter im chemisch-synthetischen T\u00e4tigkeitsgebiet<\/p>\n<p>Intuitive Anlagen-Synoptik, weil<br \/>\u2192 nicht nur Spezialisten damit arbeiten m\u00fcssen<\/p>\n<p>Vordefinierte Standard-Methoden f\u00fcr einfachen und sicheren Betrieb<br \/>\u2192 Achtung, Fertig, Los<\/p>\n<p>\u00dcbersichtliche Darstellung des momentanen Status, dann<br \/>\u2192 weiss man, woran man ist<\/p>\n<p>Editierbare online Grafik, denn<br \/>\u2192 ein Bild sagt mehr als tausend Worte<\/p>\n<p>Automatische und l\u00fcckenlose Dokumentation, denn<br \/>\u2192 was nicht geschrieben ist hat nicht stattgefunden<\/p>\n<p>Anlagen-Parameter auf einen Blick, denn<br \/>\u2192 Wissen schafft Sicherheit<\/p>\n<p>[\/et_pb_text][et_pb_text _builder_version=&#8221;4.2.2&#8243; text_text_color=&#8221;#ffffff&#8221; link_font=&#8221;|||||||#ffffff|&#8221; link_text_color=&#8221;#ffffff&#8221; header_3_text_color=&#8221;#ffffff&#8221; background_color=&#8221;#555665&#8243; width=&#8221;99%&#8221; max_height=&#8221;50px&#8221; custom_margin=&#8221;15px||0px||false|false&#8221; custom_padding=&#8221;15px||15px|15px|true|false&#8221; link_option_url=&#8221;mailto:infos@systag.ch&#8221; border_radii=&#8221;on|10px|10px|10px|10px&#8221; locked=&#8221;off&#8221;]<\/p>\n<h3><a href=\"mailto:infos@systag.ch\">Infos jetzt anfragen<\/a><\/h3>\n<p>[\/et_pb_text][et_pb_text _builder_version=&#8221;4.2.2&#8243; text_text_color=&#8221;#000000&#8243; text_line_height=&#8221;1.5em&#8221; header_3_text_color=&#8221;#e02b20&#8243; header_3_font_size=&#8221;1.5em&#8221; header_3_line_height=&#8221;1.2em&#8221; background_enable_color=&#8221;off&#8221; custom_padding=&#8221;15px||15px|7.5px|true|false&#8221; custom_padding_tablet=&#8221;|||0px|true|false&#8221; custom_padding_phone=&#8221;&#8221; custom_padding_last_edited=&#8221;on|tablet&#8221; locked=&#8221;off&#8221;]<\/p>\n<p><a href=\"mailto:infos@systag.ch\">E-Mail<\/a> oder <a href=\"tel:+41447045454\">SYSTAG anrufen<\/a>.<\/p>\n<p>[\/et_pb_text][\/et_pb_column][\/et_pb_row][\/et_pb_section]<\/p>\n","protected":false},"excerpt":{"rendered":"<p>Produkte &#8211; Prozess Automation <\/p>\n","protected":false},"author":2,"featured_media":3178,"parent":4877,"menu_order":40,"comment_status":"closed","ping_status":"closed","template":"","meta":{"_et_pb_use_builder":"on","_et_pb_old_content":"<!-- wp:divi\/placeholder \/-->","_et_gb_content_width":"","footnotes":""},"class_list":["post-4980","page","type-page","status-publish","has-post-thumbnail","hentry"],"yoast_head":"<!-- This site is optimized with the Yoast SEO plugin v25.6 - https:\/\/yoast.com\/wordpress\/plugins\/seo\/ -->\n<title>Prozess Automation - SYSTAG, System Technik AG<\/title>\n<meta name=\"description\" content=\"Prozess-Automation in der chemischen Industrie intelligent gel\u00f6st: SYSTAG.\" \/>\n<meta name=\"robots\" content=\"index, follow, max-snippet:-1, max-image-preview:large, max-video-preview:-1\" \/>\n<link rel=\"canonical\" href=\"https:\/\/www.systag.ch\/de\/labor-reaktor-systeme\/produkte\/prozess-automation\/\" \/>\n<meta property=\"og:locale\" content=\"de_DE\" \/>\n<meta property=\"og:type\" content=\"article\" \/>\n<meta property=\"og:title\" content=\"Prozess Automation - SYSTAG, System Technik AG\" \/>\n<meta property=\"og:description\" content=\"Prozess-Automation in der chemischen Industrie intelligent gel\u00f6st: SYSTAG.\" \/>\n<meta property=\"og:url\" content=\"https:\/\/www.systag.ch\/de\/labor-reaktor-systeme\/produkte\/prozess-automation\/\" \/>\n<meta property=\"og:site_name\" content=\"SYSTAG, System Technik AG\" \/>\n<meta property=\"article:modified_time\" content=\"2020-02-17T14:52:55+00:00\" \/>\n<meta property=\"og:image\" content=\"https:\/\/www.systag.ch\/wp-content\/uploads\/2020\/01\/themenbild_pcs.jpg\" \/>\n\t<meta property=\"og:image:width\" content=\"731\" \/>\n\t<meta property=\"og:image:height\" content=\"208\" \/>\n\t<meta property=\"og:image:type\" content=\"image\/jpeg\" \/>\n<meta name=\"twitter:card\" content=\"summary_large_image\" \/>\n<meta name=\"twitter:label1\" content=\"Gesch\u00e4tzte Lesezeit\" \/>\n\t<meta name=\"twitter:data1\" content=\"5 Minuten\" \/>\n<script type=\"application\/ld+json\" class=\"yoast-schema-graph\">{\"@context\":\"https:\/\/schema.org\",\"@graph\":[{\"@type\":\"WebPage\",\"@id\":\"https:\/\/www.systag.ch\/de\/labor-reaktor-systeme\/produkte\/prozess-automation\/\",\"url\":\"https:\/\/www.systag.ch\/de\/labor-reaktor-systeme\/produkte\/prozess-automation\/\",\"name\":\"Prozess Automation - SYSTAG, System Technik AG\",\"isPartOf\":{\"@id\":\"https:\/\/www.systag.ch\/de\/#website\"},\"primaryImageOfPage\":{\"@id\":\"https:\/\/www.systag.ch\/de\/labor-reaktor-systeme\/produkte\/prozess-automation\/#primaryimage\"},\"image\":{\"@id\":\"https:\/\/www.systag.ch\/de\/labor-reaktor-systeme\/produkte\/prozess-automation\/#primaryimage\"},\"thumbnailUrl\":\"https:\/\/www.systag.ch\/wp-content\/uploads\/2020\/01\/themenbild_pcs.jpg\",\"datePublished\":\"2020-01-30T17:37:57+00:00\",\"dateModified\":\"2020-02-17T14:52:55+00:00\",\"description\":\"Prozess-Automation in der chemischen Industrie intelligent gel\u00f6st: SYSTAG.\",\"breadcrumb\":{\"@id\":\"https:\/\/www.systag.ch\/de\/labor-reaktor-systeme\/produkte\/prozess-automation\/#breadcrumb\"},\"inLanguage\":\"de-CH\",\"potentialAction\":[{\"@type\":\"ReadAction\",\"target\":[\"https:\/\/www.systag.ch\/de\/labor-reaktor-systeme\/produkte\/prozess-automation\/\"]}]},{\"@type\":\"ImageObject\",\"inLanguage\":\"de-CH\",\"@id\":\"https:\/\/www.systag.ch\/de\/labor-reaktor-systeme\/produkte\/prozess-automation\/#primaryimage\",\"url\":\"https:\/\/www.systag.ch\/wp-content\/uploads\/2020\/01\/themenbild_pcs.jpg\",\"contentUrl\":\"https:\/\/www.systag.ch\/wp-content\/uploads\/2020\/01\/themenbild_pcs.jpg\",\"width\":731,\"height\":208},{\"@type\":\"BreadcrumbList\",\"@id\":\"https:\/\/www.systag.ch\/de\/labor-reaktor-systeme\/produkte\/prozess-automation\/#breadcrumb\",\"itemListElement\":[{\"@type\":\"ListItem\",\"position\":1,\"name\":\"Home\",\"item\":\"https:\/\/www.systag.ch\/de\/\"},{\"@type\":\"ListItem\",\"position\":2,\"name\":\"Labor Reaktoren &amp; Systeme\",\"item\":\"https:\/\/www.systag.ch\/de\/labor-reaktor-systeme\/\"},{\"@type\":\"ListItem\",\"position\":3,\"name\":\"Produkte\",\"item\":\"https:\/\/www.systag.ch\/de\/labor-reaktor-systeme\/produkte\/\"},{\"@type\":\"ListItem\",\"position\":4,\"name\":\"Prozess Automation\"}]},{\"@type\":\"WebSite\",\"@id\":\"https:\/\/www.systag.ch\/de\/#website\",\"url\":\"https:\/\/www.systag.ch\/de\/\",\"name\":\"SYSTAG, System Technik AG\",\"description\":\"Automatisierte Laborsysteme und Kalorimetrie\",\"publisher\":{\"@id\":\"https:\/\/www.systag.ch\/de\/#organization\"},\"potentialAction\":[{\"@type\":\"SearchAction\",\"target\":{\"@type\":\"EntryPoint\",\"urlTemplate\":\"https:\/\/www.systag.ch\/de\/?s={search_term_string}\"},\"query-input\":{\"@type\":\"PropertyValueSpecification\",\"valueRequired\":true,\"valueName\":\"search_term_string\"}}],\"inLanguage\":\"de-CH\"},{\"@type\":\"Organization\",\"@id\":\"https:\/\/www.systag.ch\/de\/#organization\",\"name\":\"SYSTAG, System Technik AG\",\"url\":\"https:\/\/www.systag.ch\/de\/\",\"logo\":{\"@type\":\"ImageObject\",\"inLanguage\":\"de-CH\",\"@id\":\"https:\/\/www.systag.ch\/de\/#\/schema\/logo\/image\/\",\"url\":\"https:\/\/www.systag.ch\/wp-content\/uploads\/2020\/01\/logo_systag_en.png\",\"contentUrl\":\"https:\/\/www.systag.ch\/wp-content\/uploads\/2020\/01\/logo_systag_en.png\",\"width\":215,\"height\":80,\"caption\":\"SYSTAG, System Technik AG\"},\"image\":{\"@id\":\"https:\/\/www.systag.ch\/de\/#\/schema\/logo\/image\/\"}}]}<\/script>\n<!-- \/ Yoast SEO plugin. -->","yoast_head_json":{"title":"Prozess Automation - SYSTAG, System Technik AG","description":"Prozess-Automation in der chemischen Industrie intelligent gel\u00f6st: SYSTAG.","robots":{"index":"index","follow":"follow","max-snippet":"max-snippet:-1","max-image-preview":"max-image-preview:large","max-video-preview":"max-video-preview:-1"},"canonical":"https:\/\/www.systag.ch\/de\/labor-reaktor-systeme\/produkte\/prozess-automation\/","og_locale":"de_DE","og_type":"article","og_title":"Prozess Automation - SYSTAG, System Technik AG","og_description":"Prozess-Automation in der chemischen Industrie intelligent gel\u00f6st: SYSTAG.","og_url":"https:\/\/www.systag.ch\/de\/labor-reaktor-systeme\/produkte\/prozess-automation\/","og_site_name":"SYSTAG, System Technik AG","article_modified_time":"2020-02-17T14:52:55+00:00","og_image":[{"width":731,"height":208,"url":"https:\/\/www.systag.ch\/wp-content\/uploads\/2020\/01\/themenbild_pcs.jpg","type":"image\/jpeg"}],"twitter_card":"summary_large_image","twitter_misc":{"Gesch\u00e4tzte Lesezeit":"5 Minuten"},"schema":{"@context":"https:\/\/schema.org","@graph":[{"@type":"WebPage","@id":"https:\/\/www.systag.ch\/de\/labor-reaktor-systeme\/produkte\/prozess-automation\/","url":"https:\/\/www.systag.ch\/de\/labor-reaktor-systeme\/produkte\/prozess-automation\/","name":"Prozess Automation - SYSTAG, System Technik AG","isPartOf":{"@id":"https:\/\/www.systag.ch\/de\/#website"},"primaryImageOfPage":{"@id":"https:\/\/www.systag.ch\/de\/labor-reaktor-systeme\/produkte\/prozess-automation\/#primaryimage"},"image":{"@id":"https:\/\/www.systag.ch\/de\/labor-reaktor-systeme\/produkte\/prozess-automation\/#primaryimage"},"thumbnailUrl":"https:\/\/www.systag.ch\/wp-content\/uploads\/2020\/01\/themenbild_pcs.jpg","datePublished":"2020-01-30T17:37:57+00:00","dateModified":"2020-02-17T14:52:55+00:00","description":"Prozess-Automation in der chemischen Industrie intelligent gel\u00f6st: SYSTAG.","breadcrumb":{"@id":"https:\/\/www.systag.ch\/de\/labor-reaktor-systeme\/produkte\/prozess-automation\/#breadcrumb"},"inLanguage":"de-CH","potentialAction":[{"@type":"ReadAction","target":["https:\/\/www.systag.ch\/de\/labor-reaktor-systeme\/produkte\/prozess-automation\/"]}]},{"@type":"ImageObject","inLanguage":"de-CH","@id":"https:\/\/www.systag.ch\/de\/labor-reaktor-systeme\/produkte\/prozess-automation\/#primaryimage","url":"https:\/\/www.systag.ch\/wp-content\/uploads\/2020\/01\/themenbild_pcs.jpg","contentUrl":"https:\/\/www.systag.ch\/wp-content\/uploads\/2020\/01\/themenbild_pcs.jpg","width":731,"height":208},{"@type":"BreadcrumbList","@id":"https:\/\/www.systag.ch\/de\/labor-reaktor-systeme\/produkte\/prozess-automation\/#breadcrumb","itemListElement":[{"@type":"ListItem","position":1,"name":"Home","item":"https:\/\/www.systag.ch\/de\/"},{"@type":"ListItem","position":2,"name":"Labor Reaktoren &amp; Systeme","item":"https:\/\/www.systag.ch\/de\/labor-reaktor-systeme\/"},{"@type":"ListItem","position":3,"name":"Produkte","item":"https:\/\/www.systag.ch\/de\/labor-reaktor-systeme\/produkte\/"},{"@type":"ListItem","position":4,"name":"Prozess Automation"}]},{"@type":"WebSite","@id":"https:\/\/www.systag.ch\/de\/#website","url":"https:\/\/www.systag.ch\/de\/","name":"SYSTAG, System Technik AG","description":"Automatisierte Laborsysteme und Kalorimetrie","publisher":{"@id":"https:\/\/www.systag.ch\/de\/#organization"},"potentialAction":[{"@type":"SearchAction","target":{"@type":"EntryPoint","urlTemplate":"https:\/\/www.systag.ch\/de\/?s={search_term_string}"},"query-input":{"@type":"PropertyValueSpecification","valueRequired":true,"valueName":"search_term_string"}}],"inLanguage":"de-CH"},{"@type":"Organization","@id":"https:\/\/www.systag.ch\/de\/#organization","name":"SYSTAG, System Technik AG","url":"https:\/\/www.systag.ch\/de\/","logo":{"@type":"ImageObject","inLanguage":"de-CH","@id":"https:\/\/www.systag.ch\/de\/#\/schema\/logo\/image\/","url":"https:\/\/www.systag.ch\/wp-content\/uploads\/2020\/01\/logo_systag_en.png","contentUrl":"https:\/\/www.systag.ch\/wp-content\/uploads\/2020\/01\/logo_systag_en.png","width":215,"height":80,"caption":"SYSTAG, System Technik AG"},"image":{"@id":"https:\/\/www.systag.ch\/de\/#\/schema\/logo\/image\/"}}]}},"_links":{"self":[{"href":"https:\/\/www.systag.ch\/de\/wp-json\/wp\/v2\/pages\/4980"}],"collection":[{"href":"https:\/\/www.systag.ch\/de\/wp-json\/wp\/v2\/pages"}],"about":[{"href":"https:\/\/www.systag.ch\/de\/wp-json\/wp\/v2\/types\/page"}],"author":[{"embeddable":true,"href":"https:\/\/www.systag.ch\/de\/wp-json\/wp\/v2\/users\/2"}],"replies":[{"embeddable":true,"href":"https:\/\/www.systag.ch\/de\/wp-json\/wp\/v2\/comments?post=4980"}],"version-history":[{"count":7,"href":"https:\/\/www.systag.ch\/de\/wp-json\/wp\/v2\/pages\/4980\/revisions"}],"predecessor-version":[{"id":6230,"href":"https:\/\/www.systag.ch\/de\/wp-json\/wp\/v2\/pages\/4980\/revisions\/6230"}],"up":[{"embeddable":true,"href":"https:\/\/www.systag.ch\/de\/wp-json\/wp\/v2\/pages\/4877"}],"wp:featuredmedia":[{"embeddable":true,"href":"https:\/\/www.systag.ch\/de\/wp-json\/wp\/v2\/media\/3178"}],"wp:attachment":[{"href":"https:\/\/www.systag.ch\/de\/wp-json\/wp\/v2\/media?parent=4980"}],"curies":[{"name":"wp","href":"https:\/\/api.w.org\/{rel}","templated":true}]}}