{"id":4939,"date":"2020-01-30T16:50:09","date_gmt":"2020-01-30T15:50:09","guid":{"rendered":"https:\/\/www.systag.ch\/firma\/offene-stellen\/"},"modified":"2026-03-09T16:19:38","modified_gmt":"2026-03-09T15:19:38","slug":"offene-stellen","status":"publish","type":"page","link":"https:\/\/www.systag.ch\/de\/firma\/offene-stellen\/","title":{"rendered":"Offene Stellen"},"content":{"rendered":"<p>[et_pb_section fb_built=&#8221;1&#8243; _builder_version=&#8221;4.27.4&#8243; width=&#8221;90%&#8221; max_width=&#8221;1366px&#8221; module_alignment=&#8221;center&#8221; custom_margin=&#8221;-50px||||false|false&#8221; custom_margin_tablet=&#8221;-100px||||false|false&#8221; custom_margin_phone=&#8221;&#8221; custom_margin_last_edited=&#8221;on|tablet&#8221; custom_padding=&#8221;||||false|false&#8221; global_colors_info=&#8221;{}&#8221;][et_pb_row use_custom_gutter=&#8221;on&#8221; gutter_width=&#8221;1&#8243; disabled_on=&#8221;off|off|off&#8221; _builder_version=&#8221;4.27.4&#8243; background_size=&#8221;initial&#8221; background_position=&#8221;top_left&#8221; background_repeat=&#8221;repeat&#8221; width=&#8221;100%&#8221; max_width=&#8221;1366px&#8221; module_alignment=&#8221;center&#8221; custom_margin=&#8221;||||false|false&#8221; collapsed=&#8221;off&#8221; global_colors_info=&#8221;{}&#8221;][et_pb_column type=&#8221;4_4&#8243; _builder_version=&#8221;4.16&#8243; custom_padding=&#8221;|||&#8221; global_colors_info=&#8221;{}&#8221; custom_padding__hover=&#8221;|||&#8221;][et_pb_text disabled_on=&#8221;off|off|off&#8221; admin_label=&#8221;Text&#8221; _builder_version=&#8221;4.25.1&#8243; global_colors_info=&#8221;{}&#8221;]<\/p>\n<h3>Wir suchen Sie<\/h3>\n<p>[\/et_pb_text][et_pb_divider show_divider=&#8221;off&#8221; disabled_on=&#8221;on|on|on&#8221; admin_label=&#8221;Teiler&#8221; _builder_version=&#8221;4.25.1&#8243; _module_preset=&#8221;default&#8221; disabled=&#8221;on&#8221; locked=&#8221;off&#8221; global_colors_info=&#8221;{}&#8221;][\/et_pb_divider][et_pb_button button_url=&#8221;https:\/\/www.glauspersonal.ch\/jobs\/junior-sales-engineer-mit-fokus-usa-w-m\/&#8221; url_new_window=&#8221;on&#8221; button_text=&#8221;Junior Sales Engineer mit Fokus USA w\/m\/d&#8221; disabled_on=&#8221;on|on|on&#8221; admin_label=&#8221;Button&#8221; _builder_version=&#8221;4.25.1&#8243; _module_preset=&#8221;default&#8221; disabled=&#8221;on&#8221; global_colors_info=&#8221;{}&#8221;][\/et_pb_button][et_pb_divider show_divider=&#8221;off&#8221; disabled_on=&#8221;on|on|on&#8221; admin_label=&#8221;Teiler&#8221; _builder_version=&#8221;4.25.1&#8243; _module_preset=&#8221;default&#8221; disabled=&#8221;on&#8221; locked=&#8221;off&#8221; global_colors_info=&#8221;{}&#8221;][\/et_pb_divider][et_pb_text disabled_on=&#8221;on|on|on&#8221; admin_label=&#8221;Text&#8221; _builder_version=&#8221;4.25.1&#8243; link_option_url_new_window=&#8221;on&#8221; disabled=&#8221;on&#8221; locked=&#8221;off&#8221; global_colors_info=&#8221;{}&#8221;]<\/p>\n<p>Als talentierter Sales Manager erwartet Sie eine herausfordernde und spannende T\u00e4tigkeit in einem dynamischen Arbeitsumfeld. Mit attraktiven Karriereperspektiven bieten wir Ihnen die M\u00f6glichkeit, Ihre vertrieblichen F\u00e4higkeiten voll auszusch\u00f6pfen und zum Erfolg unseres Unternehmens beizutragen.<\/p>\n<p>Sie sind eine gewinnende, verkaufsorientierte Pers\u00f6nlichkeit und verf\u00fcgen idealerweise \u00fcber ein abgeschlossenes Ingenieurstudium oder Labor- und Verkaufserfahrung? Haben Sie ausserdem eine hohe Affinit\u00e4t zu den USA und sprechen Sie verhandlungssicher Englisch in Wort und Schrift? Sind Sie bereit zu reisen f\u00fcr ca. 8 Wochen w\u00e4hrend dem Jahr?<br \/>Dann bewerben Sie sich unverz\u00fcglich<\/p>\n<p>[\/et_pb_text][et_pb_divider show_divider=&#8221;off&#8221; disabled_on=&#8221;on|on|on&#8221; admin_label=&#8221;Teiler&#8221; _builder_version=&#8221;4.25.1&#8243; _module_preset=&#8221;default&#8221; disabled=&#8221;on&#8221; locked=&#8221;off&#8221; global_colors_info=&#8221;{}&#8221;][\/et_pb_divider][et_pb_divider show_divider=&#8221;off&#8221; disabled_on=&#8221;on|on|on&#8221; _builder_version=&#8221;4.18.0&#8243; _module_preset=&#8221;default&#8221; disabled=&#8221;on&#8221; global_colors_info=&#8221;{}&#8221;][\/et_pb_divider][et_pb_button button_url=&#8221;https:\/\/www.systag.ch\/wp-content\/uploads\/2024\/08\/Entwicklungs-Ingenieur_20240806.pdf&#8221; url_new_window=&#8221;on&#8221; button_text=&#8221;Development Engineer Electronics and Software (m\/f)&#8221; disabled_on=&#8221;on|on|on&#8221; _builder_version=&#8221;4.27.5&#8243; _module_preset=&#8221;default&#8221; disabled=&#8221;on&#8221; global_colors_info=&#8221;{}&#8221;][\/et_pb_button][et_pb_divider show_divider=&#8221;off&#8221; disabled_on=&#8221;on|on|on&#8221; _builder_version=&#8221;4.18.0&#8243; _module_preset=&#8221;default&#8221; disabled=&#8221;on&#8221; global_colors_info=&#8221;{}&#8221;][\/et_pb_divider][et_pb_text disabled_on=&#8221;on|on|on&#8221; _builder_version=&#8221;4.25.1&#8243; disabled=&#8221;on&#8221; global_colors_info=&#8221;{}&#8221;]<\/p>\n<p>Wir suchen eine unternehmerisch agierende und kommunikationsstarke Pers\u00f6nlichkeit als Entwicklungsingenieur Automation u. Data Science (m\/w\/d).<\/p>\n<p>[\/et_pb_text][\/et_pb_column][\/et_pb_row][et_pb_row use_custom_gutter=&#8221;on&#8221; gutter_width=&#8221;1&#8243; disabled_on=&#8221;on|on|on&#8221; _builder_version=&#8221;4.27.5&#8243; background_size=&#8221;initial&#8221; background_position=&#8221;top_left&#8221; background_repeat=&#8221;repeat&#8221; width=&#8221;100%&#8221; max_width=&#8221;1366px&#8221; module_alignment=&#8221;center&#8221; custom_margin=&#8221;||||false|false&#8221; collapsed=&#8221;off&#8221; global_colors_info=&#8221;{}&#8221; disabled=&#8221;on&#8221;][et_pb_column type=&#8221;4_4&#8243; _builder_version=&#8221;4.16&#8243; custom_padding=&#8221;|||&#8221; global_colors_info=&#8221;{}&#8221; custom_padding__hover=&#8221;|||&#8221;][et_pb_text disabled_on=&#8221;off|off|off&#8221; admin_label=&#8221;Text&#8221; _builder_version=&#8221;4.27.5&#8243; link_option_url_new_window=&#8221;on&#8221; locked=&#8221;off&#8221; global_colors_info=&#8221;{}&#8221;]<\/p>\n<h4><span style=\"color: #ff0000;\">Praktikum im Qualit\u00e4tsmanagement (ISO\u202f9001) \u2013 ca. 200 Stunden <\/span><\/h4>\n<p><strong>Standort:<\/strong> R\u00fcschlikon, Z\u00fcrich<br \/><strong>Start:<\/strong> Nach Vereinbarung<\/p>\n<p>\u00dcber uns:<br \/>Wir sind ein innovatives Unternehmen im Bereich der Prozessautomatisierung \/ chemischen Verfahrenstechnik, welches sich auf hochwertige L\u00f6sungen f\u00fcr unsere Kunden spezialisiert hat. Zur Unterst\u00fctzung bei der Einf\u00fchrung unseres ISO\u202f9001-Qualit\u00e4tsmanagementsystems suchen wir eine engagierte Praktikantin oder einen engagierten Praktikanten. <\/p>\n<p><strong>Ihre Aufgaben:<\/strong><\/p>\n<ul>\n<li>Mitarbeit bei der Erstellung und Pflege von QM-Dokumentationen (Prozessbeschreibungen, Arbeitsanweisungen, SOPs)<\/li>\n<li>Unterst\u00fctzung bei der Vorbereitung interner Audits<\/li>\n<li>Mitwirkung bei der Implementierung von ISO\u202f9001-Anforderungen in bestehende Prozesse<\/li>\n<li>Organisation und Ablage von relevanten Unterlagen<\/li>\n<li>Unterst\u00fctzung bei Schulungen und Kommunikation im Unternehmen<\/li>\n<\/ul>\n<p><strong>Ihr Profil:<\/strong><\/p>\n<ul>\n<li>\n<div>Abgeschlossene kaufm\u00e4nnische oder technische Ausbildung, oder relevante Berufserfahrung in einem betriebswirtschaftlichen, qualit\u00e4tsorientierten, technischen Umfeld<\/div>\n<\/li>\n<li>Deutsch als Muttersprache<\/li>\n<li>Interesse an Qualit\u00e4tsmanagement und Normen (ISO\u202f9001)<\/li>\n<li>Selbst\u00e4ndige, strukturierte Arbeitsweise und gute Kommunikationsf\u00e4higkeiten<\/li>\n<li>Sicherer Umgang mit MS Office<\/li>\n<\/ul>\n<p><strong>Wir bieten:<\/strong><\/p>\n<ul>\n<li>Einblick in die praktische Umsetzung eines ISO\u202f9001-Systems<\/li>\n<li>Flexible Arbeitszeiten (ca. 200 Stunden insgesamt)<\/li>\n<li>Arbeitsplatz in Gehdistanz zum Bahnhof R\u00fcschlikon<\/li>\n<li>Mitarbeit in einem motivierten Team<\/li>\n<li>M\u00f6glichkeit, wertvolle Praxiserfahrung f\u00fcr Studium oder Berufseinstieg zu sammeln<\/li>\n<\/ul>\n<p><strong>Kontakt:<\/strong><br \/>Bitte senden Sie Ihre Bewerbungsunterlagen (Lebenslauf, kurzes Motivationsschreiben) an:<br \/>Uri Neufeld, <a href=\"mailto:uri.neufeld@systag.ch\">uri.neufeld@systag.ch<\/a>, +41 44 704 54 65<\/p>\n<p>[\/et_pb_text][et_pb_divider show_divider=&#8221;off&#8221; disabled_on=&#8221;off|off|off&#8221; _builder_version=&#8221;4.27.5&#8243; _module_preset=&#8221;default&#8221; global_colors_info=&#8221;{}&#8221;][\/et_pb_divider][\/et_pb_column][\/et_pb_row][et_pb_row _builder_version=&#8221;4.27.4&#8243; _module_preset=&#8221;default&#8221; width=&#8221;100%&#8221; max_width=&#8221;1366px&#8221; module_alignment=&#8221;center&#8221; custom_margin=&#8221;|auto||0px||&#8221; global_colors_info=&#8221;{}&#8221;][et_pb_column type=&#8221;4_4&#8243; _builder_version=&#8221;4.16&#8243; _module_preset=&#8221;default&#8221; global_colors_info=&#8221;{}&#8221;][et_pb_divider show_divider=&#8221;off&#8221; _builder_version=&#8221;4.18.0&#8243; _module_preset=&#8221;default&#8221; custom_margin=&#8221;||20px|||&#8221; global_colors_info=&#8221;{}&#8221;][\/et_pb_divider][et_pb_text _builder_version=&#8221;4.16&#8243; _module_preset=&#8221;default&#8221; module_alignment=&#8221;left&#8221; global_colors_info=&#8221;{}&#8221;]Keine passende Stelle gefunden? Wir freuen uns \u00fcber Ihre Spontanbewerbung <a href=\"mailto:infos@systag.ch\"><font color=\"red\">hier<\/a>. [\/et_pb_text][\/et_pb_column][\/et_pb_row][\/et_pb_section]<\/p>\n","protected":false},"excerpt":{"rendered":"<p>Firma &#8211; Offene Stellen<\/p>\n","protected":false},"author":2,"featured_media":3194,"parent":2864,"menu_order":40,"comment_status":"closed","ping_status":"closed","template":"","meta":{"_et_pb_use_builder":"on","_et_pb_old_content":"","_et_gb_content_width":"","footnotes":""},"class_list":["post-4939","page","type-page","status-publish","has-post-thumbnail","hentry"],"yoast_head":"<!-- This site is optimized with the Yoast SEO plugin v25.6 - https:\/\/yoast.com\/wordpress\/plugins\/seo\/ -->\n<title>Offene Stellen - SYSTAG, System Technik AG<\/title>\n<meta name=\"description\" content=\"Offene Stellen bei SYSTAG: Wir suchen Sie Wir suchen Sie Wir suchen regelm\u00e4ssig Spezialisten f\u00fcr den Bereich der automatisierten Labor-Produktion in der chemischen und pharmazeutischen Industrie.\" \/>\n<meta name=\"robots\" content=\"index, follow, max-snippet:-1, max-image-preview:large, max-video-preview:-1\" \/>\n<link rel=\"canonical\" href=\"https:\/\/www.systag.ch\/de\/firma\/offene-stellen\/\" \/>\n<meta property=\"og:locale\" content=\"de_DE\" \/>\n<meta property=\"og:type\" content=\"article\" \/>\n<meta property=\"og:title\" content=\"Offene Stellen - SYSTAG, System Technik AG\" \/>\n<meta property=\"og:description\" content=\"Offene Stellen bei SYSTAG: Wir suchen Sie Wir suchen Sie Wir suchen regelm\u00e4ssig Spezialisten f\u00fcr den Bereich der automatisierten Labor-Produktion in der chemischen und pharmazeutischen Industrie.\" \/>\n<meta property=\"og:url\" content=\"https:\/\/www.systag.ch\/de\/firma\/offene-stellen\/\" \/>\n<meta property=\"og:site_name\" content=\"SYSTAG, System Technik AG\" \/>\n<meta property=\"article:modified_time\" content=\"2026-03-09T15:19:38+00:00\" \/>\n<meta property=\"og:image\" content=\"https:\/\/www.systag.ch\/wp-content\/uploads\/2020\/01\/themenbild_company.jpg\" \/>\n\t<meta property=\"og:image:width\" content=\"731\" \/>\n\t<meta property=\"og:image:height\" content=\"208\" \/>\n\t<meta property=\"og:image:type\" content=\"image\/jpeg\" \/>\n<meta name=\"twitter:card\" content=\"summary_large_image\" \/>\n<meta name=\"twitter:label1\" content=\"Gesch\u00e4tzte Lesezeit\" \/>\n\t<meta name=\"twitter:data1\" content=\"2 Minuten\" \/>\n<script type=\"application\/ld+json\" class=\"yoast-schema-graph\">{\"@context\":\"https:\/\/schema.org\",\"@graph\":[{\"@type\":\"WebPage\",\"@id\":\"https:\/\/www.systag.ch\/de\/firma\/offene-stellen\/\",\"url\":\"https:\/\/www.systag.ch\/de\/firma\/offene-stellen\/\",\"name\":\"Offene Stellen - SYSTAG, System Technik AG\",\"isPartOf\":{\"@id\":\"https:\/\/www.systag.ch\/de\/#website\"},\"primaryImageOfPage\":{\"@id\":\"https:\/\/www.systag.ch\/de\/firma\/offene-stellen\/#primaryimage\"},\"image\":{\"@id\":\"https:\/\/www.systag.ch\/de\/firma\/offene-stellen\/#primaryimage\"},\"thumbnailUrl\":\"https:\/\/www.systag.ch\/wp-content\/uploads\/2020\/01\/themenbild_company.jpg\",\"datePublished\":\"2020-01-30T15:50:09+00:00\",\"dateModified\":\"2026-03-09T15:19:38+00:00\",\"description\":\"Offene Stellen bei SYSTAG: Wir suchen Sie Wir suchen Sie Wir suchen regelm\u00e4ssig Spezialisten f\u00fcr den Bereich der automatisierten Labor-Produktion in der chemischen und pharmazeutischen Industrie.\",\"breadcrumb\":{\"@id\":\"https:\/\/www.systag.ch\/de\/firma\/offene-stellen\/#breadcrumb\"},\"inLanguage\":\"de-CH\",\"potentialAction\":[{\"@type\":\"ReadAction\",\"target\":[\"https:\/\/www.systag.ch\/de\/firma\/offene-stellen\/\"]}]},{\"@type\":\"ImageObject\",\"inLanguage\":\"de-CH\",\"@id\":\"https:\/\/www.systag.ch\/de\/firma\/offene-stellen\/#primaryimage\",\"url\":\"https:\/\/www.systag.ch\/wp-content\/uploads\/2020\/01\/themenbild_company.jpg\",\"contentUrl\":\"https:\/\/www.systag.ch\/wp-content\/uploads\/2020\/01\/themenbild_company.jpg\",\"width\":731,\"height\":208},{\"@type\":\"BreadcrumbList\",\"@id\":\"https:\/\/www.systag.ch\/de\/firma\/offene-stellen\/#breadcrumb\",\"itemListElement\":[{\"@type\":\"ListItem\",\"position\":1,\"name\":\"Home\",\"item\":\"https:\/\/www.systag.ch\/de\/\"},{\"@type\":\"ListItem\",\"position\":2,\"name\":\"Firma\",\"item\":\"https:\/\/www.systag.ch\/de\/firma\/\"},{\"@type\":\"ListItem\",\"position\":3,\"name\":\"Offene Stellen\"}]},{\"@type\":\"WebSite\",\"@id\":\"https:\/\/www.systag.ch\/de\/#website\",\"url\":\"https:\/\/www.systag.ch\/de\/\",\"name\":\"SYSTAG, System Technik AG\",\"description\":\"Automatisierte Laborsysteme und Kalorimetrie\",\"publisher\":{\"@id\":\"https:\/\/www.systag.ch\/de\/#organization\"},\"potentialAction\":[{\"@type\":\"SearchAction\",\"target\":{\"@type\":\"EntryPoint\",\"urlTemplate\":\"https:\/\/www.systag.ch\/de\/?s={search_term_string}\"},\"query-input\":{\"@type\":\"PropertyValueSpecification\",\"valueRequired\":true,\"valueName\":\"search_term_string\"}}],\"inLanguage\":\"de-CH\"},{\"@type\":\"Organization\",\"@id\":\"https:\/\/www.systag.ch\/de\/#organization\",\"name\":\"SYSTAG, System Technik AG\",\"url\":\"https:\/\/www.systag.ch\/de\/\",\"logo\":{\"@type\":\"ImageObject\",\"inLanguage\":\"de-CH\",\"@id\":\"https:\/\/www.systag.ch\/de\/#\/schema\/logo\/image\/\",\"url\":\"https:\/\/www.systag.ch\/wp-content\/uploads\/2020\/01\/logo_systag_en.png\",\"contentUrl\":\"https:\/\/www.systag.ch\/wp-content\/uploads\/2020\/01\/logo_systag_en.png\",\"width\":215,\"height\":80,\"caption\":\"SYSTAG, System Technik AG\"},\"image\":{\"@id\":\"https:\/\/www.systag.ch\/de\/#\/schema\/logo\/image\/\"}}]}<\/script>\n<!-- \/ Yoast SEO plugin. -->","yoast_head_json":{"title":"Offene Stellen - SYSTAG, System Technik AG","description":"Offene Stellen bei SYSTAG: Wir suchen Sie Wir suchen Sie Wir suchen regelm\u00e4ssig Spezialisten f\u00fcr den Bereich der automatisierten Labor-Produktion in der chemischen und pharmazeutischen Industrie.","robots":{"index":"index","follow":"follow","max-snippet":"max-snippet:-1","max-image-preview":"max-image-preview:large","max-video-preview":"max-video-preview:-1"},"canonical":"https:\/\/www.systag.ch\/de\/firma\/offene-stellen\/","og_locale":"de_DE","og_type":"article","og_title":"Offene Stellen - SYSTAG, System Technik AG","og_description":"Offene Stellen bei SYSTAG: Wir suchen Sie Wir suchen Sie Wir suchen regelm\u00e4ssig Spezialisten f\u00fcr den Bereich der automatisierten Labor-Produktion in der chemischen und pharmazeutischen Industrie.","og_url":"https:\/\/www.systag.ch\/de\/firma\/offene-stellen\/","og_site_name":"SYSTAG, System Technik AG","article_modified_time":"2026-03-09T15:19:38+00:00","og_image":[{"width":731,"height":208,"url":"https:\/\/www.systag.ch\/wp-content\/uploads\/2020\/01\/themenbild_company.jpg","type":"image\/jpeg"}],"twitter_card":"summary_large_image","twitter_misc":{"Gesch\u00e4tzte Lesezeit":"2 Minuten"},"schema":{"@context":"https:\/\/schema.org","@graph":[{"@type":"WebPage","@id":"https:\/\/www.systag.ch\/de\/firma\/offene-stellen\/","url":"https:\/\/www.systag.ch\/de\/firma\/offene-stellen\/","name":"Offene Stellen - SYSTAG, System Technik AG","isPartOf":{"@id":"https:\/\/www.systag.ch\/de\/#website"},"primaryImageOfPage":{"@id":"https:\/\/www.systag.ch\/de\/firma\/offene-stellen\/#primaryimage"},"image":{"@id":"https:\/\/www.systag.ch\/de\/firma\/offene-stellen\/#primaryimage"},"thumbnailUrl":"https:\/\/www.systag.ch\/wp-content\/uploads\/2020\/01\/themenbild_company.jpg","datePublished":"2020-01-30T15:50:09+00:00","dateModified":"2026-03-09T15:19:38+00:00","description":"Offene Stellen bei SYSTAG: Wir suchen Sie Wir suchen Sie Wir suchen regelm\u00e4ssig Spezialisten f\u00fcr den Bereich der automatisierten Labor-Produktion in der chemischen und pharmazeutischen Industrie.","breadcrumb":{"@id":"https:\/\/www.systag.ch\/de\/firma\/offene-stellen\/#breadcrumb"},"inLanguage":"de-CH","potentialAction":[{"@type":"ReadAction","target":["https:\/\/www.systag.ch\/de\/firma\/offene-stellen\/"]}]},{"@type":"ImageObject","inLanguage":"de-CH","@id":"https:\/\/www.systag.ch\/de\/firma\/offene-stellen\/#primaryimage","url":"https:\/\/www.systag.ch\/wp-content\/uploads\/2020\/01\/themenbild_company.jpg","contentUrl":"https:\/\/www.systag.ch\/wp-content\/uploads\/2020\/01\/themenbild_company.jpg","width":731,"height":208},{"@type":"BreadcrumbList","@id":"https:\/\/www.systag.ch\/de\/firma\/offene-stellen\/#breadcrumb","itemListElement":[{"@type":"ListItem","position":1,"name":"Home","item":"https:\/\/www.systag.ch\/de\/"},{"@type":"ListItem","position":2,"name":"Firma","item":"https:\/\/www.systag.ch\/de\/firma\/"},{"@type":"ListItem","position":3,"name":"Offene Stellen"}]},{"@type":"WebSite","@id":"https:\/\/www.systag.ch\/de\/#website","url":"https:\/\/www.systag.ch\/de\/","name":"SYSTAG, System Technik AG","description":"Automatisierte Laborsysteme und Kalorimetrie","publisher":{"@id":"https:\/\/www.systag.ch\/de\/#organization"},"potentialAction":[{"@type":"SearchAction","target":{"@type":"EntryPoint","urlTemplate":"https:\/\/www.systag.ch\/de\/?s={search_term_string}"},"query-input":{"@type":"PropertyValueSpecification","valueRequired":true,"valueName":"search_term_string"}}],"inLanguage":"de-CH"},{"@type":"Organization","@id":"https:\/\/www.systag.ch\/de\/#organization","name":"SYSTAG, System Technik AG","url":"https:\/\/www.systag.ch\/de\/","logo":{"@type":"ImageObject","inLanguage":"de-CH","@id":"https:\/\/www.systag.ch\/de\/#\/schema\/logo\/image\/","url":"https:\/\/www.systag.ch\/wp-content\/uploads\/2020\/01\/logo_systag_en.png","contentUrl":"https:\/\/www.systag.ch\/wp-content\/uploads\/2020\/01\/logo_systag_en.png","width":215,"height":80,"caption":"SYSTAG, System Technik AG"},"image":{"@id":"https:\/\/www.systag.ch\/de\/#\/schema\/logo\/image\/"}}]}},"_links":{"self":[{"href":"https:\/\/www.systag.ch\/de\/wp-json\/wp\/v2\/pages\/4939"}],"collection":[{"href":"https:\/\/www.systag.ch\/de\/wp-json\/wp\/v2\/pages"}],"about":[{"href":"https:\/\/www.systag.ch\/de\/wp-json\/wp\/v2\/types\/page"}],"author":[{"embeddable":true,"href":"https:\/\/www.systag.ch\/de\/wp-json\/wp\/v2\/users\/2"}],"replies":[{"embeddable":true,"href":"https:\/\/www.systag.ch\/de\/wp-json\/wp\/v2\/comments?post=4939"}],"version-history":[{"count":120,"href":"https:\/\/www.systag.ch\/de\/wp-json\/wp\/v2\/pages\/4939\/revisions"}],"predecessor-version":[{"id":9621,"href":"https:\/\/www.systag.ch\/de\/wp-json\/wp\/v2\/pages\/4939\/revisions\/9621"}],"up":[{"embeddable":true,"href":"https:\/\/www.systag.ch\/de\/wp-json\/wp\/v2\/pages\/2864"}],"wp:featuredmedia":[{"embeddable":true,"href":"https:\/\/www.systag.ch\/de\/wp-json\/wp\/v2\/media\/3194"}],"wp:attachment":[{"href":"https:\/\/www.systag.ch\/de\/wp-json\/wp\/v2\/media?parent=4939"}],"curies":[{"name":"wp","href":"https:\/\/api.w.org\/{rel}","templated":true}]}}