{"id":4923,"date":"2020-01-30T16:31:31","date_gmt":"2020-01-30T15:31:31","guid":{"rendered":"https:\/\/www.systag.ch\/engineering\/datenspeicherung\/"},"modified":"2020-07-24T13:50:10","modified_gmt":"2020-07-24T11:50:10","slug":"datenspeicherung","status":"publish","type":"page","link":"https:\/\/www.systag.ch\/de\/engineering\/datenspeicherung\/","title":{"rendered":"Datenspeicherung"},"content":{"rendered":"<p>[et_pb_section fb_built=&#8221;1&#8243; use_custom_gutter=&#8221;on&#8221; gutter_width=&#8221;1&#8243; specialty=&#8221;on&#8221; padding_top_bottom_link_1=&#8221;false&#8221; padding_top_bottom_link_2=&#8221;false&#8221; padding_left_right_link_1=&#8221;false&#8221; padding_left_right_link_2=&#8221;false&#8221; padding_right_1=&#8221;7.5px&#8221; padding_left_2=&#8221;7.5px&#8221; padding_1_tablet=&#8221;|0px|||false|false&#8221; padding_2_tablet=&#8221;|||0px|false|false&#8221; padding_1_phone=&#8221;&#8221; padding_2_phone=&#8221;&#8221; padding_1_last_edited=&#8221;on|tablet&#8221; padding_2_last_edited=&#8221;on|desktop&#8221; admin_label=&#8221;Spezial 66\/33 darunter Variabel\/33&#8243; _builder_version=&#8221;4.2.2&#8243; width=&#8221;100%&#8221; max_width=&#8221;1366px&#8221; module_alignment=&#8221;left&#8221; inner_width=&#8221;100%&#8221; inner_max_width=&#8221;1366px&#8221; inner_module_alignment=&#8221;center&#8221; custom_margin=&#8221;||||false|false&#8221; custom_padding=&#8221;0px||0px|0px||&#8221; saved_tabs=&#8221;all&#8221; locked=&#8221;off&#8221;][et_pb_column type=&#8221;2_3&#8243; specialty_columns=&#8221;2&#8243; _builder_version=&#8221;3.25&#8243; custom_padding=&#8221;|||&#8221; custom_padding__hover=&#8221;|||&#8221;][et_pb_row_inner custom_padding_last_edited=&#8221;on|tablet&#8221; admin_label=&#8221;66% Block&#8221; _builder_version=&#8221;4.2.2&#8243; custom_margin=&#8221;||||false|false&#8221; custom_padding=&#8221;0px||15px||false|false&#8221; custom_padding_tablet=&#8221;|0px|||false|false&#8221; custom_padding_phone=&#8221;&#8221;][et_pb_column_inner saved_specialty_column_type=&#8221;2_3&#8243; _builder_version=&#8221;4.0.11&#8243;][et_pb_text admin_label=&#8221;Titelbalken dunkelgrau&#8221; _builder_version=&#8221;4.2.2&#8243; text_font=&#8221;|700|||||||&#8221; header_3_font=&#8221;|600|||||||&#8221; header_3_text_color=&#8221;#ffffff&#8221; header_3_line_height=&#8221;1.1em&#8221; background_color=&#8221;#555665&#8243; width=&#8221;100%&#8221; max_height=&#8221;50px&#8221; max_height_tablet=&#8221;&#8221; max_height_phone=&#8221;75px&#8221; max_height_last_edited=&#8221;on|tablet&#8221; custom_margin=&#8221;||||false|false&#8221; custom_margin_tablet=&#8221;|||0px|false|false&#8221; custom_margin_phone=&#8221;&#8221; custom_margin_last_edited=&#8221;on|tablet&#8221; custom_padding=&#8221;15px||15px|15px|true|false&#8221; custom_padding_tablet=&#8221;||5px||false|true&#8221; custom_padding_phone=&#8221;&#8221; custom_padding_last_edited=&#8221;on|phone&#8221; border_radii=&#8221;on|10px|10px|10px|10px&#8221;]<\/p>\n<h3>Datenspeicherung<\/h3>\n<p>[\/et_pb_text][\/et_pb_column_inner][\/et_pb_row_inner][et_pb_row_inner column_structure=&#8221;1_2,1_2&#8243; admin_label=&#8221;33\/33 Block&#8221; _builder_version=&#8221;4.2.2&#8243; custom_margin=&#8221;||||false|false&#8221; custom_padding=&#8221;0px||15px||false|false&#8221;][et_pb_column_inner type=&#8221;1_2&#8243; saved_specialty_column_type=&#8221;2_3&#8243; _builder_version=&#8221;4.2.2&#8243; custom_padding=&#8221;|7.5px|||false|false&#8221; custom_padding_tablet=&#8221;|0px|||false|false&#8221; custom_padding_phone=&#8221;&#8221; custom_padding_last_edited=&#8221;on|tablet&#8221;][et_pb_text _builder_version=&#8221;4.2.2&#8243; header_3_text_color=&#8221;#e02b20&#8243; custom_margin=&#8221;|15px|||false|false&#8221; custom_padding=&#8221;||15px||false|false&#8221;]<\/p>\n<h3>\u00abIhr Wissen ist Gold wert. Lassen Sie Ihre Daten sicher speichern.\u00bb<\/h3>\n<p>Diversifizierte und redundante Speicherstrategie garantieren Ihnen die Zug\u00e4nglichkeit und Vollst\u00e4ndigkeit Ihrer Datenbank \u2013 auch in zehn Jahren noch.<\/p>\n<p>Mit fortgeschrittenen Datenarchivierungsl\u00f6sungen, k\u00f6nnen Sie zu jeder Zeit und vom jeden Ort die gew\u00fcnschte Testserie unmittelbar wiederfinden.<\/p>\n<p>[\/et_pb_text][\/et_pb_column_inner][et_pb_column_inner type=&#8221;1_2&#8243; saved_specialty_column_type=&#8221;2_3&#8243; _builder_version=&#8221;4.2.2&#8243; custom_padding=&#8221;|||7.5px|false|false&#8221; custom_padding_tablet=&#8221;|||0px|false|false&#8221; custom_padding_phone=&#8221;&#8221; custom_padding_last_edited=&#8221;on|tablet&#8221;][et_pb_image src=&#8221;https:\/\/www.systag.ch\/wp-content\/uploads\/2020\/01\/Dataspeicherung.jpg&#8221; alt=&#8221;Dataspeicherung&#8221; title_text=&#8221;Dataspeicherung&#8221; _builder_version=&#8221;4.2.2&#8243;][\/et_pb_image][\/et_pb_column_inner][\/et_pb_row_inner][et_pb_row_inner custom_padding_last_edited=&#8221;on|tablet&#8221; admin_label=&#8221;66% Block&#8221; _builder_version=&#8221;4.2.2&#8243; custom_margin=&#8221;||||false|false&#8221; custom_padding=&#8221;0px||15px||false|false&#8221; custom_padding_tablet=&#8221;|0px|||false|false&#8221; custom_padding_phone=&#8221;&#8221;][et_pb_column_inner saved_specialty_column_type=&#8221;2_3&#8243; _builder_version=&#8221;4.0.11&#8243;][et_pb_text admin_label=&#8221;Titelbalken dunkelgrau&#8221; _builder_version=&#8221;4.2.2&#8243; text_font=&#8221;|700|||||||&#8221; header_3_font=&#8221;|600|||||||&#8221; header_3_text_color=&#8221;#ffffff&#8221; header_3_line_height=&#8221;1.1em&#8221; background_color=&#8221;#555665&#8243; width=&#8221;100%&#8221; max_height=&#8221;50px&#8221; max_height_tablet=&#8221;&#8221; max_height_phone=&#8221;75px&#8221; max_height_last_edited=&#8221;on|tablet&#8221; custom_margin=&#8221;||||false|false&#8221; custom_margin_tablet=&#8221;|||0px|false|false&#8221; custom_margin_phone=&#8221;&#8221; custom_margin_last_edited=&#8221;on|tablet&#8221; custom_padding=&#8221;15px||15px|15px|true|false&#8221; custom_padding_tablet=&#8221;||5px||false|true&#8221; custom_padding_phone=&#8221;&#8221; custom_padding_last_edited=&#8221;on|phone&#8221; border_radii=&#8221;on|10px|10px|10px|10px&#8221;]<\/p>\n<h3>Strukturierung der Daten<\/h3>\n<p>[\/et_pb_text][\/et_pb_column_inner][\/et_pb_row_inner][et_pb_row_inner column_structure=&#8221;1_2,1_2&#8243; admin_label=&#8221;33\/33 Block&#8221; _builder_version=&#8221;4.2.2&#8243; custom_margin=&#8221;||||false|false&#8221; custom_padding=&#8221;0px||15px||false|false&#8221;][et_pb_column_inner type=&#8221;1_2&#8243; saved_specialty_column_type=&#8221;2_3&#8243; _builder_version=&#8221;4.2.2&#8243; custom_padding=&#8221;|7.5px|||false|false&#8221; custom_padding_tablet=&#8221;|0px|||false|false&#8221; custom_padding_phone=&#8221;&#8221; custom_padding_last_edited=&#8221;on|tablet&#8221;][et_pb_text _builder_version=&#8221;4.2.2&#8243; header_3_text_color=&#8221;#e02b20&#8243; custom_margin=&#8221;|15px|||false|false&#8221; custom_padding=&#8221;||15px||false|false&#8221;]<\/p>\n<h3>\u00abDaten brauchen Struktur, damit Sie das beste davon ausholen k\u00f6nnen.\u00bb<\/h3>\n<p>Wir verstehen und kompilieren Ihre Daten in f\u00fcr Sie nutzbare Informationen. Behalten Sie den \u00dcberblick \u00fcber gro\u00dfe Datenmengen. Wir filtern Ihre Daten und optimieren Suchoptionen f\u00fcr Sie.<\/p>\n<p>[\/et_pb_text][\/et_pb_column_inner][et_pb_column_inner type=&#8221;1_2&#8243; saved_specialty_column_type=&#8221;2_3&#8243; _builder_version=&#8221;4.2.2&#8243; custom_padding=&#8221;|||7.5px|false|false&#8221; custom_padding_tablet=&#8221;|||0px|false|false&#8221; custom_padding_phone=&#8221;&#8221; custom_padding_last_edited=&#8221;on|tablet&#8221;][et_pb_image src=&#8221;https:\/\/www.systag.ch\/wp-content\/uploads\/2020\/01\/Datenstrukturierung.jpg&#8221; alt=&#8221;Datenstrukturierung&#8221; title_text=&#8221;Datenstrukturierung&#8221; _builder_version=&#8221;4.2.2&#8243;][\/et_pb_image][\/et_pb_column_inner][\/et_pb_row_inner][et_pb_row_inner custom_padding_last_edited=&#8221;on|tablet&#8221; admin_label=&#8221;66% Block&#8221; _builder_version=&#8221;4.2.2&#8243; custom_margin=&#8221;||||false|false&#8221; custom_padding=&#8221;0px||15px||false|false&#8221; custom_padding_tablet=&#8221;|0px|||false|false&#8221; custom_padding_phone=&#8221;&#8221;][et_pb_column_inner saved_specialty_column_type=&#8221;2_3&#8243; _builder_version=&#8221;4.2.2&#8243;][et_pb_text admin_label=&#8221;Titelbalken dunkelgrau&#8221; _builder_version=&#8221;4.2.2&#8243; text_font=&#8221;|700|||||||&#8221; header_3_font=&#8221;|600|||||||&#8221; header_3_text_color=&#8221;#ffffff&#8221; header_3_line_height=&#8221;1.1em&#8221; background_color=&#8221;#555665&#8243; width=&#8221;100%&#8221; max_height=&#8221;50px&#8221; max_height_tablet=&#8221;&#8221; max_height_phone=&#8221;75px&#8221; max_height_last_edited=&#8221;on|tablet&#8221; custom_margin=&#8221;||||false|false&#8221; custom_margin_tablet=&#8221;|||0px|false|false&#8221; custom_margin_phone=&#8221;&#8221; custom_margin_last_edited=&#8221;on|tablet&#8221; custom_padding=&#8221;15px||15px|15px|true|false&#8221; custom_padding_tablet=&#8221;||5px||false|true&#8221; custom_padding_phone=&#8221;&#8221; custom_padding_last_edited=&#8221;on|phone&#8221; border_radii=&#8221;on|10px|10px|10px|10px&#8221;]<\/p>\n<h3>Data analysis<\/h3>\n<p>[\/et_pb_text][\/et_pb_column_inner][\/et_pb_row_inner][et_pb_row_inner column_structure=&#8221;1_2,1_2&#8243; admin_label=&#8221;33\/33 Block&#8221; _builder_version=&#8221;4.2.2&#8243; custom_margin=&#8221;||-27px||false|false&#8221; custom_padding=&#8221;0px||15px||false|false&#8221;][et_pb_column_inner type=&#8221;1_2&#8243; saved_specialty_column_type=&#8221;2_3&#8243; _builder_version=&#8221;4.2.2&#8243; custom_padding=&#8221;|7.5px|||false|false&#8221; custom_padding_tablet=&#8221;|0px|||false|false&#8221; custom_padding_phone=&#8221;&#8221; custom_padding_last_edited=&#8221;on|tablet&#8221;][et_pb_text _builder_version=&#8221;4.2.2&#8243; header_3_text_color=&#8221;#e02b20&#8243; custom_margin=&#8221;|15px|||false|false&#8221; custom_padding=&#8221;||15px||false|false&#8221;]<\/p>\n<h3>\u00abIhre Daten haben erst dann einen Wert, wenn Sie sie darstellen k\u00f6nnen.\u00bb<\/h3>\n<p>Als erfahrene Wissenschaftler und mit unseren Programmierungsdienstleistungen, offerieren wir Ihnen fortgeschrittene Werkzeuge, um Ihre Daten auszuwerten.<\/p>\n<p>Unsere benutzerfreundliche Datenanalyse erlaubt Ihnen \u00fcbergeordnete und statistische Messgr\u00f6\u00dfen zu extrahieren sowie graphische Darstellungen zu erzeugen.<\/p>\n<p>[\/et_pb_text][\/et_pb_column_inner][et_pb_column_inner type=&#8221;1_2&#8243; saved_specialty_column_type=&#8221;2_3&#8243; _builder_version=&#8221;4.2.2&#8243; custom_padding=&#8221;|||7.5px|false|false&#8221; custom_padding_tablet=&#8221;|||0px|false|false&#8221; custom_padding_phone=&#8221;&#8221; custom_padding_last_edited=&#8221;on|tablet&#8221;][et_pb_image src=&#8221;https:\/\/www.systag.ch\/wp-content\/uploads\/2020\/01\/Datenanalysis.jpg&#8221; alt=&#8221;Datenanalysis&#8221; title_text=&#8221;Datenanalysis&#8221; _builder_version=&#8221;4.2.2&#8243;][\/et_pb_image][\/et_pb_column_inner][\/et_pb_row_inner][\/et_pb_column][et_pb_column type=&#8221;1_3&#8243; _builder_version=&#8221;3.25&#8243; custom_padding=&#8221;|||&#8221; custom_padding__hover=&#8221;|||&#8221;][et_pb_text admin_label=&#8221;Titelbalken dunkelgrau&#8221; _builder_version=&#8221;4.2.2&#8243; text_text_color=&#8221;#ffffff&#8221; header_3_font=&#8221;|600|||||||&#8221; header_3_text_color=&#8221;#ffffff&#8221; background_color=&#8221;#555665&#8243; width=&#8221;100%&#8221; max_height=&#8221;50px&#8221; custom_margin=&#8221;-39px||||false|false&#8221; custom_margin_tablet=&#8221;15px|||0px|false|false&#8221; custom_margin_phone=&#8221;&#8221; custom_margin_last_edited=&#8221;on|desktop&#8221; custom_padding=&#8221;15px||15px|15px|true|false&#8221; border_radii=&#8221;on|10px|10px|10px|10px&#8221;]<\/p>\n<h3>Flyer herunterladen<\/h3>\n<p>[\/et_pb_text][et_pb_image src=&#8221;https:\/\/www.systag.ch\/wp-content\/uploads\/2020\/07\/collectx_prospekt_de-pdf.jpg&#8221; alt=&#8221;Datenspeicherung&#8221; title_text=&#8221;collectx_prospekt_de&#8221; url=&#8221;@ET-DC@eyJkeW5hbWljIjp0cnVlLCJjb250ZW50IjoicG9zdF9saW5rX3VybF9hdHRhY2htZW50Iiwic2V0dGluZ3MiOnsicG9zdF9pZCI6IjQxNjYifX0=@&#8221; url_new_window=&#8221;on&#8221; align=&#8221;center&#8221; _builder_version=&#8221;4.5.1&#8243; _dynamic_attributes=&#8221;url&#8221; width=&#8221;100%&#8221; custom_margin=&#8221;15px||||false|false&#8221; custom_margin_tablet=&#8221;15px|||0px|false|false&#8221; custom_margin_phone=&#8221;&#8221; custom_margin_last_edited=&#8221;on|tablet&#8221; hover_enabled=&#8221;0&#8243; border_width_all=&#8221;1px&#8221; locked=&#8221;off&#8221;][\/et_pb_image][et_pb_text _builder_version=&#8221;4.2.2&#8243; text_text_color=&#8221;#ffffff&#8221; link_font=&#8221;|||||||#ffffff|&#8221; link_text_color=&#8221;#ffffff&#8221; header_3_text_color=&#8221;#ffffff&#8221; background_color=&#8221;#555665&#8243; width=&#8221;100%&#8221; max_height=&#8221;50px&#8221; custom_margin=&#8221;15px||||false|false&#8221; custom_margin_tablet=&#8221;15px|||0px|false|false&#8221; custom_margin_phone=&#8221;&#8221; custom_margin_last_edited=&#8221;on|tablet&#8221; custom_padding=&#8221;15px||15px|15px|true|false&#8221; link_option_url=&#8221;mailto:infos@systag.ch&#8221; border_radii=&#8221;on|10px|10px|10px|10px&#8221; locked=&#8221;off&#8221;]<\/p>\n<h3><a href=\"mailto:infos@systag.ch\">Infos jetzt anfragen<\/a><\/h3>\n<p>[\/et_pb_text][et_pb_text _builder_version=&#8221;4.2.2&#8243; text_text_color=&#8221;#000000&#8243; text_line_height=&#8221;1.5em&#8221; header_3_text_color=&#8221;#e02b20&#8243; header_3_font_size=&#8221;1.5em&#8221; header_3_line_height=&#8221;1.2em&#8221; background_enable_color=&#8221;off&#8221; custom_margin=&#8221;||||false|false&#8221; custom_margin_tablet=&#8221;|||0px|false|false&#8221; custom_margin_phone=&#8221;&#8221; custom_margin_last_edited=&#8221;on|tablet&#8221; custom_padding=&#8221;15px||15px|0px|true|false&#8221; locked=&#8221;off&#8221;]<\/p>\n<p><a href=\"mailto:infos@systag.ch\">E-Mail<\/a> oder <a href=\"tel:+41447045454\">SYSTAG<\/a> anrufen.<\/p>\n<p>[\/et_pb_text][\/et_pb_column][\/et_pb_section]<\/p>\n","protected":false},"excerpt":{"rendered":"<p>Engineering &#8211; Datenspeicherung<\/p>\n","protected":false},"author":2,"featured_media":3188,"parent":2862,"menu_order":50,"comment_status":"closed","ping_status":"closed","template":"","meta":{"_et_pb_use_builder":"on","_et_pb_old_content":"<!-- wp:divi\/placeholder \/-->","_et_gb_content_width":"","footnotes":""},"class_list":["post-4923","page","type-page","status-publish","has-post-thumbnail","hentry"],"yoast_head":"<!-- This site is optimized with the Yoast SEO plugin v25.6 - https:\/\/yoast.com\/wordpress\/plugins\/seo\/ -->\n<title>Datenspeicherung - SYSTAG, System Technik AG<\/title>\n<meta name=\"description\" content=\"SYSTAG: Datenmanagement f\u00fcr automatisierte Laborreaktoren in der pharmazeutischen und chemischen Industrie.\" \/>\n<meta name=\"robots\" content=\"index, follow, max-snippet:-1, max-image-preview:large, max-video-preview:-1\" \/>\n<link rel=\"canonical\" href=\"https:\/\/www.systag.ch\/de\/engineering\/datenspeicherung\/\" \/>\n<meta property=\"og:locale\" content=\"de_DE\" \/>\n<meta property=\"og:type\" content=\"article\" \/>\n<meta property=\"og:title\" content=\"Datenspeicherung - SYSTAG, System Technik AG\" \/>\n<meta property=\"og:description\" content=\"SYSTAG: Datenmanagement f\u00fcr automatisierte Laborreaktoren in der pharmazeutischen und chemischen Industrie.\" \/>\n<meta property=\"og:url\" content=\"https:\/\/www.systag.ch\/de\/engineering\/datenspeicherung\/\" \/>\n<meta property=\"og:site_name\" content=\"SYSTAG, System Technik AG\" \/>\n<meta property=\"article:modified_time\" content=\"2020-07-24T11:50:10+00:00\" \/>\n<meta property=\"og:image\" content=\"https:\/\/www.systag.ch\/wp-content\/uploads\/2020\/01\/Software.jpg\" \/>\n\t<meta property=\"og:image:width\" content=\"731\" \/>\n\t<meta property=\"og:image:height\" content=\"208\" \/>\n\t<meta property=\"og:image:type\" content=\"image\/jpeg\" \/>\n<meta name=\"twitter:card\" content=\"summary_large_image\" \/>\n<meta name=\"twitter:label1\" content=\"Gesch\u00e4tzte Lesezeit\" \/>\n\t<meta name=\"twitter:data1\" content=\"7 Minuten\" \/>\n<script type=\"application\/ld+json\" class=\"yoast-schema-graph\">{\"@context\":\"https:\/\/schema.org\",\"@graph\":[{\"@type\":\"WebPage\",\"@id\":\"https:\/\/www.systag.ch\/de\/engineering\/datenspeicherung\/\",\"url\":\"https:\/\/www.systag.ch\/de\/engineering\/datenspeicherung\/\",\"name\":\"Datenspeicherung - SYSTAG, System Technik AG\",\"isPartOf\":{\"@id\":\"https:\/\/www.systag.ch\/de\/#website\"},\"primaryImageOfPage\":{\"@id\":\"https:\/\/www.systag.ch\/de\/engineering\/datenspeicherung\/#primaryimage\"},\"image\":{\"@id\":\"https:\/\/www.systag.ch\/de\/engineering\/datenspeicherung\/#primaryimage\"},\"thumbnailUrl\":\"https:\/\/www.systag.ch\/wp-content\/uploads\/2020\/01\/Software.jpg\",\"datePublished\":\"2020-01-30T15:31:31+00:00\",\"dateModified\":\"2020-07-24T11:50:10+00:00\",\"description\":\"SYSTAG: Datenmanagement f\u00fcr automatisierte Laborreaktoren in der pharmazeutischen und chemischen Industrie.\",\"breadcrumb\":{\"@id\":\"https:\/\/www.systag.ch\/de\/engineering\/datenspeicherung\/#breadcrumb\"},\"inLanguage\":\"de-CH\",\"potentialAction\":[{\"@type\":\"ReadAction\",\"target\":[\"https:\/\/www.systag.ch\/de\/engineering\/datenspeicherung\/\"]}]},{\"@type\":\"ImageObject\",\"inLanguage\":\"de-CH\",\"@id\":\"https:\/\/www.systag.ch\/de\/engineering\/datenspeicherung\/#primaryimage\",\"url\":\"https:\/\/www.systag.ch\/wp-content\/uploads\/2020\/01\/Software.jpg\",\"contentUrl\":\"https:\/\/www.systag.ch\/wp-content\/uploads\/2020\/01\/Software.jpg\",\"width\":731,\"height\":208},{\"@type\":\"BreadcrumbList\",\"@id\":\"https:\/\/www.systag.ch\/de\/engineering\/datenspeicherung\/#breadcrumb\",\"itemListElement\":[{\"@type\":\"ListItem\",\"position\":1,\"name\":\"Home\",\"item\":\"https:\/\/www.systag.ch\/de\/\"},{\"@type\":\"ListItem\",\"position\":2,\"name\":\"Engineering\",\"item\":\"https:\/\/www.systag.ch\/de\/engineering\/\"},{\"@type\":\"ListItem\",\"position\":3,\"name\":\"Datenspeicherung\"}]},{\"@type\":\"WebSite\",\"@id\":\"https:\/\/www.systag.ch\/de\/#website\",\"url\":\"https:\/\/www.systag.ch\/de\/\",\"name\":\"SYSTAG, System Technik AG\",\"description\":\"Automatisierte Laborsysteme und Kalorimetrie\",\"publisher\":{\"@id\":\"https:\/\/www.systag.ch\/de\/#organization\"},\"potentialAction\":[{\"@type\":\"SearchAction\",\"target\":{\"@type\":\"EntryPoint\",\"urlTemplate\":\"https:\/\/www.systag.ch\/de\/?s={search_term_string}\"},\"query-input\":{\"@type\":\"PropertyValueSpecification\",\"valueRequired\":true,\"valueName\":\"search_term_string\"}}],\"inLanguage\":\"de-CH\"},{\"@type\":\"Organization\",\"@id\":\"https:\/\/www.systag.ch\/de\/#organization\",\"name\":\"SYSTAG, System Technik AG\",\"url\":\"https:\/\/www.systag.ch\/de\/\",\"logo\":{\"@type\":\"ImageObject\",\"inLanguage\":\"de-CH\",\"@id\":\"https:\/\/www.systag.ch\/de\/#\/schema\/logo\/image\/\",\"url\":\"https:\/\/www.systag.ch\/wp-content\/uploads\/2020\/01\/logo_systag_en.png\",\"contentUrl\":\"https:\/\/www.systag.ch\/wp-content\/uploads\/2020\/01\/logo_systag_en.png\",\"width\":215,\"height\":80,\"caption\":\"SYSTAG, System Technik AG\"},\"image\":{\"@id\":\"https:\/\/www.systag.ch\/de\/#\/schema\/logo\/image\/\"}}]}<\/script>\n<!-- \/ Yoast SEO plugin. -->","yoast_head_json":{"title":"Datenspeicherung - SYSTAG, System Technik AG","description":"SYSTAG: Datenmanagement f\u00fcr automatisierte Laborreaktoren in der pharmazeutischen und chemischen Industrie.","robots":{"index":"index","follow":"follow","max-snippet":"max-snippet:-1","max-image-preview":"max-image-preview:large","max-video-preview":"max-video-preview:-1"},"canonical":"https:\/\/www.systag.ch\/de\/engineering\/datenspeicherung\/","og_locale":"de_DE","og_type":"article","og_title":"Datenspeicherung - SYSTAG, System Technik AG","og_description":"SYSTAG: Datenmanagement f\u00fcr automatisierte Laborreaktoren in der pharmazeutischen und chemischen Industrie.","og_url":"https:\/\/www.systag.ch\/de\/engineering\/datenspeicherung\/","og_site_name":"SYSTAG, System Technik AG","article_modified_time":"2020-07-24T11:50:10+00:00","og_image":[{"width":731,"height":208,"url":"https:\/\/www.systag.ch\/wp-content\/uploads\/2020\/01\/Software.jpg","type":"image\/jpeg"}],"twitter_card":"summary_large_image","twitter_misc":{"Gesch\u00e4tzte Lesezeit":"7 Minuten"},"schema":{"@context":"https:\/\/schema.org","@graph":[{"@type":"WebPage","@id":"https:\/\/www.systag.ch\/de\/engineering\/datenspeicherung\/","url":"https:\/\/www.systag.ch\/de\/engineering\/datenspeicherung\/","name":"Datenspeicherung - SYSTAG, System Technik AG","isPartOf":{"@id":"https:\/\/www.systag.ch\/de\/#website"},"primaryImageOfPage":{"@id":"https:\/\/www.systag.ch\/de\/engineering\/datenspeicherung\/#primaryimage"},"image":{"@id":"https:\/\/www.systag.ch\/de\/engineering\/datenspeicherung\/#primaryimage"},"thumbnailUrl":"https:\/\/www.systag.ch\/wp-content\/uploads\/2020\/01\/Software.jpg","datePublished":"2020-01-30T15:31:31+00:00","dateModified":"2020-07-24T11:50:10+00:00","description":"SYSTAG: Datenmanagement f\u00fcr automatisierte Laborreaktoren in der pharmazeutischen und chemischen Industrie.","breadcrumb":{"@id":"https:\/\/www.systag.ch\/de\/engineering\/datenspeicherung\/#breadcrumb"},"inLanguage":"de-CH","potentialAction":[{"@type":"ReadAction","target":["https:\/\/www.systag.ch\/de\/engineering\/datenspeicherung\/"]}]},{"@type":"ImageObject","inLanguage":"de-CH","@id":"https:\/\/www.systag.ch\/de\/engineering\/datenspeicherung\/#primaryimage","url":"https:\/\/www.systag.ch\/wp-content\/uploads\/2020\/01\/Software.jpg","contentUrl":"https:\/\/www.systag.ch\/wp-content\/uploads\/2020\/01\/Software.jpg","width":731,"height":208},{"@type":"BreadcrumbList","@id":"https:\/\/www.systag.ch\/de\/engineering\/datenspeicherung\/#breadcrumb","itemListElement":[{"@type":"ListItem","position":1,"name":"Home","item":"https:\/\/www.systag.ch\/de\/"},{"@type":"ListItem","position":2,"name":"Engineering","item":"https:\/\/www.systag.ch\/de\/engineering\/"},{"@type":"ListItem","position":3,"name":"Datenspeicherung"}]},{"@type":"WebSite","@id":"https:\/\/www.systag.ch\/de\/#website","url":"https:\/\/www.systag.ch\/de\/","name":"SYSTAG, System Technik AG","description":"Automatisierte Laborsysteme und Kalorimetrie","publisher":{"@id":"https:\/\/www.systag.ch\/de\/#organization"},"potentialAction":[{"@type":"SearchAction","target":{"@type":"EntryPoint","urlTemplate":"https:\/\/www.systag.ch\/de\/?s={search_term_string}"},"query-input":{"@type":"PropertyValueSpecification","valueRequired":true,"valueName":"search_term_string"}}],"inLanguage":"de-CH"},{"@type":"Organization","@id":"https:\/\/www.systag.ch\/de\/#organization","name":"SYSTAG, System Technik AG","url":"https:\/\/www.systag.ch\/de\/","logo":{"@type":"ImageObject","inLanguage":"de-CH","@id":"https:\/\/www.systag.ch\/de\/#\/schema\/logo\/image\/","url":"https:\/\/www.systag.ch\/wp-content\/uploads\/2020\/01\/logo_systag_en.png","contentUrl":"https:\/\/www.systag.ch\/wp-content\/uploads\/2020\/01\/logo_systag_en.png","width":215,"height":80,"caption":"SYSTAG, System Technik AG"},"image":{"@id":"https:\/\/www.systag.ch\/de\/#\/schema\/logo\/image\/"}}]}},"_links":{"self":[{"href":"https:\/\/www.systag.ch\/de\/wp-json\/wp\/v2\/pages\/4923"}],"collection":[{"href":"https:\/\/www.systag.ch\/de\/wp-json\/wp\/v2\/pages"}],"about":[{"href":"https:\/\/www.systag.ch\/de\/wp-json\/wp\/v2\/types\/page"}],"author":[{"embeddable":true,"href":"https:\/\/www.systag.ch\/de\/wp-json\/wp\/v2\/users\/2"}],"replies":[{"embeddable":true,"href":"https:\/\/www.systag.ch\/de\/wp-json\/wp\/v2\/comments?post=4923"}],"version-history":[{"count":7,"href":"https:\/\/www.systag.ch\/de\/wp-json\/wp\/v2\/pages\/4923\/revisions"}],"predecessor-version":[{"id":6499,"href":"https:\/\/www.systag.ch\/de\/wp-json\/wp\/v2\/pages\/4923\/revisions\/6499"}],"up":[{"embeddable":true,"href":"https:\/\/www.systag.ch\/de\/wp-json\/wp\/v2\/pages\/2862"}],"wp:featuredmedia":[{"embeddable":true,"href":"https:\/\/www.systag.ch\/de\/wp-json\/wp\/v2\/media\/3188"}],"wp:attachment":[{"href":"https:\/\/www.systag.ch\/de\/wp-json\/wp\/v2\/media?parent=4923"}],"curies":[{"name":"wp","href":"https:\/\/api.w.org\/{rel}","templated":true}]}}