{"id":4908,"date":"2020-01-30T16:14:04","date_gmt":"2020-01-30T15:14:04","guid":{"rendered":"https:\/\/www.systag.ch\/engineering\/anlagedesign\/"},"modified":"2020-02-04T00:00:16","modified_gmt":"2020-02-03T23:00:16","slug":"anlagedesign","status":"publish","type":"page","link":"https:\/\/www.systag.ch\/de\/engineering\/anlagedesign\/","title":{"rendered":"Anlagedesign"},"content":{"rendered":"\n[et_pb_section fb_built=&#8221;1&#8243; _builder_version=&#8221;4.0.11&#8243; custom_padding=&#8221;||0px|||&#8221;][et_pb_row column_structure=&#8221;1_3,1_3,1_3&#8243; use_custom_gutter=&#8221;on&#8221; gutter_width=&#8221;1&#8243; _builder_version=&#8221;4.2.2&#8243; width=&#8221;100%&#8221; max_width=&#8221;1366px&#8221; custom_margin=&#8221;-40px||||false|false&#8221; custom_padding=&#8221;0px|||||&#8221;][et_pb_column type=&#8221;1_3&#8243; _builder_version=&#8221;4.2.2&#8243; custom_padding=&#8221;|7.5px|||false|false&#8221; custom_padding_tablet=&#8221;|0px|||false|false&#8221; custom_padding_phone=&#8221;&#8221; custom_padding_last_edited=&#8221;on|tablet&#8221;][et_pb_text _builder_version=&#8221;4.2.2&#8243; text_font=&#8221;|700|||||||&#8221; text_text_color=&#8221;#ffffff&#8221; header_3_text_color=&#8221;#ffffff&#8221; background_color=&#8221;#555665&#8243; max_height=&#8221;50px&#8221; max_height_tablet=&#8221;50px&#8221; max_height_phone=&#8221;&#8221; max_height_last_edited=&#8221;on|phone&#8221; custom_margin=&#8221;||15px||false|false&#8221; custom_margin_tablet=&#8221;||||false|false&#8221; custom_margin_last_edited=&#8221;off|desktop&#8221; custom_padding=&#8221;15px||15px|15px|true|false&#8221; custom_padding_tablet=&#8221;15px||10px||false|false&#8221; custom_padding_phone=&#8221;|15px|5px||false|false&#8221; custom_padding_last_edited=&#8221;on|phone&#8221; hover_enabled=&#8221;0&#8243; border_radii=&#8221;on|10px|10px|10px|10px&#8221;]<h3>Individuelles L\u00f6sungskonzept f\u00fcr Ihre Anlage<\/h3>[\/et_pb_text][et_pb_image src=&#8221;https:\/\/www.systag.ch\/wp-content\/uploads\/2020\/01\/Loesungskonzept.jpg&#8221; _builder_version=&#8221;4.2.2&#8243; custom_padding=&#8221;||15px||false|false&#8221;][\/et_pb_image][et_pb_text _builder_version=&#8221;4.2.2&#8243; custom_margin=&#8221;|15px|||false|false&#8221; hover_enabled=&#8221;0&#8243; custom_padding_last_edited=&#8221;on|tablet&#8221; custom_padding_tablet=&#8221;||15px||false|false&#8221;]<p>Wir strukturieren Ihre komplexe Herausforderung und begleiten Sie Schritt f\u00fcr Schritt zum Erfolg.<\/p>\n<p>Wir verstehen Ihre Bed\u00fcrfnisse und \u00fcbersetzen diese in ein f\u00fcr Sie vorteilhaftes und schlankes L\u00f6sungskonzept.<\/p>\n<p>Wir arbeiten l\u00f6sungsorientiert, schnell und effektiv um Ihnen zu einem Vorsprung zu verhelfen.<\/p>[\/et_pb_text][\/et_pb_column][et_pb_column type=&#8221;1_3&#8243; _builder_version=&#8221;4.2.2&#8243; custom_padding=&#8221;|7.5px||7.5px|false|true&#8221; custom_padding_tablet=&#8221;|0px||0px|false|true&#8221; custom_padding_phone=&#8221;&#8221; custom_padding_last_edited=&#8221;on|tablet&#8221;][et_pb_text _builder_version=&#8221;4.2.2&#8243; custom_margin=&#8221;||15px||false|false&#8221; custom_padding=&#8221;15px||8px|15px|false|false&#8221; border_radii=&#8221;on|10px|10px|10px|10px&#8221; text_font=&#8221;|700|||||||&#8221; text_text_color=&#8221;#ffffff&#8221; header_3_text_color=&#8221;#ffffff&#8221; background_color=&#8221;#555665&#8243; max_height_tablet=&#8221;&#8221; max_height_last_edited=&#8221;on|phone&#8221; custom_padding_tablet=&#8221;10px||5px||false|false&#8221; custom_padding_phone=&#8221;|15px|5px||false|false&#8221; custom_padding_last_edited=&#8221;on|phone&#8221; header_3_line_height=&#8221;1.4em&#8221; hover_enabled=&#8221;0&#8243;]<h3>Anlagedesign, Komponenten und Messtechnik<\/h3>[\/et_pb_text][et_pb_image src=&#8221;https:\/\/www.systag.ch\/wp-content\/uploads\/2020\/01\/Anlagedesign.jpg&#8221; _builder_version=&#8221;4.2.2&#8243; custom_padding=&#8221;||15px||false|false&#8221; hover_enabled=&#8221;0&#8243;][\/et_pb_image][et_pb_text _builder_version=&#8221;4.2.2&#8243; header_4_font=&#8221;|600|||||||&#8221; header_4_text_color=&#8221;#e02b20&#8243; custom_margin=&#8221;||||false|false&#8221; custom_padding=&#8221;|15px|15px||false|false&#8221; hover_enabled=&#8221;0&#8243;]<p>Wir gestalten Ihr Anlagedesign nach Wunsch und implementieren zu Ihrem Vorteil angepasste Messtechnik, Sensoren, Detektoren und Steuerung.<\/p>\n<p>Mit Begeisterung f\u00fcr Ihre Herausforderung entwickeln wir f\u00fcr sie ein smartes Design und w\u00e4hlen strategische Komponenten und Diagnostikinstrumente aus, die Ihren Anforderungen abdecken.<\/p>\n<p>Langlebigkeit, Zuverl\u00e4ssigkeit, Genauigkeit, Sicherheit, Reproduzierbarkeit sind gefragte Eigenschaften die wir exzellent liefern.<\/p>[\/et_pb_text][\/et_pb_column][et_pb_column type=&#8221;1_3&#8243; _builder_version=&#8221;4.2.2&#8243; custom_padding=&#8221;|||7.5px|false|false&#8221; custom_padding_tablet=&#8221;|||0px|false|false&#8221; custom_padding_phone=&#8221;&#8221; custom_padding_last_edited=&#8221;on|tablet&#8221;][et_pb_text _builder_version=&#8221;4.2.2&#8243; max_height=&#8221;50px&#8221; custom_margin=&#8221;||15px||false|false&#8221; custom_padding=&#8221;15px||15px|15px|true|false&#8221; border_radii=&#8221;on|10px|10px|10px|10px&#8221; text_font=&#8221;|700|||||||&#8221; text_text_color=&#8221;#ffffff&#8221; header_3_text_color=&#8221;#ffffff&#8221; background_color=&#8221;#555665&#8243; max_height_tablet=&#8221;50px&#8221; max_height_last_edited=&#8221;on|phone&#8221; custom_padding_tablet=&#8221;15px||10px||false|false&#8221; custom_padding_phone=&#8221;|15px|5px||false|false&#8221; custom_padding_last_edited=&#8221;on|phone&#8221; hover_enabled=&#8221;0&#8243;]<h3>After Sales Support<\/h3>[\/et_pb_text][et_pb_image src=&#8221;https:\/\/www.systag.ch\/wp-content\/uploads\/2020\/01\/Support.jpg&#8221; _builder_version=&#8221;4.2.2&#8243; custom_padding=&#8221;||15px||false|false&#8221;][\/et_pb_image][et_pb_text _builder_version=&#8221;4.2.2&#8243; header_4_font=&#8221;|600|||||||&#8221; header_4_text_color=&#8221;#e02b20&#8243; custom_margin=&#8221;||||false|false&#8221; custom_padding=&#8221;|15px|||false|false&#8221; hover_enabled=&#8221;0&#8243;]<p>Tritt bei Ihnen ein Produktionsfehler auf, sind unsere Spezialisten innert wenigen Stunden vor Ort und achten auf effiziente und vorausschauende Probleml\u00f6sung.<\/p>[\/et_pb_text][\/et_pb_column][\/et_pb_row][\/et_pb_section]\n","protected":false},"excerpt":{"rendered":"<p>Engineering &#8211; Anlagedesign<\/p>\n","protected":false},"author":2,"featured_media":3184,"parent":2862,"menu_order":30,"comment_status":"closed","ping_status":"closed","template":"","meta":{"_et_pb_use_builder":"on","_et_pb_old_content":"<!-- wp:divi\/placeholder \/-->","_et_gb_content_width":"","footnotes":""},"class_list":["post-4908","page","type-page","status-publish","has-post-thumbnail","hentry"],"yoast_head":"<!-- This site is optimized with the Yoast SEO plugin v25.6 - https:\/\/yoast.com\/wordpress\/plugins\/seo\/ -->\n<title>Anlagedesign - SYSTAG, System Technik AG<\/title>\n<meta name=\"description\" content=\"SYSTAG: Anlagenplanung von automatisierten Laborreaktoren und -systemen f\u00fcr die chemische und pharmazeutische Industrie.\" \/>\n<meta name=\"robots\" content=\"index, follow, max-snippet:-1, max-image-preview:large, max-video-preview:-1\" \/>\n<link rel=\"canonical\" href=\"https:\/\/www.systag.ch\/de\/engineering\/anlagedesign\/\" \/>\n<meta property=\"og:locale\" content=\"de_DE\" \/>\n<meta property=\"og:type\" content=\"article\" \/>\n<meta property=\"og:title\" content=\"Anlagedesign - SYSTAG, System Technik AG\" \/>\n<meta property=\"og:description\" content=\"SYSTAG: Anlagenplanung von automatisierten Laborreaktoren und -systemen f\u00fcr die chemische und pharmazeutische Industrie.\" \/>\n<meta property=\"og:url\" content=\"https:\/\/www.systag.ch\/de\/engineering\/anlagedesign\/\" \/>\n<meta property=\"og:site_name\" content=\"SYSTAG, System Technik AG\" \/>\n<meta property=\"article:modified_time\" content=\"2020-02-03T23:00:16+00:00\" \/>\n<meta property=\"og:image\" content=\"https:\/\/www.systag.ch\/wp-content\/uploads\/2020\/01\/Validierung.jpg\" \/>\n\t<meta property=\"og:image:width\" content=\"731\" \/>\n\t<meta property=\"og:image:height\" content=\"208\" \/>\n\t<meta property=\"og:image:type\" content=\"image\/jpeg\" \/>\n<meta name=\"twitter:card\" content=\"summary_large_image\" \/>\n<meta name=\"twitter:label1\" content=\"Gesch\u00e4tzte Lesezeit\" \/>\n\t<meta name=\"twitter:data1\" content=\"3 Minuten\" \/>\n<script type=\"application\/ld+json\" class=\"yoast-schema-graph\">{\"@context\":\"https:\/\/schema.org\",\"@graph\":[{\"@type\":\"WebPage\",\"@id\":\"https:\/\/www.systag.ch\/de\/engineering\/anlagedesign\/\",\"url\":\"https:\/\/www.systag.ch\/de\/engineering\/anlagedesign\/\",\"name\":\"Anlagedesign - SYSTAG, System Technik AG\",\"isPartOf\":{\"@id\":\"https:\/\/www.systag.ch\/de\/#website\"},\"primaryImageOfPage\":{\"@id\":\"https:\/\/www.systag.ch\/de\/engineering\/anlagedesign\/#primaryimage\"},\"image\":{\"@id\":\"https:\/\/www.systag.ch\/de\/engineering\/anlagedesign\/#primaryimage\"},\"thumbnailUrl\":\"https:\/\/www.systag.ch\/wp-content\/uploads\/2020\/01\/Validierung.jpg\",\"datePublished\":\"2020-01-30T15:14:04+00:00\",\"dateModified\":\"2020-02-03T23:00:16+00:00\",\"description\":\"SYSTAG: Anlagenplanung von automatisierten Laborreaktoren und -systemen f\u00fcr die chemische und pharmazeutische Industrie.\",\"breadcrumb\":{\"@id\":\"https:\/\/www.systag.ch\/de\/engineering\/anlagedesign\/#breadcrumb\"},\"inLanguage\":\"de-CH\",\"potentialAction\":[{\"@type\":\"ReadAction\",\"target\":[\"https:\/\/www.systag.ch\/de\/engineering\/anlagedesign\/\"]}]},{\"@type\":\"ImageObject\",\"inLanguage\":\"de-CH\",\"@id\":\"https:\/\/www.systag.ch\/de\/engineering\/anlagedesign\/#primaryimage\",\"url\":\"https:\/\/www.systag.ch\/wp-content\/uploads\/2020\/01\/Validierung.jpg\",\"contentUrl\":\"https:\/\/www.systag.ch\/wp-content\/uploads\/2020\/01\/Validierung.jpg\",\"width\":731,\"height\":208},{\"@type\":\"BreadcrumbList\",\"@id\":\"https:\/\/www.systag.ch\/de\/engineering\/anlagedesign\/#breadcrumb\",\"itemListElement\":[{\"@type\":\"ListItem\",\"position\":1,\"name\":\"Home\",\"item\":\"https:\/\/www.systag.ch\/de\/\"},{\"@type\":\"ListItem\",\"position\":2,\"name\":\"Engineering\",\"item\":\"https:\/\/www.systag.ch\/de\/engineering\/\"},{\"@type\":\"ListItem\",\"position\":3,\"name\":\"Anlagedesign\"}]},{\"@type\":\"WebSite\",\"@id\":\"https:\/\/www.systag.ch\/de\/#website\",\"url\":\"https:\/\/www.systag.ch\/de\/\",\"name\":\"SYSTAG, System Technik AG\",\"description\":\"Automatisierte Laborsysteme und Kalorimetrie\",\"publisher\":{\"@id\":\"https:\/\/www.systag.ch\/de\/#organization\"},\"potentialAction\":[{\"@type\":\"SearchAction\",\"target\":{\"@type\":\"EntryPoint\",\"urlTemplate\":\"https:\/\/www.systag.ch\/de\/?s={search_term_string}\"},\"query-input\":{\"@type\":\"PropertyValueSpecification\",\"valueRequired\":true,\"valueName\":\"search_term_string\"}}],\"inLanguage\":\"de-CH\"},{\"@type\":\"Organization\",\"@id\":\"https:\/\/www.systag.ch\/de\/#organization\",\"name\":\"SYSTAG, System Technik AG\",\"url\":\"https:\/\/www.systag.ch\/de\/\",\"logo\":{\"@type\":\"ImageObject\",\"inLanguage\":\"de-CH\",\"@id\":\"https:\/\/www.systag.ch\/de\/#\/schema\/logo\/image\/\",\"url\":\"https:\/\/www.systag.ch\/wp-content\/uploads\/2020\/01\/logo_systag_en.png\",\"contentUrl\":\"https:\/\/www.systag.ch\/wp-content\/uploads\/2020\/01\/logo_systag_en.png\",\"width\":215,\"height\":80,\"caption\":\"SYSTAG, System Technik AG\"},\"image\":{\"@id\":\"https:\/\/www.systag.ch\/de\/#\/schema\/logo\/image\/\"}}]}<\/script>\n<!-- \/ Yoast SEO plugin. -->","yoast_head_json":{"title":"Anlagedesign - SYSTAG, System Technik AG","description":"SYSTAG: Anlagenplanung von automatisierten Laborreaktoren und -systemen f\u00fcr die chemische und pharmazeutische Industrie.","robots":{"index":"index","follow":"follow","max-snippet":"max-snippet:-1","max-image-preview":"max-image-preview:large","max-video-preview":"max-video-preview:-1"},"canonical":"https:\/\/www.systag.ch\/de\/engineering\/anlagedesign\/","og_locale":"de_DE","og_type":"article","og_title":"Anlagedesign - SYSTAG, System Technik AG","og_description":"SYSTAG: Anlagenplanung von automatisierten Laborreaktoren und -systemen f\u00fcr die chemische und pharmazeutische Industrie.","og_url":"https:\/\/www.systag.ch\/de\/engineering\/anlagedesign\/","og_site_name":"SYSTAG, System Technik AG","article_modified_time":"2020-02-03T23:00:16+00:00","og_image":[{"width":731,"height":208,"url":"https:\/\/www.systag.ch\/wp-content\/uploads\/2020\/01\/Validierung.jpg","type":"image\/jpeg"}],"twitter_card":"summary_large_image","twitter_misc":{"Gesch\u00e4tzte Lesezeit":"3 Minuten"},"schema":{"@context":"https:\/\/schema.org","@graph":[{"@type":"WebPage","@id":"https:\/\/www.systag.ch\/de\/engineering\/anlagedesign\/","url":"https:\/\/www.systag.ch\/de\/engineering\/anlagedesign\/","name":"Anlagedesign - SYSTAG, System Technik AG","isPartOf":{"@id":"https:\/\/www.systag.ch\/de\/#website"},"primaryImageOfPage":{"@id":"https:\/\/www.systag.ch\/de\/engineering\/anlagedesign\/#primaryimage"},"image":{"@id":"https:\/\/www.systag.ch\/de\/engineering\/anlagedesign\/#primaryimage"},"thumbnailUrl":"https:\/\/www.systag.ch\/wp-content\/uploads\/2020\/01\/Validierung.jpg","datePublished":"2020-01-30T15:14:04+00:00","dateModified":"2020-02-03T23:00:16+00:00","description":"SYSTAG: Anlagenplanung von automatisierten Laborreaktoren und -systemen f\u00fcr die chemische und pharmazeutische Industrie.","breadcrumb":{"@id":"https:\/\/www.systag.ch\/de\/engineering\/anlagedesign\/#breadcrumb"},"inLanguage":"de-CH","potentialAction":[{"@type":"ReadAction","target":["https:\/\/www.systag.ch\/de\/engineering\/anlagedesign\/"]}]},{"@type":"ImageObject","inLanguage":"de-CH","@id":"https:\/\/www.systag.ch\/de\/engineering\/anlagedesign\/#primaryimage","url":"https:\/\/www.systag.ch\/wp-content\/uploads\/2020\/01\/Validierung.jpg","contentUrl":"https:\/\/www.systag.ch\/wp-content\/uploads\/2020\/01\/Validierung.jpg","width":731,"height":208},{"@type":"BreadcrumbList","@id":"https:\/\/www.systag.ch\/de\/engineering\/anlagedesign\/#breadcrumb","itemListElement":[{"@type":"ListItem","position":1,"name":"Home","item":"https:\/\/www.systag.ch\/de\/"},{"@type":"ListItem","position":2,"name":"Engineering","item":"https:\/\/www.systag.ch\/de\/engineering\/"},{"@type":"ListItem","position":3,"name":"Anlagedesign"}]},{"@type":"WebSite","@id":"https:\/\/www.systag.ch\/de\/#website","url":"https:\/\/www.systag.ch\/de\/","name":"SYSTAG, System Technik AG","description":"Automatisierte Laborsysteme und Kalorimetrie","publisher":{"@id":"https:\/\/www.systag.ch\/de\/#organization"},"potentialAction":[{"@type":"SearchAction","target":{"@type":"EntryPoint","urlTemplate":"https:\/\/www.systag.ch\/de\/?s={search_term_string}"},"query-input":{"@type":"PropertyValueSpecification","valueRequired":true,"valueName":"search_term_string"}}],"inLanguage":"de-CH"},{"@type":"Organization","@id":"https:\/\/www.systag.ch\/de\/#organization","name":"SYSTAG, System Technik AG","url":"https:\/\/www.systag.ch\/de\/","logo":{"@type":"ImageObject","inLanguage":"de-CH","@id":"https:\/\/www.systag.ch\/de\/#\/schema\/logo\/image\/","url":"https:\/\/www.systag.ch\/wp-content\/uploads\/2020\/01\/logo_systag_en.png","contentUrl":"https:\/\/www.systag.ch\/wp-content\/uploads\/2020\/01\/logo_systag_en.png","width":215,"height":80,"caption":"SYSTAG, System Technik AG"},"image":{"@id":"https:\/\/www.systag.ch\/de\/#\/schema\/logo\/image\/"}}]}},"_links":{"self":[{"href":"https:\/\/www.systag.ch\/de\/wp-json\/wp\/v2\/pages\/4908"}],"collection":[{"href":"https:\/\/www.systag.ch\/de\/wp-json\/wp\/v2\/pages"}],"about":[{"href":"https:\/\/www.systag.ch\/de\/wp-json\/wp\/v2\/types\/page"}],"author":[{"embeddable":true,"href":"https:\/\/www.systag.ch\/de\/wp-json\/wp\/v2\/users\/2"}],"replies":[{"embeddable":true,"href":"https:\/\/www.systag.ch\/de\/wp-json\/wp\/v2\/comments?post=4908"}],"version-history":[{"count":5,"href":"https:\/\/www.systag.ch\/de\/wp-json\/wp\/v2\/pages\/4908\/revisions"}],"predecessor-version":[{"id":5512,"href":"https:\/\/www.systag.ch\/de\/wp-json\/wp\/v2\/pages\/4908\/revisions\/5512"}],"up":[{"embeddable":true,"href":"https:\/\/www.systag.ch\/de\/wp-json\/wp\/v2\/pages\/2862"}],"wp:featuredmedia":[{"embeddable":true,"href":"https:\/\/www.systag.ch\/de\/wp-json\/wp\/v2\/media\/3184"}],"wp:attachment":[{"href":"https:\/\/www.systag.ch\/de\/wp-json\/wp\/v2\/media?parent=4908"}],"curies":[{"name":"wp","href":"https:\/\/api.w.org\/{rel}","templated":true}]}}