{"id":4894,"date":"2020-01-30T15:56:03","date_gmt":"2020-01-30T14:56:03","guid":{"rendered":"https:\/\/www.systag.ch\/engineering\/unser-engagement\/"},"modified":"2020-02-03T23:56:34","modified_gmt":"2020-02-03T22:56:34","slug":"unser-engagement","status":"publish","type":"page","link":"https:\/\/www.systag.ch\/de\/engineering\/unser-engagement\/","title":{"rendered":"Unser Engagement"},"content":{"rendered":"\n[et_pb_section fb_built=&#8221;1&#8243; _builder_version=&#8221;4.0.11&#8243; custom_padding=&#8221;0px||0px|||&#8221;][et_pb_row use_custom_gutter=&#8221;on&#8221; gutter_width=&#8221;1&#8243; make_equal=&#8221;on&#8221; _builder_version=&#8221;4.2.2&#8243; width=&#8221;100%&#8221; max_width=&#8221;1366px&#8221; custom_margin=&#8221;||||false|false&#8221; custom_padding=&#8221;15px||15px||false|false&#8221; hover_enabled=&#8221;0&#8243;][et_pb_column type=&#8221;4_4&#8243; _builder_version=&#8221;4.0.6&#8243;][et_pb_text _builder_version=&#8221;4.2.2&#8243; text_font=&#8221;|700|||||||&#8221; text_text_color=&#8221;#ffffff&#8221; header_3_text_color=&#8221;#ffffff&#8221; background_color=&#8221;#555665&#8243; max_height=&#8221;50px&#8221; max_height_tablet=&#8221;50px&#8221; max_height_phone=&#8221;&#8221; max_height_last_edited=&#8221;on|phone&#8221; custom_margin=&#8221;||||false|false&#8221; custom_margin_tablet=&#8221;|||0px|false|false&#8221; custom_margin_phone=&#8221;&#8221; custom_margin_last_edited=&#8221;on|tablet&#8221; custom_padding=&#8221;15px||15px|15px|true|false&#8221; custom_padding_tablet=&#8221;15px||10px||false|false&#8221; custom_padding_phone=&#8221;|15px|5px||false|false&#8221; custom_padding_last_edited=&#8221;on|phone&#8221; border_radii=&#8221;on|10px|10px|10px|10px&#8221;]<h3>Ziele<\/h3>[\/et_pb_text][\/et_pb_column][\/et_pb_row][et_pb_row column_structure=&#8221;2_3,1_3&#8243; use_custom_gutter=&#8221;on&#8221; gutter_width=&#8221;1&#8243; _builder_version=&#8221;4.2.2&#8243; width=&#8221;100%&#8221; max_width=&#8221;1366px&#8221; custom_margin=&#8221;||||false|false&#8221; custom_padding=&#8221;0px||0px||false|false&#8221;][et_pb_column type=&#8221;2_3&#8243; _builder_version=&#8221;4.0.6&#8243;][et_pb_text _builder_version=&#8221;4.2.2&#8243; custom_margin=&#8221;|15px|||false|false&#8221;]<h3>\u00abG\u00f6nnen Sie sich Zeit f\u00fcr Ihre Kernaufgaben \u2013 Ihre Herausforderung ist bei uns in guten H\u00e4nden.\u00bb<\/h3>\n<p>Wir bringen Ihnen Komfort und Entlastung durch Automations- und Softwarel\u00f6sungen, welche einfach zu bedienen und zu warten sind und die Ihre gestellten Anforderungen erf\u00fcllen.<\/p>\n<p>Profitieren Sie von einer individuellen und pers\u00f6nlichen Beratung und stellen Sie Ihren nachhaltigen Erfolg sicher. Wir nehmen Ihre Herausforderung gerne entgegen und freuen uns Ihnen auf Ihre Bed\u00fcrfnisse zugeschnittene L\u00f6sungen anzubieten.<\/p>\n<p>Wir begleiten Sie bei einem reibungslosen Projektablauf von der Entwicklung, \u00fcber Herstellung und Programmierung bis zur Inbetriebnahme. Sparen Sie Ressourcen, Zeit und Nerven dank unserem schnellen und zuverl\u00e4ssigen Support. Innert kurzer Zeit unterst\u00fctzen wir Sie vor Ort.<\/p>[\/et_pb_text][\/et_pb_column][et_pb_column type=&#8221;1_3&#8243; _builder_version=&#8221;4.0.6&#8243;][et_pb_image src=&#8221;https:\/\/www.systag.ch\/wp-content\/uploads\/2020\/01\/Ziele.jpg&#8221; _builder_version=&#8221;4.2.2&#8243;][\/et_pb_image][\/et_pb_column][\/et_pb_row][\/et_pb_section][et_pb_section fb_built=&#8221;1&#8243; _builder_version=&#8221;4.0.11&#8243; custom_padding=&#8221;0px||0px|||&#8221;][et_pb_row use_custom_gutter=&#8221;on&#8221; gutter_width=&#8221;1&#8243; make_equal=&#8221;on&#8221; _builder_version=&#8221;4.2.2&#8243; width=&#8221;100%&#8221; max_width=&#8221;1366px&#8221; custom_margin=&#8221;||||false|false&#8221; custom_padding=&#8221;15px||15px||false|false&#8221; hover_enabled=&#8221;0&#8243;][et_pb_column type=&#8221;4_4&#8243; _builder_version=&#8221;4.0.6&#8243;][et_pb_text _builder_version=&#8221;4.2.2&#8243; text_font=&#8221;|700|||||||&#8221; text_text_color=&#8221;#ffffff&#8221; header_3_text_color=&#8221;#ffffff&#8221; background_color=&#8221;#555665&#8243; max_height=&#8221;50px&#8221; max_height_tablet=&#8221;50px&#8221; max_height_phone=&#8221;&#8221; max_height_last_edited=&#8221;on|phone&#8221; custom_margin=&#8221;||||false|false&#8221; custom_margin_tablet=&#8221;|||0px|false|false&#8221; custom_margin_phone=&#8221;&#8221; custom_margin_last_edited=&#8221;on|tablet&#8221; custom_padding=&#8221;15px||15px|15px|true|false&#8221; custom_padding_tablet=&#8221;15px||10px||false|false&#8221; custom_padding_phone=&#8221;|15px|5px||false|false&#8221; custom_padding_last_edited=&#8221;on|phone&#8221; border_radii=&#8221;on|10px|10px|10px|10px&#8221;]<h3>Innovation und Expertise<\/h3>[\/et_pb_text][\/et_pb_column][\/et_pb_row][et_pb_row column_structure=&#8221;2_3,1_3&#8243; use_custom_gutter=&#8221;on&#8221; gutter_width=&#8221;1&#8243; _builder_version=&#8221;4.2.2&#8243; width=&#8221;100%&#8221; max_width=&#8221;1366px&#8221; custom_margin=&#8221;||||false|false&#8221; custom_padding=&#8221;0px||0px|||&#8221;][et_pb_column type=&#8221;2_3&#8243; _builder_version=&#8221;4.0.6&#8243;][et_pb_text _builder_version=&#8221;4.2.2&#8243; custom_margin=&#8221;|15px|||false|false&#8221;]<h3>\u00abIhr Vorsprung durch Innovationskraft.\u00bb<\/h3>\n<p>Erweitern Sie Ihr Know-how durch unsere umfangreiche Erfahrung in den Bereichen Prozessleittechnik f\u00fcr die Pharma-, Chemie-, Agro-, Kosmetik-, Parfum- und Lebensmittelindustrie. Unsere Wissenschaftler, Experten und Fachspezialisten verf\u00fcgen \u00fcber die n\u00f6tige Grundlage sowie Cutting-Edge-Technologien f\u00fcr Ihre spezifische Probleml\u00f6sung.<\/p>\n<p>Wir bieten innovative Prozesse und Methoden zur Steigerung der Produktivit\u00e4t sowie der Optimierung und Sicherung eines st\u00f6rungsfreien Betrieb.<\/p>\n<p>Von Messtechnik \u00fcber Anlagedesign, Engineering Dienstleistung, Automation und Softwarel\u00f6sungen, bis zu Datenarchivierung und Datenanalyse erfassen wir Ihr komplexes Projekt als Ganzes. Wir schliessen f\u00fcr Sie den Kreis mit unendlichen M\u00f6glichkeiten. W\u00e4hlen Sie einen einzigen Ansprechpartner f\u00fcr Ihre vielf\u00e4ltige Aufgabe. F\u00fcr neue Projekte, Erweiterungen, Koordinierung der verschiedenen Projektpartner, \u00fcbergeordnete Softwarel\u00f6sungen zur Synchronisation verschiedener Produktionsanlagen oder bei L\u00fccken in Ihrem laufenden Projekt bieten wir Ihnen exzellente Dienstleistung.<\/p>[\/et_pb_text][\/et_pb_column][et_pb_column type=&#8221;1_3&#8243; _builder_version=&#8221;4.0.6&#8243;][et_pb_image src=&#8221;https:\/\/www.systag.ch\/wp-content\/uploads\/2020\/01\/Innovation.jpg&#8221; _builder_version=&#8221;4.2.2&#8243;][\/et_pb_image][\/et_pb_column][\/et_pb_row][\/et_pb_section][et_pb_section fb_built=&#8221;1&#8243; _builder_version=&#8221;4.0.11&#8243; custom_padding=&#8221;0px|||||&#8221;][et_pb_row use_custom_gutter=&#8221;on&#8221; gutter_width=&#8221;1&#8243; make_equal=&#8221;on&#8221; _builder_version=&#8221;4.2.2&#8243; width=&#8221;100%&#8221; max_width=&#8221;1366px&#8221; custom_margin=&#8221;||||false|false&#8221; custom_padding=&#8221;15px||15px||false|false&#8221; hover_enabled=&#8221;0&#8243;][et_pb_column type=&#8221;4_4&#8243; _builder_version=&#8221;4.0.6&#8243;][et_pb_text _builder_version=&#8221;4.2.2&#8243; text_font=&#8221;|700|||||||&#8221; text_text_color=&#8221;#ffffff&#8221; header_3_text_color=&#8221;#ffffff&#8221; background_color=&#8221;#555665&#8243; max_height=&#8221;50px&#8221; max_height_tablet=&#8221;50px&#8221; max_height_phone=&#8221;&#8221; max_height_last_edited=&#8221;on|phone&#8221; custom_margin=&#8221;||||false|false&#8221; custom_margin_tablet=&#8221;|||0px|false|false&#8221; custom_margin_phone=&#8221;&#8221; custom_margin_last_edited=&#8221;on|tablet&#8221; custom_padding=&#8221;15px||15px|15px|true|false&#8221; custom_padding_tablet=&#8221;15px||10px||false|false&#8221; custom_padding_phone=&#8221;|15px|5px||false|false&#8221; custom_padding_last_edited=&#8221;on|phone&#8221; border_radii=&#8221;on|10px|10px|10px|10px&#8221;]<h3>Qualifizierung, Validierung, Zertifizierung<\/h3>[\/et_pb_text][\/et_pb_column][\/et_pb_row][et_pb_row column_structure=&#8221;2_3,1_3&#8243; use_custom_gutter=&#8221;on&#8221; gutter_width=&#8221;1&#8243; _builder_version=&#8221;4.2.2&#8243; width=&#8221;100%&#8221; max_width=&#8221;1366px&#8221; custom_margin=&#8221;||||false|false&#8221; custom_padding=&#8221;0px||||false|false&#8221;][et_pb_column type=&#8221;2_3&#8243; _builder_version=&#8221;4.0.6&#8243;][et_pb_text _builder_version=&#8221;4.2.2&#8243; custom_margin=&#8221;|15px|||false|false&#8221;]<h3>\u00abErleben Sie einen reibungslosen und sicheren Betrieb.\u00bb<\/h3>\n<p>Wir unterst\u00fctzen den Qualifizierungs-Prozess und erstellen gut strukturierte Testpl\u00e4ne und Dokumentationen. Qualit\u00e4tssicherung bedeutet transparente und nachvollziehbare Datenfl\u00fcsse, damit Sie Vertrauen in Ihre Automationsl\u00f6sung haben.<\/p>\n<p>Damit die volle Funktionsf\u00e4higkeit jederzeit gew\u00e4hrleistet ist und Ihre Daten sicher \u00fcbertragen und gespeichert werden -selbst bei Stromausf\u00e4llen und Betriebsunterbrechungen &#8211; f\u00fchren wir in Ihrem Auftrag eine vollst\u00e4ndige Computer System Validierung (Hardware und Software) durch.<\/p>\n<p>F\u00fcr Ihre (Produktions-)Sicherheit, und die Zertifizierung Ihrer Anlage, begleiten wir Sie beim Thema Risikomanagement.<\/p>\n<p>Unser Vorgehen ist auf Nachhaltigkeit und Langzeitstabilit\u00e4t ausgerichtet und optimiert im Hinblick auf Ihre Kosten.<\/p>[\/et_pb_text][\/et_pb_column][et_pb_column type=&#8221;1_3&#8243; _builder_version=&#8221;4.0.6&#8243;][et_pb_image src=&#8221;https:\/\/www.systag.ch\/wp-content\/uploads\/2020\/01\/Qualifizierung.jpg&#8221; _builder_version=&#8221;4.2.2&#8243;][\/et_pb_image][\/et_pb_column][\/et_pb_row][\/et_pb_section]\n","protected":false},"excerpt":{"rendered":"<p>Engeneering \u2013 Unser Engagement<\/p>\n","protected":false},"author":2,"featured_media":3184,"parent":2862,"menu_order":10,"comment_status":"closed","ping_status":"closed","template":"","meta":{"_et_pb_use_builder":"on","_et_pb_old_content":"<!-- wp:divi\/placeholder \/-->","_et_gb_content_width":"","footnotes":""},"class_list":["post-4894","page","type-page","status-publish","has-post-thumbnail","hentry"],"yoast_head":"<!-- This site is optimized with the Yoast SEO plugin v25.6 - https:\/\/yoast.com\/wordpress\/plugins\/seo\/ -->\n<title>Unser Engagement - SYSTAG, System Technik AG<\/title>\n<meta name=\"description\" content=\"SYSTAG: \u00dcbersicht Produkte und Dienstleistungen f\u00fcr die die chemische Entwicklungs- und Verfahrensoptimierung.\" \/>\n<meta name=\"robots\" content=\"index, follow, max-snippet:-1, max-image-preview:large, max-video-preview:-1\" \/>\n<link rel=\"canonical\" href=\"https:\/\/www.systag.ch\/de\/engineering\/unser-engagement\/\" \/>\n<meta property=\"og:locale\" content=\"de_DE\" \/>\n<meta property=\"og:type\" content=\"article\" \/>\n<meta property=\"og:title\" content=\"Unser Engagement - SYSTAG, System Technik AG\" \/>\n<meta property=\"og:description\" content=\"SYSTAG: \u00dcbersicht Produkte und Dienstleistungen f\u00fcr die die chemische Entwicklungs- und Verfahrensoptimierung.\" \/>\n<meta property=\"og:url\" content=\"https:\/\/www.systag.ch\/de\/engineering\/unser-engagement\/\" \/>\n<meta property=\"og:site_name\" content=\"SYSTAG, System Technik AG\" \/>\n<meta property=\"article:modified_time\" content=\"2020-02-03T22:56:34+00:00\" \/>\n<meta property=\"og:image\" content=\"https:\/\/www.systag.ch\/wp-content\/uploads\/2020\/01\/Validierung.jpg\" \/>\n\t<meta property=\"og:image:width\" content=\"731\" \/>\n\t<meta property=\"og:image:height\" content=\"208\" \/>\n\t<meta property=\"og:image:type\" content=\"image\/jpeg\" \/>\n<meta name=\"twitter:card\" content=\"summary_large_image\" \/>\n<meta name=\"twitter:label1\" content=\"Gesch\u00e4tzte Lesezeit\" \/>\n\t<meta name=\"twitter:data1\" content=\"5 Minuten\" \/>\n<script type=\"application\/ld+json\" class=\"yoast-schema-graph\">{\"@context\":\"https:\/\/schema.org\",\"@graph\":[{\"@type\":\"WebPage\",\"@id\":\"https:\/\/www.systag.ch\/de\/engineering\/unser-engagement\/\",\"url\":\"https:\/\/www.systag.ch\/de\/engineering\/unser-engagement\/\",\"name\":\"Unser Engagement - SYSTAG, System Technik AG\",\"isPartOf\":{\"@id\":\"https:\/\/www.systag.ch\/de\/#website\"},\"primaryImageOfPage\":{\"@id\":\"https:\/\/www.systag.ch\/de\/engineering\/unser-engagement\/#primaryimage\"},\"image\":{\"@id\":\"https:\/\/www.systag.ch\/de\/engineering\/unser-engagement\/#primaryimage\"},\"thumbnailUrl\":\"https:\/\/www.systag.ch\/wp-content\/uploads\/2020\/01\/Validierung.jpg\",\"datePublished\":\"2020-01-30T14:56:03+00:00\",\"dateModified\":\"2020-02-03T22:56:34+00:00\",\"description\":\"SYSTAG: \u00dcbersicht Produkte und Dienstleistungen f\u00fcr die die chemische Entwicklungs- und Verfahrensoptimierung.\",\"breadcrumb\":{\"@id\":\"https:\/\/www.systag.ch\/de\/engineering\/unser-engagement\/#breadcrumb\"},\"inLanguage\":\"de-CH\",\"potentialAction\":[{\"@type\":\"ReadAction\",\"target\":[\"https:\/\/www.systag.ch\/de\/engineering\/unser-engagement\/\"]}]},{\"@type\":\"ImageObject\",\"inLanguage\":\"de-CH\",\"@id\":\"https:\/\/www.systag.ch\/de\/engineering\/unser-engagement\/#primaryimage\",\"url\":\"https:\/\/www.systag.ch\/wp-content\/uploads\/2020\/01\/Validierung.jpg\",\"contentUrl\":\"https:\/\/www.systag.ch\/wp-content\/uploads\/2020\/01\/Validierung.jpg\",\"width\":731,\"height\":208},{\"@type\":\"BreadcrumbList\",\"@id\":\"https:\/\/www.systag.ch\/de\/engineering\/unser-engagement\/#breadcrumb\",\"itemListElement\":[{\"@type\":\"ListItem\",\"position\":1,\"name\":\"Home\",\"item\":\"https:\/\/www.systag.ch\/de\/\"},{\"@type\":\"ListItem\",\"position\":2,\"name\":\"Engineering\",\"item\":\"https:\/\/www.systag.ch\/de\/engineering\/\"},{\"@type\":\"ListItem\",\"position\":3,\"name\":\"Unser Engagement\"}]},{\"@type\":\"WebSite\",\"@id\":\"https:\/\/www.systag.ch\/de\/#website\",\"url\":\"https:\/\/www.systag.ch\/de\/\",\"name\":\"SYSTAG, System Technik AG\",\"description\":\"Automatisierte Laborsysteme und Kalorimetrie\",\"publisher\":{\"@id\":\"https:\/\/www.systag.ch\/de\/#organization\"},\"potentialAction\":[{\"@type\":\"SearchAction\",\"target\":{\"@type\":\"EntryPoint\",\"urlTemplate\":\"https:\/\/www.systag.ch\/de\/?s={search_term_string}\"},\"query-input\":{\"@type\":\"PropertyValueSpecification\",\"valueRequired\":true,\"valueName\":\"search_term_string\"}}],\"inLanguage\":\"de-CH\"},{\"@type\":\"Organization\",\"@id\":\"https:\/\/www.systag.ch\/de\/#organization\",\"name\":\"SYSTAG, System Technik AG\",\"url\":\"https:\/\/www.systag.ch\/de\/\",\"logo\":{\"@type\":\"ImageObject\",\"inLanguage\":\"de-CH\",\"@id\":\"https:\/\/www.systag.ch\/de\/#\/schema\/logo\/image\/\",\"url\":\"https:\/\/www.systag.ch\/wp-content\/uploads\/2020\/01\/logo_systag_en.png\",\"contentUrl\":\"https:\/\/www.systag.ch\/wp-content\/uploads\/2020\/01\/logo_systag_en.png\",\"width\":215,\"height\":80,\"caption\":\"SYSTAG, System Technik AG\"},\"image\":{\"@id\":\"https:\/\/www.systag.ch\/de\/#\/schema\/logo\/image\/\"}}]}<\/script>\n<!-- \/ Yoast SEO plugin. -->","yoast_head_json":{"title":"Unser Engagement - SYSTAG, System Technik AG","description":"SYSTAG: \u00dcbersicht Produkte und Dienstleistungen f\u00fcr die die chemische Entwicklungs- und Verfahrensoptimierung.","robots":{"index":"index","follow":"follow","max-snippet":"max-snippet:-1","max-image-preview":"max-image-preview:large","max-video-preview":"max-video-preview:-1"},"canonical":"https:\/\/www.systag.ch\/de\/engineering\/unser-engagement\/","og_locale":"de_DE","og_type":"article","og_title":"Unser Engagement - SYSTAG, System Technik AG","og_description":"SYSTAG: \u00dcbersicht Produkte und Dienstleistungen f\u00fcr die die chemische Entwicklungs- und Verfahrensoptimierung.","og_url":"https:\/\/www.systag.ch\/de\/engineering\/unser-engagement\/","og_site_name":"SYSTAG, System Technik AG","article_modified_time":"2020-02-03T22:56:34+00:00","og_image":[{"width":731,"height":208,"url":"https:\/\/www.systag.ch\/wp-content\/uploads\/2020\/01\/Validierung.jpg","type":"image\/jpeg"}],"twitter_card":"summary_large_image","twitter_misc":{"Gesch\u00e4tzte Lesezeit":"5 Minuten"},"schema":{"@context":"https:\/\/schema.org","@graph":[{"@type":"WebPage","@id":"https:\/\/www.systag.ch\/de\/engineering\/unser-engagement\/","url":"https:\/\/www.systag.ch\/de\/engineering\/unser-engagement\/","name":"Unser Engagement - SYSTAG, System Technik AG","isPartOf":{"@id":"https:\/\/www.systag.ch\/de\/#website"},"primaryImageOfPage":{"@id":"https:\/\/www.systag.ch\/de\/engineering\/unser-engagement\/#primaryimage"},"image":{"@id":"https:\/\/www.systag.ch\/de\/engineering\/unser-engagement\/#primaryimage"},"thumbnailUrl":"https:\/\/www.systag.ch\/wp-content\/uploads\/2020\/01\/Validierung.jpg","datePublished":"2020-01-30T14:56:03+00:00","dateModified":"2020-02-03T22:56:34+00:00","description":"SYSTAG: \u00dcbersicht Produkte und Dienstleistungen f\u00fcr die die chemische Entwicklungs- und Verfahrensoptimierung.","breadcrumb":{"@id":"https:\/\/www.systag.ch\/de\/engineering\/unser-engagement\/#breadcrumb"},"inLanguage":"de-CH","potentialAction":[{"@type":"ReadAction","target":["https:\/\/www.systag.ch\/de\/engineering\/unser-engagement\/"]}]},{"@type":"ImageObject","inLanguage":"de-CH","@id":"https:\/\/www.systag.ch\/de\/engineering\/unser-engagement\/#primaryimage","url":"https:\/\/www.systag.ch\/wp-content\/uploads\/2020\/01\/Validierung.jpg","contentUrl":"https:\/\/www.systag.ch\/wp-content\/uploads\/2020\/01\/Validierung.jpg","width":731,"height":208},{"@type":"BreadcrumbList","@id":"https:\/\/www.systag.ch\/de\/engineering\/unser-engagement\/#breadcrumb","itemListElement":[{"@type":"ListItem","position":1,"name":"Home","item":"https:\/\/www.systag.ch\/de\/"},{"@type":"ListItem","position":2,"name":"Engineering","item":"https:\/\/www.systag.ch\/de\/engineering\/"},{"@type":"ListItem","position":3,"name":"Unser Engagement"}]},{"@type":"WebSite","@id":"https:\/\/www.systag.ch\/de\/#website","url":"https:\/\/www.systag.ch\/de\/","name":"SYSTAG, System Technik AG","description":"Automatisierte Laborsysteme und Kalorimetrie","publisher":{"@id":"https:\/\/www.systag.ch\/de\/#organization"},"potentialAction":[{"@type":"SearchAction","target":{"@type":"EntryPoint","urlTemplate":"https:\/\/www.systag.ch\/de\/?s={search_term_string}"},"query-input":{"@type":"PropertyValueSpecification","valueRequired":true,"valueName":"search_term_string"}}],"inLanguage":"de-CH"},{"@type":"Organization","@id":"https:\/\/www.systag.ch\/de\/#organization","name":"SYSTAG, System Technik AG","url":"https:\/\/www.systag.ch\/de\/","logo":{"@type":"ImageObject","inLanguage":"de-CH","@id":"https:\/\/www.systag.ch\/de\/#\/schema\/logo\/image\/","url":"https:\/\/www.systag.ch\/wp-content\/uploads\/2020\/01\/logo_systag_en.png","contentUrl":"https:\/\/www.systag.ch\/wp-content\/uploads\/2020\/01\/logo_systag_en.png","width":215,"height":80,"caption":"SYSTAG, System Technik AG"},"image":{"@id":"https:\/\/www.systag.ch\/de\/#\/schema\/logo\/image\/"}}]}},"_links":{"self":[{"href":"https:\/\/www.systag.ch\/de\/wp-json\/wp\/v2\/pages\/4894"}],"collection":[{"href":"https:\/\/www.systag.ch\/de\/wp-json\/wp\/v2\/pages"}],"about":[{"href":"https:\/\/www.systag.ch\/de\/wp-json\/wp\/v2\/types\/page"}],"author":[{"embeddable":true,"href":"https:\/\/www.systag.ch\/de\/wp-json\/wp\/v2\/users\/2"}],"replies":[{"embeddable":true,"href":"https:\/\/www.systag.ch\/de\/wp-json\/wp\/v2\/comments?post=4894"}],"version-history":[{"count":5,"href":"https:\/\/www.systag.ch\/de\/wp-json\/wp\/v2\/pages\/4894\/revisions"}],"predecessor-version":[{"id":5508,"href":"https:\/\/www.systag.ch\/de\/wp-json\/wp\/v2\/pages\/4894\/revisions\/5508"}],"up":[{"embeddable":true,"href":"https:\/\/www.systag.ch\/de\/wp-json\/wp\/v2\/pages\/2862"}],"wp:featuredmedia":[{"embeddable":true,"href":"https:\/\/www.systag.ch\/de\/wp-json\/wp\/v2\/media\/3184"}],"wp:attachment":[{"href":"https:\/\/www.systag.ch\/de\/wp-json\/wp\/v2\/media?parent=4894"}],"curies":[{"name":"wp","href":"https:\/\/api.w.org\/{rel}","templated":true}]}}