{"id":4877,"date":"2020-01-30T14:06:57","date_gmt":"2020-01-30T13:06:57","guid":{"rendered":"https:\/\/www.systag.ch\/labor-reaktor-systeme\/produkte\/"},"modified":"2020-11-17T11:22:08","modified_gmt":"2020-11-17T10:22:08","slug":"produkte","status":"publish","type":"page","link":"https:\/\/www.systag.ch\/de\/labor-reaktor-systeme\/produkte\/","title":{"rendered":"Produkte"},"content":{"rendered":"<p>[et_pb_section fb_built=&#8221;1&#8243; _builder_version=&#8221;4.0.11&#8243; custom_padding=&#8221;0px|||||&#8221;][et_pb_row use_custom_gutter=&#8221;on&#8221; gutter_width=&#8221;1&#8243; make_equal=&#8221;on&#8221; _builder_version=&#8221;4.2.2&#8243; width=&#8221;100%&#8221; max_width=&#8221;1366px&#8221; custom_margin=&#8221;||||false|false&#8221; custom_padding=&#8221;15px||15px||false|false&#8221;][et_pb_column type=&#8221;4_4&#8243; _builder_version=&#8221;4.0.6&#8243;][et_pb_text _builder_version=&#8221;4.0.11&#8243; text_font=&#8221;|700|||||||&#8221; text_text_color=&#8221;#ffffff&#8221; header_3_text_color=&#8221;#ffffff&#8221; background_color=&#8221;#555665&#8243; max_height=&#8221;50px&#8221; max_height_tablet=&#8221;50px&#8221; max_height_phone=&#8221;&#8221; max_height_last_edited=&#8221;on|phone&#8221; custom_margin=&#8221;||||false|false&#8221; custom_margin_tablet=&#8221;|||0px|false|false&#8221; custom_margin_phone=&#8221;&#8221; custom_margin_last_edited=&#8221;on|tablet&#8221; custom_padding=&#8221;15px||15px|15px|true|false&#8221; custom_padding_tablet=&#8221;15px||10px||false|false&#8221; custom_padding_phone=&#8221;|15px|5px||false|false&#8221; custom_padding_last_edited=&#8221;on|phone&#8221; border_radii=&#8221;on|10px|10px|10px|10px&#8221;]<\/p>\n<h3>Verfahrensentwicklung \u2013 Prozess Sicherheit \u2013 Scale Up<\/h3>\n<p>[\/et_pb_text][\/et_pb_column][\/et_pb_row][et_pb_row column_structure=&#8221;1_3,1_3,1_3&#8243; use_custom_gutter=&#8221;on&#8221; gutter_width=&#8221;1&#8243; _builder_version=&#8221;4.2.2&#8243; width=&#8221;100%&#8221; max_width=&#8221;1366px&#8221; custom_margin=&#8221;||||false|false&#8221; custom_padding=&#8221;0px|||||&#8221;][et_pb_column type=&#8221;1_3&#8243; _builder_version=&#8221;4.2.2&#8243; custom_padding=&#8221;|0px|||false|false&#8221; custom_padding_tablet=&#8221;&#8221; custom_padding_phone=&#8221;&#8221; custom_padding_last_edited=&#8221;on|desktop&#8221;][et_pb_text _builder_version=&#8221;4.5.1&#8243; text_text_color=&#8221;#000000&#8243; text_line_height=&#8221;1.5em&#8221; header_3_text_color=&#8221;#e02b20&#8243; header_3_font_size=&#8221;1.5em&#8221; header_3_line_height=&#8221;1.2em&#8221; background_enable_color=&#8221;off&#8221; custom_margin=&#8221;||5px||false|false&#8221; custom_margin_tablet=&#8221;|||0px|false|false&#8221; custom_margin_phone=&#8221;&#8221; custom_margin_last_edited=&#8221;on|tablet&#8221; custom_padding=&#8221;15px|||0px|false|false&#8221; custom_padding_tablet=&#8221;&#8221; custom_padding_phone=&#8221;15px||5px|0px|false|false&#8221; custom_padding_last_edited=&#8221;on|phone&#8221; custom_padding__hover_enabled=&#8221;off|desktop&#8221;]<\/p>\n<h3><a href=\"\/de\/labor-reaktor-systeme\/produkte\/automatisierte-labor-reaktoren-und-kalorimetrie\/\"><font color=\"red\">Automatische Laborreaktoren<\/font><\/a><\/h3>\n<p>[\/et_pb_text][et_pb_text _builder_version=&#8221;4.2.2&#8243; width=&#8221;90%&#8221; module_alignment=&#8221;left&#8221; custom_margin=&#8221;||10px||false|false&#8221; custom_padding=&#8221;||||false|false&#8221;]<\/p>\n<p style=\"text-align: center;\"><a href=\"https:\/\/www.systag.ch\/de\/labor-reaktor-systeme\/produkte\/automatisierte-labor-reaktoren-und-kalorimetrie\/flexycube\/\" title=\"FlexyCUBE\"><img loading=\"lazy\" decoding=\"async\" src=\"https:\/\/www.systag.ch\/wp-content\/uploads\/2020\/01\/symbol_product_flexycube.jpg\" width=\"111\" height=\"111\" alt=\"\" class=\"wp-image-3139 alignnone size-full\"><\/a>  <a href=\"https:\/\/www.systag.ch\/de\/labor-reaktor-systeme\/produkte\/automatisierte-labor-reaktoren-und-kalorimetrie\/flexypat\/\" title=\"FlexyPAT\"><img loading=\"lazy\" decoding=\"async\" src=\"https:\/\/www.systag.ch\/wp-content\/uploads\/2020\/01\/symbol_product_flexypat.jpg\" width=\"111\" height=\"111\" alt=\"\" class=\"wp-image-3131 alignnone size-full\"><\/a><\/p>\n<p>[\/et_pb_text][et_pb_text _builder_version=&#8221;4.2.2&#8243; custom_padding=&#8221;|15px|||false|false&#8221;]<\/p>\n<p><strong>Automatische Laborreaktoren<\/strong><br \/> Das Konzept bringt den Erfolg<\/p>\n<p>SYSTAG bietet individuelle, kostenoptimierte und anwenderfreundliche Steuerungen f\u00fcr den Synthese Reaktor.<\/p>\n<p>Vereint sich Quali\u00e4t, Modularit\u00e4t und h\u00f6chster Bedienkomfort, mit kundenspezifischer Funktionalit\u00e4t, entstehen Automationsl\u00f6sungen, welche sich durch langfristigen Erfolg und einen schnellen \u201eReturn of Investment\u201c auszeichnen.<\/p>\n<p>Benutzerdefinierte, betriebsbereite L\u00f6sungen garantieren k\u00fcrzeste Inbetriebnahme Zeiten und h\u00f6chste Akzeptanz. Die idealen Werkzeuge um sich wieder schnellstm\u00f6glich Ihren Kernkompetenzen widmen zu k\u00f6nnen.<\/p>\n<p><a href=\"https:\/\/www.systag.ch\/de\/labor-reaktor-systeme\/produkte\/automatisierte-labor-reaktoren-und-kalorimetrie\/flexycube\/\">FlexyCUBE,<\/a> parallele Prozessentwicklung in ihrer anwendungsfreundlichsten und effizientesten Art.<\/p>\n<p><a href=\"https:\/\/www.systag.ch\/de\/labor-reaktor-systeme\/produkte\/automatisierte-labor-reaktoren-und-kalorimetrie\/flexypat\/\">FlexyPAT<\/a>, der wohl flexibelste automatische Laborreaktor und damit die ideale L\u00f6sung f\u00fcr den Scale Up.<\/p>\n<p>[\/et_pb_text][\/et_pb_column][et_pb_column type=&#8221;1_3&#8243; _builder_version=&#8221;4.2.2&#8243; custom_padding=&#8221;|7.5px||7.5px|false|true&#8221; custom_padding_tablet=&#8221;|0px||0px|false|true&#8221; custom_padding_phone=&#8221;&#8221; custom_padding_last_edited=&#8221;on|tablet&#8221;][et_pb_text _builder_version=&#8221;4.5.1&#8243; text_text_color=&#8221;#000000&#8243; text_line_height=&#8221;1.5em&#8221; header_3_text_color=&#8221;#e02b20&#8243; header_3_font_size=&#8221;1.5em&#8221; header_3_line_height=&#8221;1.2em&#8221; background_enable_color=&#8221;off&#8221; custom_margin=&#8221;||5px||false|false&#8221; custom_margin_tablet=&#8221;|||0px|false|false&#8221; custom_margin_phone=&#8221;&#8221; custom_margin_last_edited=&#8221;on|tablet&#8221; custom_padding=&#8221;15px|||0px|false|false&#8221; custom_padding_tablet=&#8221;&#8221; custom_padding_phone=&#8221;15px||5px|0px|false|false&#8221; custom_padding_last_edited=&#8221;on|phone&#8221; hover_enabled=&#8221;0&#8243;]<\/p>\n<h3><a href=\"\/de\/labor-reaktor-systeme\/produkte\/thermische-prozess-sicherheit\/\"><font color=\"red\">Thermische Prozesssicherheit<\/font><\/a><\/h3>\n<p>[\/et_pb_text][et_pb_text _builder_version=&#8221;4.2.2&#8243; width=&#8221;100%&#8221; module_alignment=&#8221;center&#8221; custom_margin=&#8221;||10px||false|false&#8221; custom_padding=&#8221;||||false|false&#8221;]<\/p>\n<p style=\"text-align: center;\"><a href=\"https:\/\/www.systag.ch\/de\/labor-reaktor-systeme\/produkte\/thermische-prozess-sicherheit\/flexytsc\/\" title=\"FlexyTSC\"><img loading=\"lazy\" decoding=\"async\" src=\"https:\/\/www.systag.ch\/wp-content\/uploads\/2020\/01\/symbol_product_flexytsc.jpg\" width=\"111\" height=\"111\" alt=\"\" class=\"wp-image-3135 alignnone size-full\"><\/a><\/p>\n<p>[\/et_pb_text][et_pb_text _builder_version=&#8221;4.2.1&#8243; custom_padding=&#8221;|15px|||false|false&#8221;]<\/p>\n<p><strong>Thermische Prozesssicherheit<\/strong><br \/> Wissen schafft Sicherheit<\/p>\n<p>Umfassende L\u00f6sungen f\u00fcr die ganzheitliche, thermische Sicherheitsuntersuchung in der Chemie.<\/p>\n<p>Dank den Technologien von SYSTAG erfahren Sie mehr \u00fcber die thermische Stabilit\u00e4t von Substanzen und das Gefahrenpotenzial von chemischen Reaktionen. Die Kombination von Thermo Analyse und fundierter Reaktionskalorimetrie erm\u00f6glichen sicherheitsrelevante Aussagen bis hin zur kompletten Risikoanalyse von neuen Verfahren oder etablierten Prozessen.<\/p>\n<p><a href=\"https:\/\/www.systag.ch\/de\/labor-reaktor-systeme\/produkte\/thermische-prozess-sicherheit\/flexytsc\/\">FlexyTSC<\/a>, adiabatische Thermoanalyse im Gramm-Massstab, mit bis zu 6 unterschiedlichen Messzellen.<\/p>\n<p><a href=\"\/lab-reactor-systems\/products\/thermal-process-safety\/calo-2310\/\">Calo2310<\/a>, das \u201eall-in-one\u201c Reaktionskalorimeter mit kombinierter W\u00e4rmefluss- und W\u00e4rmebilanz-Kalorimetrie.<\/p>\n<p>[\/et_pb_text][et_pb_divider show_divider=&#8221;off&#8221; _builder_version=&#8221;4.5.1&#8243; _module_preset=&#8221;default&#8221;][\/et_pb_divider][et_pb_text _builder_version=&#8221;4.2.2&#8243; text_text_color=&#8221;#ffffff&#8221; link_font=&#8221;|||||||#ffffff|&#8221; link_text_color=&#8221;#ffffff&#8221; header_3_text_color=&#8221;#ffffff&#8221; background_color=&#8221;#555665&#8243; width=&#8221;100%&#8221; max_height=&#8221;50px&#8221; custom_margin=&#8221;131px||0px||false|false&#8221; custom_padding=&#8221;15px||15px|15px|true|false&#8221; border_radii=&#8221;on|10px|10px|10px|10px&#8221; locked=&#8221;off&#8221;]<\/p>\n<h3><a href=\"mailto:infos@systag.ch\">Infos jetzt anfragen<\/a><\/h3>\n<p>[\/et_pb_text][et_pb_text _builder_version=&#8221;4.0.11&#8243; text_text_color=&#8221;#000000&#8243; text_line_height=&#8221;1.5em&#8221; header_3_text_color=&#8221;#e02b20&#8243; header_3_font_size=&#8221;1.5em&#8221; header_3_line_height=&#8221;1.2em&#8221; background_enable_color=&#8221;off&#8221; custom_padding=&#8221;15px||15px|0px|true|false&#8221; locked=&#8221;off&#8221;]<\/p>\n<p><a href=\"mailto:info@systag.ch\">E-Mail<\/a> oder <a href=\"tel:+41447045454\">SYSTAG anrufen<\/a>.<\/p>\n<p>[\/et_pb_text][\/et_pb_column][et_pb_column type=&#8221;1_3&#8243; _builder_version=&#8221;4.2.2&#8243; custom_padding=&#8221;|||7.5px|false|false&#8221; custom_padding_tablet=&#8221;|||0px|false|false&#8221; custom_padding_phone=&#8221;&#8221; custom_padding_last_edited=&#8221;on|tablet&#8221;][et_pb_text _builder_version=&#8221;4.5.1&#8243; text_text_color=&#8221;#000000&#8243; text_line_height=&#8221;1.5em&#8221; header_3_text_color=&#8221;#e02b20&#8243; header_3_font_size=&#8221;1.5em&#8221; header_3_line_height=&#8221;1.2em&#8221; background_enable_color=&#8221;off&#8221; custom_margin=&#8221;||5px||false|false&#8221; custom_margin_tablet=&#8221;|||0px|false|false&#8221; custom_margin_phone=&#8221;&#8221; custom_margin_last_edited=&#8221;on|tablet&#8221; custom_padding=&#8221;15px|||0px|false|false&#8221; custom_padding_tablet=&#8221;&#8221; custom_padding_phone=&#8221;15px||5px|0px|false|false&#8221; custom_padding_last_edited=&#8221;on|phone&#8221; hover_enabled=&#8221;0&#8243;]<\/p>\n<h3><a href=\"\/de\/labor-reaktor-systeme\/produkte\/prozess-automation\/\"><font color=\"red\">Prozess Automation<\/font><\/a><\/h3>\n<p>[\/et_pb_text][et_pb_text _builder_version=&#8221;4.2.2&#8243; width=&#8221;100%&#8221; module_alignment=&#8221;center&#8221; custom_margin=&#8221;||10px||false|false&#8221; custom_padding=&#8221;||||false|false&#8221;]<\/p>\n<p style=\"text-align: center;\"><a href=\"https:\/\/www.systag.ch\/de\/labor-reaktor-systeme\/produkte\/prozess-automation\/flexyplant\/\" title=\"FlexyPlant\"><img loading=\"lazy\" decoding=\"async\" src=\"https:\/\/www.systag.ch\/wp-content\/uploads\/2020\/01\/symbol_product_flexyplant.jpg\" width=\"111\" height=\"111\" alt=\"\" class=\"wp-image-3133 alignnone size-full\"><\/a><\/p>\n<p>[\/et_pb_text][et_pb_text _builder_version=&#8221;4.2.2&#8243; custom_padding=&#8221;|15px|||false|false&#8221;]<\/p>\n<p><strong>Prozess Automation<\/strong><br \/> Vom Gramm zum Kilo<\/p>\n<p>L\u00f6sungen f\u00fcr Kilolabor, Pilotanlagen und spezifischen Problemstellungen der Verfahrenstechnik.<\/p>\n<p>Basierend auf \u00fcber 40 Jahre Erfahrung in der Automatisierung von Syntheseanlagen der chemischen Verfahrensentwicklung liefert SYSTAG eine optimierte L\u00f6sung f\u00fcr die automatisierte Prozessf\u00fchrung von Anlagen, in denen Prototyp-Kampagnen gefahren werden.<\/p>\n<p>Mit dem Prozessleitsystem FlexySys ist es m\u00f6glich, Routineoperationen zu automatisieren ohne dass die Flexibilit\u00e4t der Handfahrweise verloren geht.<\/p>\n<p><a href=\"https:\/\/www.systag.ch\/de\/labor-reaktor-systeme\/produkte\/prozess-automation\/flexyplant\/\">FlexyPlant<\/a> bietet ein durchg\u00e4ngiges Bedienkonzept vom Labor bis zur Pilotanlage.<\/p>\n<p><a href=\"https:\/\/www.systag.ch\/de\/engineering\/\">Automation &amp; Engineering<\/a>, SYSTAG bietet eine cGMP konforme Qualifizierung gem\u00e4ss GAMP. Auf Wunsch \u00fcbernehmen wir nicht nur die Qualifizierung der Automationsl\u00f6sung, sondern auch die Installations- und Funktionsqualifizierung der Gesamtanlage.<\/p>\n<p>[\/et_pb_text][\/et_pb_column][\/et_pb_row][\/et_pb_section]<\/p>\n","protected":false},"excerpt":{"rendered":"<p>Labor Reaktoren &amp; Systeme<\/p>\n","protected":false},"author":2,"featured_media":3180,"parent":2855,"menu_order":10,"comment_status":"closed","ping_status":"closed","template":"","meta":{"_et_pb_use_builder":"on","_et_pb_old_content":"","_et_gb_content_width":"","footnotes":""},"class_list":["post-4877","page","type-page","status-publish","has-post-thumbnail","hentry"],"yoast_head":"<!-- This site is optimized with the Yoast SEO plugin v25.6 - https:\/\/yoast.com\/wordpress\/plugins\/seo\/ -->\n<title>Produkte - SYSTAG, System Technik AG<\/title>\n<meta name=\"description\" content=\"Systag AG ist ein f\u00fchrendes Unternehmen f\u00fcr Laborreaktoren, Kalorimeter, Kalorimetrie, Prozesssicherheit, Onset Temperatur, Reaktionskalorimeter, das bekannteste Produkt ist FlexyCube. Weitere sind hier einsehbar.\" \/>\n<meta name=\"robots\" content=\"index, follow, max-snippet:-1, max-image-preview:large, max-video-preview:-1\" \/>\n<link rel=\"canonical\" href=\"https:\/\/www.systag.ch\/de\/labor-reaktor-systeme\/produkte\/\" \/>\n<meta property=\"og:locale\" content=\"de_DE\" \/>\n<meta property=\"og:type\" content=\"article\" \/>\n<meta property=\"og:title\" content=\"Produkte - SYSTAG, System Technik AG\" \/>\n<meta property=\"og:description\" content=\"Systag AG ist ein f\u00fchrendes Unternehmen f\u00fcr Laborreaktoren, Kalorimeter, Kalorimetrie, Prozesssicherheit, Onset Temperatur, Reaktionskalorimeter, das bekannteste Produkt ist FlexyCube. Weitere sind hier einsehbar.\" \/>\n<meta property=\"og:url\" content=\"https:\/\/www.systag.ch\/de\/labor-reaktor-systeme\/produkte\/\" \/>\n<meta property=\"og:site_name\" content=\"SYSTAG, System Technik AG\" \/>\n<meta property=\"article:modified_time\" content=\"2020-11-17T10:22:08+00:00\" \/>\n<meta property=\"og:image\" content=\"https:\/\/www.systag.ch\/wp-content\/uploads\/2020\/01\/themenbild_products.jpg\" \/>\n\t<meta property=\"og:image:width\" content=\"731\" \/>\n\t<meta property=\"og:image:height\" content=\"208\" \/>\n\t<meta property=\"og:image:type\" content=\"image\/jpeg\" \/>\n<meta name=\"twitter:card\" content=\"summary_large_image\" \/>\n<meta name=\"twitter:label1\" content=\"Gesch\u00e4tzte Lesezeit\" \/>\n\t<meta name=\"twitter:data1\" content=\"5 Minuten\" \/>\n<script type=\"application\/ld+json\" class=\"yoast-schema-graph\">{\"@context\":\"https:\/\/schema.org\",\"@graph\":[{\"@type\":\"WebPage\",\"@id\":\"https:\/\/www.systag.ch\/de\/labor-reaktor-systeme\/produkte\/\",\"url\":\"https:\/\/www.systag.ch\/de\/labor-reaktor-systeme\/produkte\/\",\"name\":\"Produkte - SYSTAG, System Technik AG\",\"isPartOf\":{\"@id\":\"https:\/\/www.systag.ch\/de\/#website\"},\"primaryImageOfPage\":{\"@id\":\"https:\/\/www.systag.ch\/de\/labor-reaktor-systeme\/produkte\/#primaryimage\"},\"image\":{\"@id\":\"https:\/\/www.systag.ch\/de\/labor-reaktor-systeme\/produkte\/#primaryimage\"},\"thumbnailUrl\":\"https:\/\/www.systag.ch\/wp-content\/uploads\/2020\/01\/themenbild_products.jpg\",\"datePublished\":\"2020-01-30T13:06:57+00:00\",\"dateModified\":\"2020-11-17T10:22:08+00:00\",\"description\":\"Systag AG ist ein f\u00fchrendes Unternehmen f\u00fcr Laborreaktoren, Kalorimeter, Kalorimetrie, Prozesssicherheit, Onset Temperatur, Reaktionskalorimeter, das bekannteste Produkt ist FlexyCube. Weitere sind hier einsehbar.\",\"breadcrumb\":{\"@id\":\"https:\/\/www.systag.ch\/de\/labor-reaktor-systeme\/produkte\/#breadcrumb\"},\"inLanguage\":\"de-CH\",\"potentialAction\":[{\"@type\":\"ReadAction\",\"target\":[\"https:\/\/www.systag.ch\/de\/labor-reaktor-systeme\/produkte\/\"]}]},{\"@type\":\"ImageObject\",\"inLanguage\":\"de-CH\",\"@id\":\"https:\/\/www.systag.ch\/de\/labor-reaktor-systeme\/produkte\/#primaryimage\",\"url\":\"https:\/\/www.systag.ch\/wp-content\/uploads\/2020\/01\/themenbild_products.jpg\",\"contentUrl\":\"https:\/\/www.systag.ch\/wp-content\/uploads\/2020\/01\/themenbild_products.jpg\",\"width\":731,\"height\":208},{\"@type\":\"BreadcrumbList\",\"@id\":\"https:\/\/www.systag.ch\/de\/labor-reaktor-systeme\/produkte\/#breadcrumb\",\"itemListElement\":[{\"@type\":\"ListItem\",\"position\":1,\"name\":\"Home\",\"item\":\"https:\/\/www.systag.ch\/de\/\"},{\"@type\":\"ListItem\",\"position\":2,\"name\":\"Labor Reaktoren &amp; Systeme\",\"item\":\"https:\/\/www.systag.ch\/de\/labor-reaktor-systeme\/\"},{\"@type\":\"ListItem\",\"position\":3,\"name\":\"Produkte\"}]},{\"@type\":\"WebSite\",\"@id\":\"https:\/\/www.systag.ch\/de\/#website\",\"url\":\"https:\/\/www.systag.ch\/de\/\",\"name\":\"SYSTAG, System Technik AG\",\"description\":\"Automatisierte Laborsysteme und Kalorimetrie\",\"publisher\":{\"@id\":\"https:\/\/www.systag.ch\/de\/#organization\"},\"potentialAction\":[{\"@type\":\"SearchAction\",\"target\":{\"@type\":\"EntryPoint\",\"urlTemplate\":\"https:\/\/www.systag.ch\/de\/?s={search_term_string}\"},\"query-input\":{\"@type\":\"PropertyValueSpecification\",\"valueRequired\":true,\"valueName\":\"search_term_string\"}}],\"inLanguage\":\"de-CH\"},{\"@type\":\"Organization\",\"@id\":\"https:\/\/www.systag.ch\/de\/#organization\",\"name\":\"SYSTAG, System Technik AG\",\"url\":\"https:\/\/www.systag.ch\/de\/\",\"logo\":{\"@type\":\"ImageObject\",\"inLanguage\":\"de-CH\",\"@id\":\"https:\/\/www.systag.ch\/de\/#\/schema\/logo\/image\/\",\"url\":\"https:\/\/www.systag.ch\/wp-content\/uploads\/2020\/01\/logo_systag_en.png\",\"contentUrl\":\"https:\/\/www.systag.ch\/wp-content\/uploads\/2020\/01\/logo_systag_en.png\",\"width\":215,\"height\":80,\"caption\":\"SYSTAG, System Technik AG\"},\"image\":{\"@id\":\"https:\/\/www.systag.ch\/de\/#\/schema\/logo\/image\/\"}}]}<\/script>\n<!-- \/ Yoast SEO plugin. -->","yoast_head_json":{"title":"Produkte - SYSTAG, System Technik AG","description":"Systag AG ist ein f\u00fchrendes Unternehmen f\u00fcr Laborreaktoren, Kalorimeter, Kalorimetrie, Prozesssicherheit, Onset Temperatur, Reaktionskalorimeter, das bekannteste Produkt ist FlexyCube. Weitere sind hier einsehbar.","robots":{"index":"index","follow":"follow","max-snippet":"max-snippet:-1","max-image-preview":"max-image-preview:large","max-video-preview":"max-video-preview:-1"},"canonical":"https:\/\/www.systag.ch\/de\/labor-reaktor-systeme\/produkte\/","og_locale":"de_DE","og_type":"article","og_title":"Produkte - SYSTAG, System Technik AG","og_description":"Systag AG ist ein f\u00fchrendes Unternehmen f\u00fcr Laborreaktoren, Kalorimeter, Kalorimetrie, Prozesssicherheit, Onset Temperatur, Reaktionskalorimeter, das bekannteste Produkt ist FlexyCube. Weitere sind hier einsehbar.","og_url":"https:\/\/www.systag.ch\/de\/labor-reaktor-systeme\/produkte\/","og_site_name":"SYSTAG, System Technik AG","article_modified_time":"2020-11-17T10:22:08+00:00","og_image":[{"width":731,"height":208,"url":"https:\/\/www.systag.ch\/wp-content\/uploads\/2020\/01\/themenbild_products.jpg","type":"image\/jpeg"}],"twitter_card":"summary_large_image","twitter_misc":{"Gesch\u00e4tzte Lesezeit":"5 Minuten"},"schema":{"@context":"https:\/\/schema.org","@graph":[{"@type":"WebPage","@id":"https:\/\/www.systag.ch\/de\/labor-reaktor-systeme\/produkte\/","url":"https:\/\/www.systag.ch\/de\/labor-reaktor-systeme\/produkte\/","name":"Produkte - SYSTAG, System Technik AG","isPartOf":{"@id":"https:\/\/www.systag.ch\/de\/#website"},"primaryImageOfPage":{"@id":"https:\/\/www.systag.ch\/de\/labor-reaktor-systeme\/produkte\/#primaryimage"},"image":{"@id":"https:\/\/www.systag.ch\/de\/labor-reaktor-systeme\/produkte\/#primaryimage"},"thumbnailUrl":"https:\/\/www.systag.ch\/wp-content\/uploads\/2020\/01\/themenbild_products.jpg","datePublished":"2020-01-30T13:06:57+00:00","dateModified":"2020-11-17T10:22:08+00:00","description":"Systag AG ist ein f\u00fchrendes Unternehmen f\u00fcr Laborreaktoren, Kalorimeter, Kalorimetrie, Prozesssicherheit, Onset Temperatur, Reaktionskalorimeter, das bekannteste Produkt ist FlexyCube. Weitere sind hier einsehbar.","breadcrumb":{"@id":"https:\/\/www.systag.ch\/de\/labor-reaktor-systeme\/produkte\/#breadcrumb"},"inLanguage":"de-CH","potentialAction":[{"@type":"ReadAction","target":["https:\/\/www.systag.ch\/de\/labor-reaktor-systeme\/produkte\/"]}]},{"@type":"ImageObject","inLanguage":"de-CH","@id":"https:\/\/www.systag.ch\/de\/labor-reaktor-systeme\/produkte\/#primaryimage","url":"https:\/\/www.systag.ch\/wp-content\/uploads\/2020\/01\/themenbild_products.jpg","contentUrl":"https:\/\/www.systag.ch\/wp-content\/uploads\/2020\/01\/themenbild_products.jpg","width":731,"height":208},{"@type":"BreadcrumbList","@id":"https:\/\/www.systag.ch\/de\/labor-reaktor-systeme\/produkte\/#breadcrumb","itemListElement":[{"@type":"ListItem","position":1,"name":"Home","item":"https:\/\/www.systag.ch\/de\/"},{"@type":"ListItem","position":2,"name":"Labor Reaktoren &amp; Systeme","item":"https:\/\/www.systag.ch\/de\/labor-reaktor-systeme\/"},{"@type":"ListItem","position":3,"name":"Produkte"}]},{"@type":"WebSite","@id":"https:\/\/www.systag.ch\/de\/#website","url":"https:\/\/www.systag.ch\/de\/","name":"SYSTAG, System Technik AG","description":"Automatisierte Laborsysteme und Kalorimetrie","publisher":{"@id":"https:\/\/www.systag.ch\/de\/#organization"},"potentialAction":[{"@type":"SearchAction","target":{"@type":"EntryPoint","urlTemplate":"https:\/\/www.systag.ch\/de\/?s={search_term_string}"},"query-input":{"@type":"PropertyValueSpecification","valueRequired":true,"valueName":"search_term_string"}}],"inLanguage":"de-CH"},{"@type":"Organization","@id":"https:\/\/www.systag.ch\/de\/#organization","name":"SYSTAG, System Technik AG","url":"https:\/\/www.systag.ch\/de\/","logo":{"@type":"ImageObject","inLanguage":"de-CH","@id":"https:\/\/www.systag.ch\/de\/#\/schema\/logo\/image\/","url":"https:\/\/www.systag.ch\/wp-content\/uploads\/2020\/01\/logo_systag_en.png","contentUrl":"https:\/\/www.systag.ch\/wp-content\/uploads\/2020\/01\/logo_systag_en.png","width":215,"height":80,"caption":"SYSTAG, System Technik AG"},"image":{"@id":"https:\/\/www.systag.ch\/de\/#\/schema\/logo\/image\/"}}]}},"_links":{"self":[{"href":"https:\/\/www.systag.ch\/de\/wp-json\/wp\/v2\/pages\/4877"}],"collection":[{"href":"https:\/\/www.systag.ch\/de\/wp-json\/wp\/v2\/pages"}],"about":[{"href":"https:\/\/www.systag.ch\/de\/wp-json\/wp\/v2\/types\/page"}],"author":[{"embeddable":true,"href":"https:\/\/www.systag.ch\/de\/wp-json\/wp\/v2\/users\/2"}],"replies":[{"embeddable":true,"href":"https:\/\/www.systag.ch\/de\/wp-json\/wp\/v2\/comments?post=4877"}],"version-history":[{"count":11,"href":"https:\/\/www.systag.ch\/de\/wp-json\/wp\/v2\/pages\/4877\/revisions"}],"predecessor-version":[{"id":6825,"href":"https:\/\/www.systag.ch\/de\/wp-json\/wp\/v2\/pages\/4877\/revisions\/6825"}],"up":[{"embeddable":true,"href":"https:\/\/www.systag.ch\/de\/wp-json\/wp\/v2\/pages\/2855"}],"wp:featuredmedia":[{"embeddable":true,"href":"https:\/\/www.systag.ch\/de\/wp-json\/wp\/v2\/media\/3180"}],"wp:attachment":[{"href":"https:\/\/www.systag.ch\/de\/wp-json\/wp\/v2\/media?parent=4877"}],"curies":[{"name":"wp","href":"https:\/\/api.w.org\/{rel}","templated":true}]}}