{"id":4871,"date":"2020-01-30T13:54:17","date_gmt":"2020-01-30T12:54:17","guid":{"rendered":"https:\/\/www.systag.ch\/flexyconcept\/"},"modified":"2024-08-16T16:54:30","modified_gmt":"2024-08-16T14:54:30","slug":"flexyconcept","status":"publish","type":"page","link":"https:\/\/www.systag.ch\/de\/labor-reaktor-systeme\/produkte\/flexyconcept\/","title":{"rendered":"FlexyConcept"},"content":{"rendered":"<p>[et_pb_section fb_built=&#8221;1&#8243; _builder_version=&#8221;4.16&#8243; custom_padding=&#8221;0px||0px|||&#8221; global_colors_info=&#8221;{}&#8221; theme_builder_area=&#8221;post_content&#8221;][et_pb_row use_custom_gutter=&#8221;on&#8221; gutter_width=&#8221;1&#8243; make_equal=&#8221;on&#8221; _builder_version=&#8221;4.16&#8243; width=&#8221;100%&#8221; max_width=&#8221;1366px&#8221; custom_margin=&#8221;||||false|false&#8221; custom_padding=&#8221;15px||15px||false|false&#8221; global_colors_info=&#8221;{}&#8221; theme_builder_area=&#8221;post_content&#8221;][et_pb_column type=&#8221;4_4&#8243; _builder_version=&#8221;4.16&#8243; global_colors_info=&#8221;{}&#8221; theme_builder_area=&#8221;post_content&#8221;][et_pb_text _builder_version=&#8221;4.16&#8243; text_font=&#8221;|700|||||||&#8221; text_text_color=&#8221;#ffffff&#8221; header_3_text_color=&#8221;#ffffff&#8221; background_color=&#8221;#555665&#8243; max_height=&#8221;50px&#8221; max_height_tablet=&#8221;50px&#8221; max_height_phone=&#8221;&#8221; max_height_last_edited=&#8221;on|phone&#8221; custom_margin=&#8221;||||false|false&#8221; custom_margin_tablet=&#8221;|||0px|false|false&#8221; custom_margin_phone=&#8221;&#8221; custom_margin_last_edited=&#8221;on|tablet&#8221; custom_padding=&#8221;15px||15px|15px|true|false&#8221; custom_padding_tablet=&#8221;15px||10px||false|false&#8221; custom_padding_phone=&#8221;|15px|5px||false|false&#8221; custom_padding_last_edited=&#8221;on|phone&#8221; border_radii=&#8221;on|10px|10px|10px|10px&#8221; global_colors_info=&#8221;{}&#8221; theme_builder_area=&#8221;post_content&#8221;]<\/p>\n<h3>FlexyConcept<\/h3>\n<p>[\/et_pb_text][\/et_pb_column][\/et_pb_row][et_pb_row column_structure=&#8221;1_3,1_3,1_3&#8243; use_custom_gutter=&#8221;on&#8221; gutter_width=&#8221;1&#8243; _builder_version=&#8221;4.16&#8243; width=&#8221;100%&#8221; max_width=&#8221;1366px&#8221; custom_margin=&#8221;||||false|false&#8221; custom_padding=&#8221;0px||0px|||&#8221; global_colors_info=&#8221;{}&#8221; theme_builder_area=&#8221;post_content&#8221;][et_pb_column type=&#8221;1_3&#8243; _builder_version=&#8221;4.16&#8243; custom_padding=&#8221;|7.5px|||false|false&#8221; custom_padding_tablet=&#8221;|0px|||false|false&#8221; custom_padding_phone=&#8221;&#8221; custom_padding_last_edited=&#8221;on|tablet&#8221; global_colors_info=&#8221;{}&#8221; theme_builder_area=&#8221;post_content&#8221;][et_pb_text _builder_version=&#8221;4.16&#8243; link_font=&#8221;|600|||||||&#8221; header_4_font=&#8221;|600|||||||&#8221; background_color=&#8221;#bfc2c8&#8243; max_height=&#8221;50px&#8221; custom_margin=&#8221;||15px||false|false&#8221; custom_margin_tablet=&#8221;|0px||0px|false|false&#8221; custom_margin_phone=&#8221;&#8221; custom_margin_last_edited=&#8221;on|tablet&#8221; custom_padding=&#8221;15px||15px|15px|true|false&#8221; link_option_url=&#8221;https:\/\/www.systag.ch\/de\/labor-reaktor-systeme\/produkte\/flexyconcept\/flexysys\/&#8221; border_radii=&#8221;on|10px|10px|10px|10px&#8221; locked=&#8221;off&#8221; global_colors_info=&#8221;{}&#8221; theme_builder_area=&#8221;post_content&#8221;]<\/p>\n<h4>FlexySys<\/h4>\n<p>[\/et_pb_text][et_pb_image src=&#8221;https:\/\/www.systag.ch\/wp-content\/uploads\/2020\/01\/symbol_product_flexysys.jpg&#8221; alt=&#8221;symbol_product_flexysys&#8221; title_text=&#8221;symbol_product_flexysys&#8221; url=&#8221;https:\/\/www.systag.ch\/de\/labor-reaktor-systeme\/produkte\/flexyconcept\/flexysys\/&#8221; align=&#8221;center&#8221; _builder_version=&#8221;4.16&#8243; custom_margin=&#8221;||||false|false&#8221; custom_padding=&#8221;|||15px|false|false&#8221; locked=&#8221;off&#8221; global_colors_info=&#8221;{}&#8221; theme_builder_area=&#8221;post_content&#8221;][\/et_pb_image][et_pb_text _builder_version=&#8221;4.16&#8243; custom_margin=&#8221;7.5px||||false|false&#8221; custom_margin_tablet=&#8221;||15px||false|false&#8221; custom_margin_phone=&#8221;&#8221; custom_margin_last_edited=&#8221;on|tablet&#8221; custom_padding=&#8221;|15px|||false|false&#8221; global_colors_info=&#8221;{}&#8221; theme_builder_area=&#8221;post_content&#8221;]<\/p>\n<p>Die Software <a href=\"https:\/\/www.systag.ch\/de\/labor-reaktor-systeme\/produkte\/flexyconcept\/flexysys\/\">FlexySys<\/a> f\u00fcr automatische Laborreaktoren &#8211; das Interface zur Automationstechnik f\u00fcr die Mitarbeiter im chemisch-synthetischen T\u00e4tigkeitsgebiet<\/p>\n<p>Intuitive Anlagen-Synoptik, weil<br \/> \u2192 nicht nur Spezialisten damit arbeiten m\u00fcssen<\/p>\n<p>Vordefinierte Standard-Methoden f\u00fcr einfachen und sicheren Betrieb<br \/> \u2192 Achtung, Fertig, Los<\/p>\n<p>\u00dcbersichtliche Darstellung des momentanen Status, dann<br \/> \u2192 weiss man, woran man ist<\/p>\n<p>Editierbare online Grafik, denn<br \/> \u2192 ein Bild sagt mehr als tausend Worte<\/p>\n<p>Automatische und l\u00fcckenlose Dokumentation, denn<br \/> \u2192 was nicht geschrieben ist hat nicht stattgefunden<\/p>\n<p>Anlagen-Parameter auf einen Blick, denn<br \/> \u2192 Wissen schafft Sicherheit<\/p>\n<p>[\/et_pb_text][\/et_pb_column][et_pb_column type=&#8221;1_3&#8243; _builder_version=&#8221;4.16&#8243; custom_padding=&#8221;|7.5px||7.5px|false|true&#8221; custom_padding_tablet=&#8221;|0px||0px|false|true&#8221; custom_padding_phone=&#8221;&#8221; custom_padding_last_edited=&#8221;on|tablet&#8221; global_colors_info=&#8221;{}&#8221; theme_builder_area=&#8221;post_content&#8221;][et_pb_text _builder_version=&#8221;4.16&#8243; link_font=&#8221;|600|||||||&#8221; header_4_font=&#8221;|600|||||||&#8221; background_color=&#8221;#bfc2c8&#8243; max_height=&#8221;50px&#8221; custom_margin=&#8221;||15px||false|false&#8221; custom_margin_tablet=&#8221;|0px||0px|false|false&#8221; custom_margin_phone=&#8221;&#8221; custom_margin_last_edited=&#8221;on|tablet&#8221; custom_padding=&#8221;15px||15px|15px|true|false&#8221; link_option_url=&#8221;https:\/\/www.systag.ch\/de\/labor-reaktor-systeme\/produkte\/flexyconcept\/sysgraph\/&#8221; border_radii=&#8221;on|10px|10px|10px|10px&#8221; locked=&#8221;off&#8221; global_colors_info=&#8221;{}&#8221; theme_builder_area=&#8221;post_content&#8221;]<\/p>\n<h4>SysGraph<\/h4>\n<p>[\/et_pb_text][et_pb_image src=&#8221;https:\/\/www.systag.ch\/wp-content\/uploads\/2020\/01\/symbol_product_sysgraph.jpg&#8221; alt=&#8221;symbol_product_sysgraph&#8221; title_text=&#8221;symbol_product_sysgraph&#8221; url=&#8221;https:\/\/www.systag.ch\/de\/labor-reaktor-systeme\/produkte\/flexyconcept\/sysgraph\/&#8221; align=&#8221;center&#8221; _builder_version=&#8221;4.16&#8243; custom_margin=&#8221;||||false|false&#8221; locked=&#8221;off&#8221; global_colors_info=&#8221;{}&#8221; theme_builder_area=&#8221;post_content&#8221;][\/et_pb_image][et_pb_text _builder_version=&#8221;4.16&#8243; custom_margin=&#8221;7.5px||15px||false|false&#8221; custom_padding=&#8221;|15px||7.5px|false|false&#8221; global_colors_info=&#8221;{}&#8221; theme_builder_area=&#8221;post_content&#8221;]<\/p>\n<p><a href=\"https:\/\/www.systag.ch\/de\/labor-reaktor-systeme\/produkte\/flexyconcept\/sysgraph\/\">SysGraph<\/a> &#8211; das grafische Auswerte-Tool f\u00fcr Thermo Analyse und Reaktions-Kalorimetrie, liefert im Handumdrehen pr\u00e4zise Auswertungen f\u00fcr Ihre Sicherheits-Untersuchungen.<\/p>\n<p>Intuitive Auswertemethoden generieren dem Anwender schnell und unkompliziert alle ben\u00f6tigten Resultate und Grafiken f\u00fcr die Thermo Analyse und Sicherheitsbeurteilung von Substanzen oder chemischen Reaktionen.<\/p>\n<p>Bequem f\u00fchren Sie s\u00e4mtliche Berechnung auch an einem B\u00fcro-PC durch, erstellen aussagekr\u00e4ftige Grafiken und speichern relevante Daten auch zentral auf einem Server.<\/p>\n<p><a href=\"https:\/\/www.systag.ch\/de\/labor-reaktor-systeme\/produkte\/flexyconcept\/sysgraph\/\">ThermoGraph<\/a> \u2013 f\u00fcr die (adiabatische) Thermo Analyse<\/p>\n<p><a href=\"https:\/\/www.systag.ch\/de\/labor-reaktor-systeme\/produkte\/flexyconcept\/sysgraph\/\">KaloGraph<\/a> \u2013 f\u00fcr umfassende Evaluation von reaktionskalorimetrischen Daten.<\/p>\n<p>\u00dcberlassen Sie die Sicherheit nicht dem Zufall.<\/p>\n<p>[\/et_pb_text][\/et_pb_column][et_pb_column type=&#8221;1_3&#8243; _builder_version=&#8221;4.16&#8243; custom_padding=&#8221;|||7.5px|false|false&#8221; custom_padding_tablet=&#8221;|||0px|false|false&#8221; custom_padding_phone=&#8221;&#8221; custom_padding_last_edited=&#8221;on|tablet&#8221; global_colors_info=&#8221;{}&#8221; theme_builder_area=&#8221;post_content&#8221;][et_pb_text _builder_version=&#8221;4.16&#8243; link_font=&#8221;|600|||||||&#8221; header_4_font=&#8221;|600|||||||&#8221; background_color=&#8221;#bfc2c8&#8243; max_height=&#8221;50px&#8221; custom_margin=&#8221;||15px||false|false&#8221; custom_margin_tablet=&#8221;|||0px|false|false&#8221; custom_margin_phone=&#8221;&#8221; custom_margin_last_edited=&#8221;on|tablet&#8221; custom_padding=&#8221;15px||15px|15px|true|false&#8221; border_radii=&#8221;on|10px|10px|10px|10px&#8221; locked=&#8221;off&#8221; global_colors_info=&#8221;{}&#8221; theme_builder_area=&#8221;post_content&#8221;]<\/p>\n<h4>Flyer herunterladen<\/h4>\n<p>[\/et_pb_text][et_pb_image src=&#8221;https:\/\/www.systag.ch\/wp-content\/uploads\/2020\/01\/flyer_flexyconcept_deutsch-pdf.jpg&#8221; alt=&#8221;FlexyConcept&#8221; title_text=&#8221;FlexyConcept&#8221; url=&#8221;@ET-DC@eyJkeW5hbWljIjp0cnVlLCJjb250ZW50IjoicG9zdF9saW5rX3VybF9hdHRhY2htZW50Iiwic2V0dGluZ3MiOnsicG9zdF9pZCI6IjQ4NzUifX0=@&#8221; url_new_window=&#8221;on&#8221; align=&#8221;center&#8221; _builder_version=&#8221;4.16&#8243; _dynamic_attributes=&#8221;url&#8221; custom_margin=&#8221;||15px||false|false&#8221; custom_margin_tablet=&#8221;|||0px|false|false&#8221; custom_margin_phone=&#8221;&#8221; custom_margin_last_edited=&#8221;on|tablet&#8221; border_width_all=&#8221;1px&#8221; locked=&#8221;off&#8221; global_colors_info=&#8221;{}&#8221; theme_builder_area=&#8221;post_content&#8221;][\/et_pb_image][\/et_pb_column][\/et_pb_row][et_pb_row column_structure=&#8221;1_3,1_3,1_3&#8243; use_custom_gutter=&#8221;on&#8221; gutter_width=&#8221;1&#8243; _builder_version=&#8221;4.16&#8243; width=&#8221;100%&#8221; max_width=&#8221;1366px&#8221; custom_margin=&#8221;2px|auto||auto|false|false&#8221; custom_padding=&#8221;||0px|||&#8221; global_colors_info=&#8221;{}&#8221; theme_builder_area=&#8221;post_content&#8221;][et_pb_column type=&#8221;1_3&#8243; _builder_version=&#8221;4.16&#8243; custom_padding=&#8221;|7.5px|||false|false&#8221; custom_padding_tablet=&#8221;|0px|||false|false&#8221; custom_padding_phone=&#8221;&#8221; custom_padding_last_edited=&#8221;on|tablet&#8221; global_colors_info=&#8221;{}&#8221; theme_builder_area=&#8221;post_content&#8221;][et_pb_text _builder_version=&#8221;4.26.0&#8243; link_font=&#8221;|600|||||||&#8221; header_4_font=&#8221;|600|||||||&#8221; background_color=&#8221;#bfc2c8&#8243; max_height=&#8221;50px&#8221; custom_margin=&#8221;||15px||false|false&#8221; custom_margin_tablet=&#8221;|0px||0px|false|false&#8221; custom_margin_phone=&#8221;&#8221; custom_margin_last_edited=&#8221;on|tablet&#8221; custom_padding=&#8221;15px||15px|15px|true|false&#8221; link_option_url_new_window=&#8221;on&#8221; border_radii=&#8221;on|10px|10px|10px|10px&#8221; locked=&#8221;off&#8221; global_colors_info=&#8221;{}&#8221; theme_builder_area=&#8221;post_content&#8221;]<\/p>\n<h4>CollectX<\/h4>\n<p>[\/et_pb_text][et_pb_text _builder_version=&#8221;4.16&#8243; custom_margin=&#8221;7.5px||15px||false|false&#8221; custom_padding=&#8221;|15px|||false|false&#8221; global_colors_info=&#8221;{}&#8221; theme_builder_area=&#8221;post_content&#8221;]<\/p>\n<p>Echtzeit Datenlink zu Ihrer Laborinformatik<\/p>\n<p>Profitieren Sie ab sofort von unserem neu entwickelten Software-Tool CollectX, dass es erm\u00f6glicht, Daten aus Ihrem Reaktorsystem mit Ihrer Laborinformatik zu verkn\u00fcpfen.<\/p>\n<p>[\/et_pb_text][\/et_pb_column][et_pb_column type=&#8221;1_3&#8243; _builder_version=&#8221;4.16&#8243; custom_padding=&#8221;|7.5px||7.5px|false|true&#8221; custom_padding_tablet=&#8221;|0px||0px|false|true&#8221; custom_padding_phone=&#8221;&#8221; custom_padding_last_edited=&#8221;on|tablet&#8221; global_colors_info=&#8221;{}&#8221; theme_builder_area=&#8221;post_content&#8221;][et_pb_text _builder_version=&#8221;4.26.0&#8243; _dynamic_attributes=&#8221;link_option_url&#8221; link_font=&#8221;|600|||||||&#8221; header_4_font=&#8221;|600|||||||&#8221; background_color=&#8221;#bfc2c8&#8243; max_height=&#8221;50px&#8221; custom_margin=&#8221;||15px||false|false&#8221; custom_margin_tablet=&#8221;|0px||0px|false|false&#8221; custom_margin_phone=&#8221;&#8221; custom_margin_last_edited=&#8221;on|tablet&#8221; custom_padding=&#8221;15px||15px|15px|true|false&#8221; link_option_url=&#8221;@ET-DC@eyJkeW5hbWljIjp0cnVlLCJjb250ZW50IjoicG9zdF9saW5rX3VybF9hdHRhY2htZW50Iiwic2V0dGluZ3MiOnsicG9zdF9pZCI6IjY0NzcifX0=@&#8221; link_option_url_new_window=&#8221;on&#8221; border_radii=&#8221;on|10px|10px|10px|10px&#8221; locked=&#8221;off&#8221; global_colors_info=&#8221;{}&#8221; theme_builder_area=&#8221;post_content&#8221;]<\/p>\n<h4>Flyer herunterladen<\/h4>\n<p>[\/et_pb_text][et_pb_image src=&#8221;https:\/\/www.systag.ch\/wp-content\/uploads\/2024\/08\/CollectX_Flyer.jpg&#8221; alt=&#8221;CollectX&#8221; title_text=&#8221;CollectX&#8221; url=&#8221;@ET-DC@eyJkeW5hbWljIjp0cnVlLCJjb250ZW50IjoicG9zdF9saW5rX3VybF9hdHRhY2htZW50Iiwic2V0dGluZ3MiOnsicG9zdF9pZCI6IjY0NzcifX0=@&#8221; url_new_window=&#8221;on&#8221; align=&#8221;center&#8221; _builder_version=&#8221;4.27.0&#8243; _dynamic_attributes=&#8221;url&#8221; custom_margin=&#8221;||15px||false|false&#8221; custom_margin_tablet=&#8221;|||0px|false|false&#8221; custom_margin_phone=&#8221;&#8221; custom_margin_last_edited=&#8221;on|tablet&#8221; hover_enabled=&#8221;0&#8243; border_width_all=&#8221;1px&#8221; locked=&#8221;off&#8221; global_colors_info=&#8221;{}&#8221; theme_builder_area=&#8221;post_content&#8221; sticky_enabled=&#8221;0&#8243;][\/et_pb_image][\/et_pb_column][et_pb_column type=&#8221;1_3&#8243; _builder_version=&#8221;4.16&#8243; custom_padding=&#8221;|||7.5px|false|false&#8221; custom_padding_tablet=&#8221;|||0px|false|false&#8221; custom_padding_phone=&#8221;&#8221; custom_padding_last_edited=&#8221;on|tablet&#8221; global_colors_info=&#8221;{}&#8221; theme_builder_area=&#8221;post_content&#8221;][et_pb_text _builder_version=&#8221;4.16&#8243; text_text_color=&#8221;#ffffff&#8221; link_font=&#8221;|||||||#ffffff|&#8221; link_text_color=&#8221;#ffffff&#8221; header_3_text_color=&#8221;#ffffff&#8221; background_color=&#8221;#555665&#8243; width=&#8221;100%&#8221; max_height=&#8221;50px&#8221; custom_margin=&#8221;||0px||false|false&#8221; custom_margin_tablet=&#8221;||0px|0px|false|false&#8221; custom_margin_phone=&#8221;&#8221; custom_margin_last_edited=&#8221;on|tablet&#8221; custom_padding=&#8221;15px||15px|15px|true|false&#8221; link_option_url=&#8221;mailto:infos@systag.ch&#8221; border_radii=&#8221;on|10px|10px|10px|10px&#8221; locked=&#8221;off&#8221; global_colors_info=&#8221;{}&#8221; theme_builder_area=&#8221;post_content&#8221;]<\/p>\n<h3><a href=\"mailto:infos@systag.ch\">Infos jetzt anfragen<\/a><\/h3>\n<p>[\/et_pb_text][et_pb_text _builder_version=&#8221;4.16&#8243; text_text_color=&#8221;#000000&#8243; text_line_height=&#8221;1.5em&#8221; header_3_text_color=&#8221;#e02b20&#8243; header_3_font_size=&#8221;1.5em&#8221; header_3_line_height=&#8221;1.2em&#8221; background_enable_color=&#8221;off&#8221; custom_padding=&#8221;15px||15px||true|false&#8221; custom_padding_tablet=&#8221;|||0px|true|false&#8221; custom_padding_phone=&#8221;&#8221; custom_padding_last_edited=&#8221;on|tablet&#8221; locked=&#8221;off&#8221; global_colors_info=&#8221;{}&#8221; theme_builder_area=&#8221;post_content&#8221;]<\/p>\n<p><a href=\"mailto:infos@systag.ch\">E-Mail<\/a> oder <a href=\"tel:+41447045454\">SYSTAG<\/a> anrufen.<\/p>\n<p>[\/et_pb_text][\/et_pb_column][\/et_pb_row][\/et_pb_section]<\/p>\n","protected":false},"excerpt":{"rendered":"<p>Labor Reaktoren &amp; Systeme<\/p>\n","protected":false},"author":2,"featured_media":3145,"parent":4877,"menu_order":10,"comment_status":"closed","ping_status":"closed","template":"","meta":{"_et_pb_use_builder":"on","_et_pb_old_content":"","_et_gb_content_width":"","footnotes":""},"class_list":["post-4871","page","type-page","status-publish","has-post-thumbnail","hentry"],"yoast_head":"<!-- This site is optimized with the Yoast SEO plugin v25.6 - https:\/\/yoast.com\/wordpress\/plugins\/seo\/ -->\n<title>FlexyConcept - SYSTAG, System Technik AG<\/title>\n<meta name=\"description\" content=\"FlexyConcept Produkte von SYSTAG wie z.B. FlexyCUBE sind zuverl\u00e4ssig und f\u00fcr die Scale-up-Produktion ausgelegt.\" \/>\n<meta name=\"robots\" content=\"index, follow, max-snippet:-1, max-image-preview:large, max-video-preview:-1\" \/>\n<link rel=\"canonical\" href=\"https:\/\/www.systag.ch\/de\/labor-reaktor-systeme\/produkte\/flexyconcept\/\" \/>\n<meta property=\"og:locale\" content=\"de_DE\" \/>\n<meta property=\"og:type\" content=\"article\" \/>\n<meta property=\"og:title\" content=\"FlexyConcept - SYSTAG, System Technik AG\" \/>\n<meta property=\"og:description\" content=\"FlexyConcept Produkte von SYSTAG wie z.B. FlexyCUBE sind zuverl\u00e4ssig und f\u00fcr die Scale-up-Produktion ausgelegt.\" \/>\n<meta property=\"og:url\" content=\"https:\/\/www.systag.ch\/de\/labor-reaktor-systeme\/produkte\/flexyconcept\/\" \/>\n<meta property=\"og:site_name\" content=\"SYSTAG, System Technik AG\" \/>\n<meta property=\"article:modified_time\" content=\"2024-08-16T14:54:30+00:00\" \/>\n<meta property=\"og:image\" content=\"https:\/\/www.systag.ch\/wp-content\/uploads\/2020\/01\/themenbild_flexysys.jpg\" \/>\n\t<meta property=\"og:image:width\" content=\"731\" \/>\n\t<meta property=\"og:image:height\" content=\"208\" \/>\n\t<meta property=\"og:image:type\" content=\"image\/jpeg\" \/>\n<meta name=\"twitter:card\" content=\"summary_large_image\" \/>\n<meta name=\"twitter:label1\" content=\"Gesch\u00e4tzte Lesezeit\" \/>\n\t<meta name=\"twitter:data1\" content=\"3 Minuten\" \/>\n<script type=\"application\/ld+json\" class=\"yoast-schema-graph\">{\"@context\":\"https:\/\/schema.org\",\"@graph\":[{\"@type\":\"WebPage\",\"@id\":\"https:\/\/www.systag.ch\/de\/labor-reaktor-systeme\/produkte\/flexyconcept\/\",\"url\":\"https:\/\/www.systag.ch\/de\/labor-reaktor-systeme\/produkte\/flexyconcept\/\",\"name\":\"FlexyConcept - SYSTAG, System Technik AG\",\"isPartOf\":{\"@id\":\"https:\/\/www.systag.ch\/de\/#website\"},\"primaryImageOfPage\":{\"@id\":\"https:\/\/www.systag.ch\/de\/labor-reaktor-systeme\/produkte\/flexyconcept\/#primaryimage\"},\"image\":{\"@id\":\"https:\/\/www.systag.ch\/de\/labor-reaktor-systeme\/produkte\/flexyconcept\/#primaryimage\"},\"thumbnailUrl\":\"https:\/\/www.systag.ch\/wp-content\/uploads\/2020\/01\/themenbild_flexysys.jpg\",\"datePublished\":\"2020-01-30T12:54:17+00:00\",\"dateModified\":\"2024-08-16T14:54:30+00:00\",\"description\":\"FlexyConcept Produkte von SYSTAG wie z.B. FlexyCUBE sind zuverl\u00e4ssig und f\u00fcr die Scale-up-Produktion ausgelegt.\",\"breadcrumb\":{\"@id\":\"https:\/\/www.systag.ch\/de\/labor-reaktor-systeme\/produkte\/flexyconcept\/#breadcrumb\"},\"inLanguage\":\"de-CH\",\"potentialAction\":[{\"@type\":\"ReadAction\",\"target\":[\"https:\/\/www.systag.ch\/de\/labor-reaktor-systeme\/produkte\/flexyconcept\/\"]}]},{\"@type\":\"ImageObject\",\"inLanguage\":\"de-CH\",\"@id\":\"https:\/\/www.systag.ch\/de\/labor-reaktor-systeme\/produkte\/flexyconcept\/#primaryimage\",\"url\":\"https:\/\/www.systag.ch\/wp-content\/uploads\/2020\/01\/themenbild_flexysys.jpg\",\"contentUrl\":\"https:\/\/www.systag.ch\/wp-content\/uploads\/2020\/01\/themenbild_flexysys.jpg\",\"width\":731,\"height\":208},{\"@type\":\"BreadcrumbList\",\"@id\":\"https:\/\/www.systag.ch\/de\/labor-reaktor-systeme\/produkte\/flexyconcept\/#breadcrumb\",\"itemListElement\":[{\"@type\":\"ListItem\",\"position\":1,\"name\":\"Home\",\"item\":\"https:\/\/www.systag.ch\/de\/\"},{\"@type\":\"ListItem\",\"position\":2,\"name\":\"Labor Reaktoren &amp; Systeme\",\"item\":\"https:\/\/www.systag.ch\/de\/labor-reaktor-systeme\/\"},{\"@type\":\"ListItem\",\"position\":3,\"name\":\"Produkte\",\"item\":\"https:\/\/www.systag.ch\/de\/labor-reaktor-systeme\/produkte\/\"},{\"@type\":\"ListItem\",\"position\":4,\"name\":\"FlexyConcept\"}]},{\"@type\":\"WebSite\",\"@id\":\"https:\/\/www.systag.ch\/de\/#website\",\"url\":\"https:\/\/www.systag.ch\/de\/\",\"name\":\"SYSTAG, System Technik AG\",\"description\":\"Automatisierte Laborsysteme und Kalorimetrie\",\"publisher\":{\"@id\":\"https:\/\/www.systag.ch\/de\/#organization\"},\"potentialAction\":[{\"@type\":\"SearchAction\",\"target\":{\"@type\":\"EntryPoint\",\"urlTemplate\":\"https:\/\/www.systag.ch\/de\/?s={search_term_string}\"},\"query-input\":{\"@type\":\"PropertyValueSpecification\",\"valueRequired\":true,\"valueName\":\"search_term_string\"}}],\"inLanguage\":\"de-CH\"},{\"@type\":\"Organization\",\"@id\":\"https:\/\/www.systag.ch\/de\/#organization\",\"name\":\"SYSTAG, System Technik AG\",\"url\":\"https:\/\/www.systag.ch\/de\/\",\"logo\":{\"@type\":\"ImageObject\",\"inLanguage\":\"de-CH\",\"@id\":\"https:\/\/www.systag.ch\/de\/#\/schema\/logo\/image\/\",\"url\":\"https:\/\/www.systag.ch\/wp-content\/uploads\/2020\/01\/logo_systag_en.png\",\"contentUrl\":\"https:\/\/www.systag.ch\/wp-content\/uploads\/2020\/01\/logo_systag_en.png\",\"width\":215,\"height\":80,\"caption\":\"SYSTAG, System Technik AG\"},\"image\":{\"@id\":\"https:\/\/www.systag.ch\/de\/#\/schema\/logo\/image\/\"}}]}<\/script>\n<!-- \/ Yoast SEO plugin. -->","yoast_head_json":{"title":"FlexyConcept - SYSTAG, System Technik AG","description":"FlexyConcept Produkte von SYSTAG wie z.B. FlexyCUBE sind zuverl\u00e4ssig und f\u00fcr die Scale-up-Produktion ausgelegt.","robots":{"index":"index","follow":"follow","max-snippet":"max-snippet:-1","max-image-preview":"max-image-preview:large","max-video-preview":"max-video-preview:-1"},"canonical":"https:\/\/www.systag.ch\/de\/labor-reaktor-systeme\/produkte\/flexyconcept\/","og_locale":"de_DE","og_type":"article","og_title":"FlexyConcept - SYSTAG, System Technik AG","og_description":"FlexyConcept Produkte von SYSTAG wie z.B. FlexyCUBE sind zuverl\u00e4ssig und f\u00fcr die Scale-up-Produktion ausgelegt.","og_url":"https:\/\/www.systag.ch\/de\/labor-reaktor-systeme\/produkte\/flexyconcept\/","og_site_name":"SYSTAG, System Technik AG","article_modified_time":"2024-08-16T14:54:30+00:00","og_image":[{"width":731,"height":208,"url":"https:\/\/www.systag.ch\/wp-content\/uploads\/2020\/01\/themenbild_flexysys.jpg","type":"image\/jpeg"}],"twitter_card":"summary_large_image","twitter_misc":{"Gesch\u00e4tzte Lesezeit":"3 Minuten"},"schema":{"@context":"https:\/\/schema.org","@graph":[{"@type":"WebPage","@id":"https:\/\/www.systag.ch\/de\/labor-reaktor-systeme\/produkte\/flexyconcept\/","url":"https:\/\/www.systag.ch\/de\/labor-reaktor-systeme\/produkte\/flexyconcept\/","name":"FlexyConcept - SYSTAG, System Technik AG","isPartOf":{"@id":"https:\/\/www.systag.ch\/de\/#website"},"primaryImageOfPage":{"@id":"https:\/\/www.systag.ch\/de\/labor-reaktor-systeme\/produkte\/flexyconcept\/#primaryimage"},"image":{"@id":"https:\/\/www.systag.ch\/de\/labor-reaktor-systeme\/produkte\/flexyconcept\/#primaryimage"},"thumbnailUrl":"https:\/\/www.systag.ch\/wp-content\/uploads\/2020\/01\/themenbild_flexysys.jpg","datePublished":"2020-01-30T12:54:17+00:00","dateModified":"2024-08-16T14:54:30+00:00","description":"FlexyConcept Produkte von SYSTAG wie z.B. FlexyCUBE sind zuverl\u00e4ssig und f\u00fcr die Scale-up-Produktion ausgelegt.","breadcrumb":{"@id":"https:\/\/www.systag.ch\/de\/labor-reaktor-systeme\/produkte\/flexyconcept\/#breadcrumb"},"inLanguage":"de-CH","potentialAction":[{"@type":"ReadAction","target":["https:\/\/www.systag.ch\/de\/labor-reaktor-systeme\/produkte\/flexyconcept\/"]}]},{"@type":"ImageObject","inLanguage":"de-CH","@id":"https:\/\/www.systag.ch\/de\/labor-reaktor-systeme\/produkte\/flexyconcept\/#primaryimage","url":"https:\/\/www.systag.ch\/wp-content\/uploads\/2020\/01\/themenbild_flexysys.jpg","contentUrl":"https:\/\/www.systag.ch\/wp-content\/uploads\/2020\/01\/themenbild_flexysys.jpg","width":731,"height":208},{"@type":"BreadcrumbList","@id":"https:\/\/www.systag.ch\/de\/labor-reaktor-systeme\/produkte\/flexyconcept\/#breadcrumb","itemListElement":[{"@type":"ListItem","position":1,"name":"Home","item":"https:\/\/www.systag.ch\/de\/"},{"@type":"ListItem","position":2,"name":"Labor Reaktoren &amp; Systeme","item":"https:\/\/www.systag.ch\/de\/labor-reaktor-systeme\/"},{"@type":"ListItem","position":3,"name":"Produkte","item":"https:\/\/www.systag.ch\/de\/labor-reaktor-systeme\/produkte\/"},{"@type":"ListItem","position":4,"name":"FlexyConcept"}]},{"@type":"WebSite","@id":"https:\/\/www.systag.ch\/de\/#website","url":"https:\/\/www.systag.ch\/de\/","name":"SYSTAG, System Technik AG","description":"Automatisierte Laborsysteme und Kalorimetrie","publisher":{"@id":"https:\/\/www.systag.ch\/de\/#organization"},"potentialAction":[{"@type":"SearchAction","target":{"@type":"EntryPoint","urlTemplate":"https:\/\/www.systag.ch\/de\/?s={search_term_string}"},"query-input":{"@type":"PropertyValueSpecification","valueRequired":true,"valueName":"search_term_string"}}],"inLanguage":"de-CH"},{"@type":"Organization","@id":"https:\/\/www.systag.ch\/de\/#organization","name":"SYSTAG, System Technik AG","url":"https:\/\/www.systag.ch\/de\/","logo":{"@type":"ImageObject","inLanguage":"de-CH","@id":"https:\/\/www.systag.ch\/de\/#\/schema\/logo\/image\/","url":"https:\/\/www.systag.ch\/wp-content\/uploads\/2020\/01\/logo_systag_en.png","contentUrl":"https:\/\/www.systag.ch\/wp-content\/uploads\/2020\/01\/logo_systag_en.png","width":215,"height":80,"caption":"SYSTAG, System Technik AG"},"image":{"@id":"https:\/\/www.systag.ch\/de\/#\/schema\/logo\/image\/"}}]}},"_links":{"self":[{"href":"https:\/\/www.systag.ch\/de\/wp-json\/wp\/v2\/pages\/4871"}],"collection":[{"href":"https:\/\/www.systag.ch\/de\/wp-json\/wp\/v2\/pages"}],"about":[{"href":"https:\/\/www.systag.ch\/de\/wp-json\/wp\/v2\/types\/page"}],"author":[{"embeddable":true,"href":"https:\/\/www.systag.ch\/de\/wp-json\/wp\/v2\/users\/2"}],"replies":[{"embeddable":true,"href":"https:\/\/www.systag.ch\/de\/wp-json\/wp\/v2\/comments?post=4871"}],"version-history":[{"count":18,"href":"https:\/\/www.systag.ch\/de\/wp-json\/wp\/v2\/pages\/4871\/revisions"}],"predecessor-version":[{"id":9027,"href":"https:\/\/www.systag.ch\/de\/wp-json\/wp\/v2\/pages\/4871\/revisions\/9027"}],"up":[{"embeddable":true,"href":"https:\/\/www.systag.ch\/de\/wp-json\/wp\/v2\/pages\/4877"}],"wp:featuredmedia":[{"embeddable":true,"href":"https:\/\/www.systag.ch\/de\/wp-json\/wp\/v2\/media\/3145"}],"wp:attachment":[{"href":"https:\/\/www.systag.ch\/de\/wp-json\/wp\/v2\/media?parent=4871"}],"curies":[{"name":"wp","href":"https:\/\/api.w.org\/{rel}","templated":true}]}}