{"id":3095,"date":"2020-01-08T11:39:22","date_gmt":"2020-01-08T10:39:22","guid":{"rendered":"https:\/\/www.systag.ch\/oem\/unsere-referenzen\/"},"modified":"2020-02-03T13:15:39","modified_gmt":"2020-02-03T12:15:39","slug":"unsere-referenzen","status":"publish","type":"page","link":"https:\/\/www.systag.ch\/de\/oem\/unsere-referenzen\/","title":{"rendered":"Unsere Referenzen"},"content":{"rendered":"\n[et_pb_section fb_built=&#8221;1&#8243; _builder_version=&#8221;4.0.11&#8243;][et_pb_row column_structure=&#8221;1_2,1_2&#8243; use_custom_gutter=&#8221;on&#8221; gutter_width=&#8221;1&#8243; _builder_version=&#8221;4.0.7&#8243; width=&#8221;100%&#8221; max_width=&#8221;1366px&#8221; custom_margin=&#8221;-40px||||false|false&#8221;][et_pb_column type=&#8221;1_2&#8243; _builder_version=&#8221;4.0.6&#8243;][et_pb_text _builder_version=&#8221;4.0.11&#8243; link_font=&#8221;|600|||||||&#8221; header_4_font=&#8221;|600|||||||&#8221; header_4_text_color=&#8221;#ffffff&#8221; background_color=&#8221;#555665&#8243; max_height=&#8221;50px&#8221; custom_margin=&#8221;|7.5px|15px||false|false&#8221; custom_margin_tablet=&#8221;|||0px|false|false&#8221; custom_margin_phone=&#8221;&#8221; custom_margin_last_edited=&#8221;on|tablet&#8221; custom_padding=&#8221;15px||15px|15px|true|false&#8221; border_radii=&#8221;on|10px|10px|10px|10px&#8221;]<h4>Fallbeispiel 1:<\/h4>[\/et_pb_text][et_pb_text ul_position=&#8221;inside&#8221; _builder_version=&#8221;4.0.11&#8243; header_4_font=&#8221;|600|||||||&#8221; header_4_text_color=&#8221;#e02b20&#8243; custom_margin=&#8221;|7.5px|||false|false&#8221; custom_padding=&#8221;|15px|||false|false&#8221; hover_enabled=&#8221;0&#8243;]<h4>Entwicklung einer SafetyBox<\/h4>\n<p><strong>Ausgangslage<\/strong><\/p>\n<p>Die SafetyBox soll in chemisch\/pharmazeutischen Laboratorien f\u00fcr Experimente eingesetzt werden, die \u00fcber Nacht laufen. Die Aufgabe ist die \u00dcberwachung von verschiedenen Temperaturen und bei \u00dcberschreitung eines Grenzwertes soll die SafetyBox einen Alarm an den Abzug abgeben. Dieser wiederum schaltet alle Steckdosen stromlos, um eine Explosion zu verhindern und alarmiert die Feuerwehr. Bei der Anwendung ist keine Person mehr vor Ort, d.h. ein sicherer Betrieb muss gew\u00e4hrleistet sein. Fehlfunktionen werden nicht toleriert.<\/p>\n<p><strong>Unser Beitrag<\/strong><\/p>\n<ul>\n<li>Erstellen eines Lasten- und Pflichtenhefts<\/li>\n<li>Entwicklung der Elektronik, basierend auf unserer Technologie<\/li>\n<li>Entwicklung der Firmware, basierend auf unserer Technologie<\/li>\n<li>Entwicklung der Mechanik<\/li>\n<li>Herstellung eines Prototyps<\/li>\n<li>Optimierung zur Serientauglichkeit und einfachen Montage<\/li>\n<li>Erstellung der Testpl\u00e4ne und Testdurchf\u00fchrung<\/li>\n<li>Serien-Produktion durch unsere Partner<\/li>\n<li>Inbetriebnahme vor Ort<\/li>\n<li>Schulung des Personals beim Kunden<\/li>\n<li>Dokumentation<\/li>\n<li>CE-Zertifizierung<\/li>\n<\/ul>\n<strong>Ergebnis<\/strong>\n\n<p>Nach nur vier Monaten hatte der Kunde bereits einen komplett funktionsf\u00e4higen Prototyp. Sechs Monate sp\u00e4ter konnte er bereits das erste 40er-Los inklusive Dokumentation und CE-Zertifizierung in Betrieb nehmen.<\/p>\n<p>&nbsp;<\/p>\n<ul>\n<li>Sehr kurze Entwicklungszeit<\/li>\n<li>Sehr tiefe Entwicklungskosten<\/li>\n<li>Einhalten der Produktionskosten<\/li>\n<li>Nur ein Ansprechpartner f\u00fcr die Entwicklung, Produktion, Inbetriebnahme und Schulung<\/li>\n<\/ul>[\/et_pb_text][\/et_pb_column][et_pb_column type=&#8221;1_2&#8243; _builder_version=&#8221;4.0.6&#8243;][et_pb_text _builder_version=&#8221;4.0.11&#8243; link_font=&#8221;|600|||||||&#8221; header_4_font=&#8221;|600|||||||&#8221; header_4_text_color=&#8221;#ffffff&#8221; background_color=&#8221;#555665&#8243; max_height=&#8221;50px&#8221; custom_margin=&#8221;||15px|7.5px|false|false&#8221; custom_margin_tablet=&#8221;|||0px|false|false&#8221; custom_margin_phone=&#8221;&#8221; custom_margin_last_edited=&#8221;on|tablet&#8221; custom_padding=&#8221;15px||15px|15px|true|false&#8221; border_radii=&#8221;on|10px|10px|10px|10px&#8221;]<h4>Fallbeispiel 2:<\/h4>[\/et_pb_text][et_pb_text ul_position=&#8221;inside&#8221; _builder_version=&#8221;4.0.11&#8243; header_4_font=&#8221;|600|||||||&#8221; header_4_text_color=&#8221;#e02b20&#8243; custom_margin=&#8221;|||7.5px|false|false&#8221; custom_padding=&#8221;|15px|||false|false&#8221; hover_enabled=&#8221;0&#8243;]<h4>Reaktorsteuerung im Ex-Bereich mit Vor-Ort-Bedienpanel<\/h4>\n<p><strong>Ausgangslage<\/strong><\/p>\n<p>Ein Glashersteller f\u00fcr chemische Reaktoren sieht grosses Potential im Bereich der \u2018Automatisierten Reaktoren im Ex-Bereich\u2019 um mit seinen Produkten in dieses Gesch\u00e4ft einzudringen. Dazu braucht er eine Automatisierung, sowie die M\u00f6glichkeit innerhalb des Ex-Bereichs direkt an der Anlage wichtige Parameter auszulesen und zu ver\u00e4ndern.<\/p>\n<p><strong>Unser Beitrag<\/strong><\/p>\n<ul>\n<li>Konzeption<\/li>\n<li>Verschiedene L\u00f6sungsvorschl\u00e4ge mit Pro\/Kontra und Kostenberechnungen<\/li>\n<li>Erstellen eines Lasten- und Pflichtenhefts<\/li>\n<li>Wir sind Generalunternehmer, nur ein Ansprechpartner f\u00fcr den Kunden<\/li>\n<li>Elektronik Komponenten aus unserem Produkteportfolio<\/li>\n<li>Software<\/li>\n<li>App-Entwicklung<\/li>\n<li>UL-Konformer Schaltschrank produzieren<\/li>\n<li>Dokumentation<\/li>\n<\/ul>\n<p><strong>Ergebnis<\/strong><\/p>\n<p>Um ein kosteng\u00fcnstiges Produkt zu entwickeln, welches im Ex-Bereich zur Anwendung kommen kann wurde ein Konzept erstellt, in welchem sich nur die Bedieneinheit im Ex-Bereich befindet. Dies wird mit einem Ex-sicheren k\u00e4uflichen Tablet gel\u00f6st. Darauf l\u00e4uft eine von uns entwickelte App, welche dann \u00fcber WLAN mit dem PC im nicht Ex-Bereich kommuniziert. Der Schaltschrank befindet sich auch im Nicht-Ex-Bereich und kommuniziert \u00fcber Ex-Trennwandler mit den Aktoren und Sensoren.<\/p>\n<p>&nbsp;<\/p>\n<ul>\n<li>Sehr kurze Entwicklungszeit, da viele bereits bestehende Komponenten verwendet<\/li>\n<li>Tiefe Entwicklungskosten<\/li>\n<li>Produkt kann ohne zus\u00e4tzlichem Entwicklungsaufwand auch f\u00fcr andere Anwendungen vom Kunden verwendet werden (z.B. im Nicht-Ex-Bereich ohne Ex-Trennwandler und ohne teurem Ex-Tablet)<\/li>\n<li>Zus\u00e4tzliche Erweiterung der Funktionalit\u00e4t problemlos m\u00f6glich (z.B. Ansteuerung direkt \u00fcbers Smartphone)<\/li>\n<\/ul>[\/et_pb_text][\/et_pb_column][\/et_pb_row][\/et_pb_section]\n","protected":false},"excerpt":{"rendered":"<p>Unsere Referenzen \u2013 Ihr Erfolg von Morgen<\/p>\n","protected":false},"author":2,"featured_media":3067,"parent":2860,"menu_order":0,"comment_status":"closed","ping_status":"closed","template":"","meta":{"_et_pb_use_builder":"on","_et_pb_old_content":"","_et_gb_content_width":"","footnotes":""},"class_list":["post-3095","page","type-page","status-publish","has-post-thumbnail","hentry"],"yoast_head":"<!-- This site is optimized with the Yoast SEO plugin v25.6 - https:\/\/yoast.com\/wordpress\/plugins\/seo\/ -->\n<title>Unsere Referenzen - SYSTAG, System Technik AG<\/title>\n<meta name=\"description\" content=\"SYSTAG: \u00dcbersicht Produkte und Dienstleistungen f\u00fcr die die chemische Entwicklungs- und Verfahrensoptimierung.\" \/>\n<meta name=\"robots\" content=\"index, follow, max-snippet:-1, max-image-preview:large, max-video-preview:-1\" \/>\n<link rel=\"canonical\" href=\"https:\/\/www.systag.ch\/de\/oem\/unsere-referenzen\/\" \/>\n<meta property=\"og:locale\" content=\"de_DE\" \/>\n<meta property=\"og:type\" content=\"article\" \/>\n<meta property=\"og:title\" content=\"Unsere Referenzen - SYSTAG, System Technik AG\" \/>\n<meta property=\"og:description\" content=\"SYSTAG: \u00dcbersicht Produkte und Dienstleistungen f\u00fcr die die chemische Entwicklungs- und Verfahrensoptimierung.\" \/>\n<meta property=\"og:url\" content=\"https:\/\/www.systag.ch\/de\/oem\/unsere-referenzen\/\" \/>\n<meta property=\"og:site_name\" content=\"SYSTAG, System Technik AG\" \/>\n<meta property=\"article:modified_time\" content=\"2020-02-03T12:15:39+00:00\" \/>\n<meta property=\"og:image\" content=\"https:\/\/www.systag.ch\/wp-content\/uploads\/2020\/01\/technology-lens-laboratory-medical.jpg\" \/>\n\t<meta property=\"og:image:width\" content=\"1136\" \/>\n\t<meta property=\"og:image:height\" content=\"286\" \/>\n\t<meta property=\"og:image:type\" content=\"image\/jpeg\" \/>\n<meta name=\"twitter:card\" content=\"summary_large_image\" \/>\n<meta name=\"twitter:label1\" content=\"Gesch\u00e4tzte Lesezeit\" \/>\n\t<meta name=\"twitter:data1\" content=\"3 Minuten\" \/>\n<script type=\"application\/ld+json\" class=\"yoast-schema-graph\">{\"@context\":\"https:\/\/schema.org\",\"@graph\":[{\"@type\":\"WebPage\",\"@id\":\"https:\/\/www.systag.ch\/de\/oem\/unsere-referenzen\/\",\"url\":\"https:\/\/www.systag.ch\/de\/oem\/unsere-referenzen\/\",\"name\":\"Unsere Referenzen - SYSTAG, System Technik AG\",\"isPartOf\":{\"@id\":\"https:\/\/www.systag.ch\/de\/#website\"},\"primaryImageOfPage\":{\"@id\":\"https:\/\/www.systag.ch\/de\/oem\/unsere-referenzen\/#primaryimage\"},\"image\":{\"@id\":\"https:\/\/www.systag.ch\/de\/oem\/unsere-referenzen\/#primaryimage\"},\"thumbnailUrl\":\"https:\/\/www.systag.ch\/wp-content\/uploads\/2020\/01\/technology-lens-laboratory-medical.jpg\",\"datePublished\":\"2020-01-08T10:39:22+00:00\",\"dateModified\":\"2020-02-03T12:15:39+00:00\",\"description\":\"SYSTAG: \u00dcbersicht Produkte und Dienstleistungen f\u00fcr die die chemische Entwicklungs- und Verfahrensoptimierung.\",\"breadcrumb\":{\"@id\":\"https:\/\/www.systag.ch\/de\/oem\/unsere-referenzen\/#breadcrumb\"},\"inLanguage\":\"de-CH\",\"potentialAction\":[{\"@type\":\"ReadAction\",\"target\":[\"https:\/\/www.systag.ch\/de\/oem\/unsere-referenzen\/\"]}]},{\"@type\":\"ImageObject\",\"inLanguage\":\"de-CH\",\"@id\":\"https:\/\/www.systag.ch\/de\/oem\/unsere-referenzen\/#primaryimage\",\"url\":\"https:\/\/www.systag.ch\/wp-content\/uploads\/2020\/01\/technology-lens-laboratory-medical.jpg\",\"contentUrl\":\"https:\/\/www.systag.ch\/wp-content\/uploads\/2020\/01\/technology-lens-laboratory-medical.jpg\",\"width\":1136,\"height\":286},{\"@type\":\"BreadcrumbList\",\"@id\":\"https:\/\/www.systag.ch\/de\/oem\/unsere-referenzen\/#breadcrumb\",\"itemListElement\":[{\"@type\":\"ListItem\",\"position\":1,\"name\":\"Home\",\"item\":\"https:\/\/www.systag.ch\/de\/\"},{\"@type\":\"ListItem\",\"position\":2,\"name\":\"OEM\",\"item\":\"https:\/\/www.systag.ch\/de\/oem\/\"},{\"@type\":\"ListItem\",\"position\":3,\"name\":\"Unsere Referenzen\"}]},{\"@type\":\"WebSite\",\"@id\":\"https:\/\/www.systag.ch\/de\/#website\",\"url\":\"https:\/\/www.systag.ch\/de\/\",\"name\":\"SYSTAG, System Technik AG\",\"description\":\"Automatisierte Laborsysteme und Kalorimetrie\",\"publisher\":{\"@id\":\"https:\/\/www.systag.ch\/de\/#organization\"},\"potentialAction\":[{\"@type\":\"SearchAction\",\"target\":{\"@type\":\"EntryPoint\",\"urlTemplate\":\"https:\/\/www.systag.ch\/de\/?s={search_term_string}\"},\"query-input\":{\"@type\":\"PropertyValueSpecification\",\"valueRequired\":true,\"valueName\":\"search_term_string\"}}],\"inLanguage\":\"de-CH\"},{\"@type\":\"Organization\",\"@id\":\"https:\/\/www.systag.ch\/de\/#organization\",\"name\":\"SYSTAG, System Technik AG\",\"url\":\"https:\/\/www.systag.ch\/de\/\",\"logo\":{\"@type\":\"ImageObject\",\"inLanguage\":\"de-CH\",\"@id\":\"https:\/\/www.systag.ch\/de\/#\/schema\/logo\/image\/\",\"url\":\"https:\/\/www.systag.ch\/wp-content\/uploads\/2020\/01\/logo_systag_en.png\",\"contentUrl\":\"https:\/\/www.systag.ch\/wp-content\/uploads\/2020\/01\/logo_systag_en.png\",\"width\":215,\"height\":80,\"caption\":\"SYSTAG, System Technik AG\"},\"image\":{\"@id\":\"https:\/\/www.systag.ch\/de\/#\/schema\/logo\/image\/\"}}]}<\/script>\n<!-- \/ Yoast SEO plugin. -->","yoast_head_json":{"title":"Unsere Referenzen - SYSTAG, System Technik AG","description":"SYSTAG: \u00dcbersicht Produkte und Dienstleistungen f\u00fcr die die chemische Entwicklungs- und Verfahrensoptimierung.","robots":{"index":"index","follow":"follow","max-snippet":"max-snippet:-1","max-image-preview":"max-image-preview:large","max-video-preview":"max-video-preview:-1"},"canonical":"https:\/\/www.systag.ch\/de\/oem\/unsere-referenzen\/","og_locale":"de_DE","og_type":"article","og_title":"Unsere Referenzen - SYSTAG, System Technik AG","og_description":"SYSTAG: \u00dcbersicht Produkte und Dienstleistungen f\u00fcr die die chemische Entwicklungs- und Verfahrensoptimierung.","og_url":"https:\/\/www.systag.ch\/de\/oem\/unsere-referenzen\/","og_site_name":"SYSTAG, System Technik AG","article_modified_time":"2020-02-03T12:15:39+00:00","og_image":[{"width":1136,"height":286,"url":"https:\/\/www.systag.ch\/wp-content\/uploads\/2020\/01\/technology-lens-laboratory-medical.jpg","type":"image\/jpeg"}],"twitter_card":"summary_large_image","twitter_misc":{"Gesch\u00e4tzte Lesezeit":"3 Minuten"},"schema":{"@context":"https:\/\/schema.org","@graph":[{"@type":"WebPage","@id":"https:\/\/www.systag.ch\/de\/oem\/unsere-referenzen\/","url":"https:\/\/www.systag.ch\/de\/oem\/unsere-referenzen\/","name":"Unsere Referenzen - SYSTAG, System Technik AG","isPartOf":{"@id":"https:\/\/www.systag.ch\/de\/#website"},"primaryImageOfPage":{"@id":"https:\/\/www.systag.ch\/de\/oem\/unsere-referenzen\/#primaryimage"},"image":{"@id":"https:\/\/www.systag.ch\/de\/oem\/unsere-referenzen\/#primaryimage"},"thumbnailUrl":"https:\/\/www.systag.ch\/wp-content\/uploads\/2020\/01\/technology-lens-laboratory-medical.jpg","datePublished":"2020-01-08T10:39:22+00:00","dateModified":"2020-02-03T12:15:39+00:00","description":"SYSTAG: \u00dcbersicht Produkte und Dienstleistungen f\u00fcr die die chemische Entwicklungs- und Verfahrensoptimierung.","breadcrumb":{"@id":"https:\/\/www.systag.ch\/de\/oem\/unsere-referenzen\/#breadcrumb"},"inLanguage":"de-CH","potentialAction":[{"@type":"ReadAction","target":["https:\/\/www.systag.ch\/de\/oem\/unsere-referenzen\/"]}]},{"@type":"ImageObject","inLanguage":"de-CH","@id":"https:\/\/www.systag.ch\/de\/oem\/unsere-referenzen\/#primaryimage","url":"https:\/\/www.systag.ch\/wp-content\/uploads\/2020\/01\/technology-lens-laboratory-medical.jpg","contentUrl":"https:\/\/www.systag.ch\/wp-content\/uploads\/2020\/01\/technology-lens-laboratory-medical.jpg","width":1136,"height":286},{"@type":"BreadcrumbList","@id":"https:\/\/www.systag.ch\/de\/oem\/unsere-referenzen\/#breadcrumb","itemListElement":[{"@type":"ListItem","position":1,"name":"Home","item":"https:\/\/www.systag.ch\/de\/"},{"@type":"ListItem","position":2,"name":"OEM","item":"https:\/\/www.systag.ch\/de\/oem\/"},{"@type":"ListItem","position":3,"name":"Unsere Referenzen"}]},{"@type":"WebSite","@id":"https:\/\/www.systag.ch\/de\/#website","url":"https:\/\/www.systag.ch\/de\/","name":"SYSTAG, System Technik AG","description":"Automatisierte Laborsysteme und Kalorimetrie","publisher":{"@id":"https:\/\/www.systag.ch\/de\/#organization"},"potentialAction":[{"@type":"SearchAction","target":{"@type":"EntryPoint","urlTemplate":"https:\/\/www.systag.ch\/de\/?s={search_term_string}"},"query-input":{"@type":"PropertyValueSpecification","valueRequired":true,"valueName":"search_term_string"}}],"inLanguage":"de-CH"},{"@type":"Organization","@id":"https:\/\/www.systag.ch\/de\/#organization","name":"SYSTAG, System Technik AG","url":"https:\/\/www.systag.ch\/de\/","logo":{"@type":"ImageObject","inLanguage":"de-CH","@id":"https:\/\/www.systag.ch\/de\/#\/schema\/logo\/image\/","url":"https:\/\/www.systag.ch\/wp-content\/uploads\/2020\/01\/logo_systag_en.png","contentUrl":"https:\/\/www.systag.ch\/wp-content\/uploads\/2020\/01\/logo_systag_en.png","width":215,"height":80,"caption":"SYSTAG, System Technik AG"},"image":{"@id":"https:\/\/www.systag.ch\/de\/#\/schema\/logo\/image\/"}}]}},"_links":{"self":[{"href":"https:\/\/www.systag.ch\/de\/wp-json\/wp\/v2\/pages\/3095"}],"collection":[{"href":"https:\/\/www.systag.ch\/de\/wp-json\/wp\/v2\/pages"}],"about":[{"href":"https:\/\/www.systag.ch\/de\/wp-json\/wp\/v2\/types\/page"}],"author":[{"embeddable":true,"href":"https:\/\/www.systag.ch\/de\/wp-json\/wp\/v2\/users\/2"}],"replies":[{"embeddable":true,"href":"https:\/\/www.systag.ch\/de\/wp-json\/wp\/v2\/comments?post=3095"}],"version-history":[{"count":4,"href":"https:\/\/www.systag.ch\/de\/wp-json\/wp\/v2\/pages\/3095\/revisions"}],"predecessor-version":[{"id":5371,"href":"https:\/\/www.systag.ch\/de\/wp-json\/wp\/v2\/pages\/3095\/revisions\/5371"}],"up":[{"embeddable":true,"href":"https:\/\/www.systag.ch\/de\/wp-json\/wp\/v2\/pages\/2860"}],"wp:featuredmedia":[{"embeddable":true,"href":"https:\/\/www.systag.ch\/de\/wp-json\/wp\/v2\/media\/3067"}],"wp:attachment":[{"href":"https:\/\/www.systag.ch\/de\/wp-json\/wp\/v2\/media?parent=3095"}],"curies":[{"name":"wp","href":"https:\/\/api.w.org\/{rel}","templated":true}]}}