{"id":2870,"date":"2019-12-17T12:21:07","date_gmt":"2019-12-17T11:21:07","guid":{"rendered":"https:\/\/www.systag.ch\/kontakt\/support\/"},"modified":"2025-07-21T13:26:16","modified_gmt":"2025-07-21T11:26:16","slug":"support","status":"publish","type":"page","link":"https:\/\/www.systag.ch\/de\/kontakt\/support\/","title":{"rendered":"Support"},"content":{"rendered":"<p>[et_pb_section fb_built=&#8221;1&#8243; _builder_version=&#8221;4.16&#8243; custom_padding=&#8221;0px|||||&#8221; global_colors_info=&#8221;{}&#8221; theme_builder_area=&#8221;post_content&#8221;][et_pb_row column_structure=&#8221;3_5,2_5&#8243; use_custom_gutter=&#8221;on&#8221; gutter_width=&#8221;1&#8243; make_equal=&#8221;on&#8221; _builder_version=&#8221;4.16&#8243; width=&#8221;100%&#8221; max_width=&#8221;1366px&#8221; custom_margin=&#8221;||||false|false&#8221; custom_padding=&#8221;15px||||false|false&#8221; global_colors_info=&#8221;{}&#8221; theme_builder_area=&#8221;post_content&#8221;][et_pb_column type=&#8221;3_5&#8243; _builder_version=&#8221;4.16&#8243; global_colors_info=&#8221;{}&#8221; theme_builder_area=&#8221;post_content&#8221;][et_pb_text _builder_version=&#8221;4.16&#8243; link_font=&#8221;|600|||on|||#e02b20|&#8221; link_text_color=&#8221;#e02b20&#8243; link_font_size=&#8221;16px&#8221; custom_padding=&#8221;||15px||false|false&#8221; global_colors_info=&#8221;{}&#8221; theme_builder_area=&#8221;post_content&#8221;]<\/p>\n<p>F\u00fcr technische Unterst\u00fctzung wenden Sie sich bitte an unser Support-Team. Mitarbeiter mit langj\u00e4hriger Erfahrung im Laborumfeld betreuen Sie gerne, fachgerecht und kompetent.<\/p>\n<p>\u201eQualit\u00e4tsprodukte und au\u00dfergew\u00f6hnlicher Kundenservice sind UNSER Markenzeichen \u2013 und <strong>IHR Gewinn.<\/strong>\u201c<br \/>SYSTAG \u2013 automatically better.<\/p>\n<p>Hier finden Sie auch Antworten zu den meist gestellten Fragen:<\/p>\n<p>[\/et_pb_text][et_pb_button button_url=&#8221;https:\/\/www.systag.ch\/de\/kontakt\/haeufig-gestellte-fragen\/&#8221; button_text=&#8221;FAQ&#8221; _builder_version=&#8221;4.16&#8243; custom_button=&#8221;on&#8221; button_border_radius=&#8221;15px&#8221; button_use_icon=&#8221;off&#8221; global_colors_info=&#8221;{}&#8221; theme_builder_area=&#8221;post_content&#8221;][\/et_pb_button][\/et_pb_column][et_pb_column type=&#8221;2_5&#8243; _builder_version=&#8221;4.16&#8243; global_colors_info=&#8221;{}&#8221; theme_builder_area=&#8221;post_content&#8221;][\/et_pb_column][\/et_pb_row][et_pb_row column_structure=&#8221;3_5,2_5&#8243; use_custom_gutter=&#8221;on&#8221; gutter_width=&#8221;1&#8243; make_equal=&#8221;on&#8221; _builder_version=&#8221;4.16&#8243; width=&#8221;100%&#8221; max_width=&#8221;1366px&#8221; custom_margin=&#8221;||||false|false&#8221; custom_padding=&#8221;15px||||false|false&#8221; global_colors_info=&#8221;{}&#8221; theme_builder_area=&#8221;post_content&#8221;][et_pb_column type=&#8221;3_5&#8243; _builder_version=&#8221;4.16&#8243; global_colors_info=&#8221;{}&#8221; theme_builder_area=&#8221;post_content&#8221;][et_pb_text admin_label=&#8221;Text&#8221; _builder_version=&#8221;4.16&#8243; text_font=&#8221;|700|||||||&#8221; text_text_color=&#8221;#ffffff&#8221; header_3_text_color=&#8221;#ffffff&#8221; background_color=&#8221;#555665&#8243; max_height=&#8221;50px&#8221; max_height_tablet=&#8221;50px&#8221; max_height_phone=&#8221;&#8221; max_height_last_edited=&#8221;on|phone&#8221; custom_margin=&#8221;||15px||false|false&#8221; custom_margin_tablet=&#8221;|||0px|false|false&#8221; custom_margin_phone=&#8221;&#8221; custom_margin_last_edited=&#8221;on|tablet&#8221; custom_padding=&#8221;15px||15px|15px|true|false&#8221; custom_padding_tablet=&#8221;15px||10px||false|false&#8221; custom_padding_phone=&#8221;|15px|5px||false|false&#8221; custom_padding_last_edited=&#8221;on|phone&#8221; border_radii=&#8221;on|10px|10px|10px|10px&#8221; global_colors_info=&#8221;{}&#8221; theme_builder_area=&#8221;post_content&#8221;]<\/p>\n<h3>Sie erreichen uns<\/h3>\n<p>[\/et_pb_text][et_pb_text _builder_version=&#8221;4.16&#8243; global_colors_info=&#8221;{}&#8221; theme_builder_area=&#8221;post_content&#8221;]<\/p>\n<table class=\"noborder\" summary=\"support\" style=\"width: 639px;\">\n<tbody>\n<tr>\n<th scope=\"row\" style=\"width: 166px;\">per e-mail<\/th>\n<td colspan=\"2\" style=\"width: 20px;\"><a href=\"mailto:support@systag.ch\">Support(at)systag.ch<\/a><\/td>\n<\/tr>\n<tr>\n<th scope=\"row\" style=\"width: 166px;\">per Telefon<\/th>\n<td colspan=\"2\" style=\"width: 20px;\">+41 (0)848 704 540 (toll-free)<br \/>Monday to Friday from 09:00 to 16:00<br \/>CET (UTC winter + 1h) or CET (UTC summer + 2h)<\/td>\n<\/tr>\n<tr>\n<th scope=\"row\" style=\"width: 166px;\">per Online-Formular<\/th>\n<td colspan=\"2\" style=\"width: 20px;\">\n<p><a href=\"https:\/\/www.systag.ch\/de\/kontakt\/support\/support-formular\/\" title=\"\u00d6ffnet den Link in der gleichen Seite\" target=\"_top\" class=\"internal-link\" rel=\"noopener noreferrer\">zum Online Formular<\/a><\/p>\n<\/td>\n<\/tr>\n<\/tbody>\n<\/table>\n<p>[\/et_pb_text][et_pb_text _builder_version=&#8221;4.27.4&#8243; link_option_url_new_window=&#8221;on&#8221; global_colors_info=&#8221;{}&#8221; theme_builder_area=&#8221;post_content&#8221;]<\/p>\n<table class=\"noborder\" style=\"width: 794px;\" summary=\"support\" height=\"44\">\n<tbody>\n<tr>\n<th style=\"width: 166px;\" scope=\"row\">SupportX tool<\/th>\n<td colspan=\"2\" style=\"width: 628px;\"><a href=\"https:\/\/www.systag.ch\/de\/supportx-2\/\" target=\"_blank\" rel=\"noopener\">Download the SupportX tool<\/a> als zip file. Verwenden Sie das <span style=\"color: #e02b20;\">Passwort\u00a0systag zum entzippen.<\/span><\/td>\n<\/tr>\n<\/tbody>\n<\/table>\n<p>&nbsp;<\/p>\n<p>[\/et_pb_text][\/et_pb_column][et_pb_column type=&#8221;2_5&#8243; _builder_version=&#8221;4.16&#8243; global_colors_info=&#8221;{}&#8221; theme_builder_area=&#8221;post_content&#8221;][\/et_pb_column][\/et_pb_row][et_pb_row column_structure=&#8221;3_5,2_5&#8243; use_custom_gutter=&#8221;on&#8221; gutter_width=&#8221;1&#8243; make_equal=&#8221;on&#8221; _builder_version=&#8221;4.16&#8243; width=&#8221;100%&#8221; max_width=&#8221;1366px&#8221; custom_margin=&#8221;||||false|false&#8221; custom_padding=&#8221;15px||||false|false&#8221; global_colors_info=&#8221;{}&#8221; theme_builder_area=&#8221;post_content&#8221;][et_pb_column type=&#8221;3_5&#8243; _builder_version=&#8221;4.16&#8243; global_colors_info=&#8221;{}&#8221; theme_builder_area=&#8221;post_content&#8221;][et_pb_text _builder_version=&#8221;4.16&#8243; text_font=&#8221;|700|||||||&#8221; text_text_color=&#8221;#ffffff&#8221; header_3_text_color=&#8221;#ffffff&#8221; background_color=&#8221;#555665&#8243; max_height=&#8221;50px&#8221; max_height_tablet=&#8221;50px&#8221; max_height_phone=&#8221;&#8221; max_height_last_edited=&#8221;on|phone&#8221; custom_margin=&#8221;||15px||false|false&#8221; custom_margin_tablet=&#8221;|||0px|false|false&#8221; custom_margin_phone=&#8221;&#8221; custom_margin_last_edited=&#8221;on|tablet&#8221; custom_padding=&#8221;15px||15px|15px|true|false&#8221; custom_padding_tablet=&#8221;15px||10px||false|false&#8221; custom_padding_phone=&#8221;|15px|5px||false|false&#8221; custom_padding_last_edited=&#8221;on|phone&#8221; border_radii=&#8221;on|10px|10px|10px|10px&#8221; global_colors_info=&#8221;{}&#8221; theme_builder_area=&#8221;post_content&#8221;]<\/p>\n<h3><span>Wir erreichen Sie<\/span><\/h3>\n<p>[\/et_pb_text][et_pb_text _builder_version=&#8221;4.20.2&#8243; global_colors_info=&#8221;{}&#8221; theme_builder_area=&#8221;post_content&#8221;]<\/p>\n<table class=\"noborder\" summary=\"support\" style=\"width: 723px;\">\n<tbody>\n<tr>\n<th scope=\"row\" style=\"width: 166px;\"><span>mitTeamViewer<\/span><\/th>\n<td style=\"width: 106px;\" colspan=\"2\"><a href=\"https:\/\/get.teamviewer.com\/a6q9hra\" rel=\"attachment wp-att-3403\" title=\"die TeamViewer ZIP-Datei herunterladen\">Download the TeamViewer QuickSupport<\/a><\/td>\n<\/tr>\n<\/tbody>\n<\/table>\n<p>[\/et_pb_text][\/et_pb_column][et_pb_column type=&#8221;2_5&#8243; _builder_version=&#8221;4.16&#8243; global_colors_info=&#8221;{}&#8221; theme_builder_area=&#8221;post_content&#8221;][\/et_pb_column][\/et_pb_row][\/et_pb_section]<\/p>\n","protected":false},"excerpt":{"rendered":"<p>Support Kontakt SYSTAG<\/p>\n","protected":false},"author":2,"featured_media":3196,"parent":2868,"menu_order":30,"comment_status":"closed","ping_status":"closed","template":"","meta":{"_et_pb_use_builder":"on","_et_pb_old_content":"","_et_gb_content_width":"","footnotes":""},"class_list":["post-2870","page","type-page","status-publish","has-post-thumbnail","hentry"],"yoast_head":"<!-- This site is optimized with the Yoast SEO plugin v25.6 - https:\/\/yoast.com\/wordpress\/plugins\/seo\/ -->\n<title>Support - SYSTAG, System Technik AG<\/title>\n<meta name=\"description\" content=\"Support Formular der SYSTAG, Systemtechnik AG, R\u00fcschlikon, Schweiz. Hier finden Sie das Formular, falls Sie Support in irgendeiner Art von uns ben\u00f6tigen. Gerne kommen wir auf Sie zu.\" \/>\n<meta name=\"robots\" content=\"index, follow, max-snippet:-1, max-image-preview:large, max-video-preview:-1\" \/>\n<link rel=\"canonical\" href=\"https:\/\/www.systag.ch\/de\/kontakt\/support\/\" \/>\n<meta property=\"og:locale\" content=\"de_DE\" \/>\n<meta property=\"og:type\" content=\"article\" \/>\n<meta property=\"og:title\" content=\"Support - SYSTAG, System Technik AG\" \/>\n<meta property=\"og:description\" content=\"Support Formular der SYSTAG, Systemtechnik AG, R\u00fcschlikon, Schweiz. Hier finden Sie das Formular, falls Sie Support in irgendeiner Art von uns ben\u00f6tigen. Gerne kommen wir auf Sie zu.\" \/>\n<meta property=\"og:url\" content=\"https:\/\/www.systag.ch\/de\/kontakt\/support\/\" \/>\n<meta property=\"og:site_name\" content=\"SYSTAG, System Technik AG\" \/>\n<meta property=\"article:modified_time\" content=\"2025-07-21T11:26:16+00:00\" \/>\n<meta property=\"og:image\" content=\"https:\/\/www.systag.ch\/wp-content\/uploads\/2020\/01\/themenbild_contact.jpg\" \/>\n\t<meta property=\"og:image:width\" content=\"731\" \/>\n\t<meta property=\"og:image:height\" content=\"208\" \/>\n\t<meta property=\"og:image:type\" content=\"image\/jpeg\" \/>\n<meta name=\"twitter:card\" content=\"summary_large_image\" \/>\n<meta name=\"twitter:label1\" content=\"Gesch\u00e4tzte Lesezeit\" \/>\n\t<meta name=\"twitter:data1\" content=\"2 Minuten\" \/>\n<script type=\"application\/ld+json\" class=\"yoast-schema-graph\">{\"@context\":\"https:\/\/schema.org\",\"@graph\":[{\"@type\":\"WebPage\",\"@id\":\"https:\/\/www.systag.ch\/de\/kontakt\/support\/\",\"url\":\"https:\/\/www.systag.ch\/de\/kontakt\/support\/\",\"name\":\"Support - SYSTAG, System Technik AG\",\"isPartOf\":{\"@id\":\"https:\/\/www.systag.ch\/de\/#website\"},\"primaryImageOfPage\":{\"@id\":\"https:\/\/www.systag.ch\/de\/kontakt\/support\/#primaryimage\"},\"image\":{\"@id\":\"https:\/\/www.systag.ch\/de\/kontakt\/support\/#primaryimage\"},\"thumbnailUrl\":\"https:\/\/www.systag.ch\/wp-content\/uploads\/2020\/01\/themenbild_contact.jpg\",\"datePublished\":\"2019-12-17T11:21:07+00:00\",\"dateModified\":\"2025-07-21T11:26:16+00:00\",\"description\":\"Support Formular der SYSTAG, Systemtechnik AG, R\u00fcschlikon, Schweiz. Hier finden Sie das Formular, falls Sie Support in irgendeiner Art von uns ben\u00f6tigen. Gerne kommen wir auf Sie zu.\",\"breadcrumb\":{\"@id\":\"https:\/\/www.systag.ch\/de\/kontakt\/support\/#breadcrumb\"},\"inLanguage\":\"de-CH\",\"potentialAction\":[{\"@type\":\"ReadAction\",\"target\":[\"https:\/\/www.systag.ch\/de\/kontakt\/support\/\"]}]},{\"@type\":\"ImageObject\",\"inLanguage\":\"de-CH\",\"@id\":\"https:\/\/www.systag.ch\/de\/kontakt\/support\/#primaryimage\",\"url\":\"https:\/\/www.systag.ch\/wp-content\/uploads\/2020\/01\/themenbild_contact.jpg\",\"contentUrl\":\"https:\/\/www.systag.ch\/wp-content\/uploads\/2020\/01\/themenbild_contact.jpg\",\"width\":731,\"height\":208},{\"@type\":\"BreadcrumbList\",\"@id\":\"https:\/\/www.systag.ch\/de\/kontakt\/support\/#breadcrumb\",\"itemListElement\":[{\"@type\":\"ListItem\",\"position\":1,\"name\":\"Home\",\"item\":\"https:\/\/www.systag.ch\/de\/\"},{\"@type\":\"ListItem\",\"position\":2,\"name\":\"Kontakt\",\"item\":\"https:\/\/www.systag.ch\/de\/kontakt\/\"},{\"@type\":\"ListItem\",\"position\":3,\"name\":\"Support\"}]},{\"@type\":\"WebSite\",\"@id\":\"https:\/\/www.systag.ch\/de\/#website\",\"url\":\"https:\/\/www.systag.ch\/de\/\",\"name\":\"SYSTAG, System Technik AG\",\"description\":\"Automatisierte Laborsysteme und Kalorimetrie\",\"publisher\":{\"@id\":\"https:\/\/www.systag.ch\/de\/#organization\"},\"potentialAction\":[{\"@type\":\"SearchAction\",\"target\":{\"@type\":\"EntryPoint\",\"urlTemplate\":\"https:\/\/www.systag.ch\/de\/?s={search_term_string}\"},\"query-input\":{\"@type\":\"PropertyValueSpecification\",\"valueRequired\":true,\"valueName\":\"search_term_string\"}}],\"inLanguage\":\"de-CH\"},{\"@type\":\"Organization\",\"@id\":\"https:\/\/www.systag.ch\/de\/#organization\",\"name\":\"SYSTAG, System Technik AG\",\"url\":\"https:\/\/www.systag.ch\/de\/\",\"logo\":{\"@type\":\"ImageObject\",\"inLanguage\":\"de-CH\",\"@id\":\"https:\/\/www.systag.ch\/de\/#\/schema\/logo\/image\/\",\"url\":\"https:\/\/www.systag.ch\/wp-content\/uploads\/2020\/01\/logo_systag_en.png\",\"contentUrl\":\"https:\/\/www.systag.ch\/wp-content\/uploads\/2020\/01\/logo_systag_en.png\",\"width\":215,\"height\":80,\"caption\":\"SYSTAG, System Technik AG\"},\"image\":{\"@id\":\"https:\/\/www.systag.ch\/de\/#\/schema\/logo\/image\/\"}}]}<\/script>\n<!-- \/ Yoast SEO plugin. -->","yoast_head_json":{"title":"Support - SYSTAG, System Technik AG","description":"Support Formular der SYSTAG, Systemtechnik AG, R\u00fcschlikon, Schweiz. Hier finden Sie das Formular, falls Sie Support in irgendeiner Art von uns ben\u00f6tigen. Gerne kommen wir auf Sie zu.","robots":{"index":"index","follow":"follow","max-snippet":"max-snippet:-1","max-image-preview":"max-image-preview:large","max-video-preview":"max-video-preview:-1"},"canonical":"https:\/\/www.systag.ch\/de\/kontakt\/support\/","og_locale":"de_DE","og_type":"article","og_title":"Support - SYSTAG, System Technik AG","og_description":"Support Formular der SYSTAG, Systemtechnik AG, R\u00fcschlikon, Schweiz. Hier finden Sie das Formular, falls Sie Support in irgendeiner Art von uns ben\u00f6tigen. Gerne kommen wir auf Sie zu.","og_url":"https:\/\/www.systag.ch\/de\/kontakt\/support\/","og_site_name":"SYSTAG, System Technik AG","article_modified_time":"2025-07-21T11:26:16+00:00","og_image":[{"width":731,"height":208,"url":"https:\/\/www.systag.ch\/wp-content\/uploads\/2020\/01\/themenbild_contact.jpg","type":"image\/jpeg"}],"twitter_card":"summary_large_image","twitter_misc":{"Gesch\u00e4tzte Lesezeit":"2 Minuten"},"schema":{"@context":"https:\/\/schema.org","@graph":[{"@type":"WebPage","@id":"https:\/\/www.systag.ch\/de\/kontakt\/support\/","url":"https:\/\/www.systag.ch\/de\/kontakt\/support\/","name":"Support - SYSTAG, System Technik AG","isPartOf":{"@id":"https:\/\/www.systag.ch\/de\/#website"},"primaryImageOfPage":{"@id":"https:\/\/www.systag.ch\/de\/kontakt\/support\/#primaryimage"},"image":{"@id":"https:\/\/www.systag.ch\/de\/kontakt\/support\/#primaryimage"},"thumbnailUrl":"https:\/\/www.systag.ch\/wp-content\/uploads\/2020\/01\/themenbild_contact.jpg","datePublished":"2019-12-17T11:21:07+00:00","dateModified":"2025-07-21T11:26:16+00:00","description":"Support Formular der SYSTAG, Systemtechnik AG, R\u00fcschlikon, Schweiz. Hier finden Sie das Formular, falls Sie Support in irgendeiner Art von uns ben\u00f6tigen. Gerne kommen wir auf Sie zu.","breadcrumb":{"@id":"https:\/\/www.systag.ch\/de\/kontakt\/support\/#breadcrumb"},"inLanguage":"de-CH","potentialAction":[{"@type":"ReadAction","target":["https:\/\/www.systag.ch\/de\/kontakt\/support\/"]}]},{"@type":"ImageObject","inLanguage":"de-CH","@id":"https:\/\/www.systag.ch\/de\/kontakt\/support\/#primaryimage","url":"https:\/\/www.systag.ch\/wp-content\/uploads\/2020\/01\/themenbild_contact.jpg","contentUrl":"https:\/\/www.systag.ch\/wp-content\/uploads\/2020\/01\/themenbild_contact.jpg","width":731,"height":208},{"@type":"BreadcrumbList","@id":"https:\/\/www.systag.ch\/de\/kontakt\/support\/#breadcrumb","itemListElement":[{"@type":"ListItem","position":1,"name":"Home","item":"https:\/\/www.systag.ch\/de\/"},{"@type":"ListItem","position":2,"name":"Kontakt","item":"https:\/\/www.systag.ch\/de\/kontakt\/"},{"@type":"ListItem","position":3,"name":"Support"}]},{"@type":"WebSite","@id":"https:\/\/www.systag.ch\/de\/#website","url":"https:\/\/www.systag.ch\/de\/","name":"SYSTAG, System Technik AG","description":"Automatisierte Laborsysteme und Kalorimetrie","publisher":{"@id":"https:\/\/www.systag.ch\/de\/#organization"},"potentialAction":[{"@type":"SearchAction","target":{"@type":"EntryPoint","urlTemplate":"https:\/\/www.systag.ch\/de\/?s={search_term_string}"},"query-input":{"@type":"PropertyValueSpecification","valueRequired":true,"valueName":"search_term_string"}}],"inLanguage":"de-CH"},{"@type":"Organization","@id":"https:\/\/www.systag.ch\/de\/#organization","name":"SYSTAG, System Technik AG","url":"https:\/\/www.systag.ch\/de\/","logo":{"@type":"ImageObject","inLanguage":"de-CH","@id":"https:\/\/www.systag.ch\/de\/#\/schema\/logo\/image\/","url":"https:\/\/www.systag.ch\/wp-content\/uploads\/2020\/01\/logo_systag_en.png","contentUrl":"https:\/\/www.systag.ch\/wp-content\/uploads\/2020\/01\/logo_systag_en.png","width":215,"height":80,"caption":"SYSTAG, System Technik AG"},"image":{"@id":"https:\/\/www.systag.ch\/de\/#\/schema\/logo\/image\/"}}]}},"_links":{"self":[{"href":"https:\/\/www.systag.ch\/de\/wp-json\/wp\/v2\/pages\/2870"}],"collection":[{"href":"https:\/\/www.systag.ch\/de\/wp-json\/wp\/v2\/pages"}],"about":[{"href":"https:\/\/www.systag.ch\/de\/wp-json\/wp\/v2\/types\/page"}],"author":[{"embeddable":true,"href":"https:\/\/www.systag.ch\/de\/wp-json\/wp\/v2\/users\/2"}],"replies":[{"embeddable":true,"href":"https:\/\/www.systag.ch\/de\/wp-json\/wp\/v2\/comments?post=2870"}],"version-history":[{"count":30,"href":"https:\/\/www.systag.ch\/de\/wp-json\/wp\/v2\/pages\/2870\/revisions"}],"predecessor-version":[{"id":9404,"href":"https:\/\/www.systag.ch\/de\/wp-json\/wp\/v2\/pages\/2870\/revisions\/9404"}],"up":[{"embeddable":true,"href":"https:\/\/www.systag.ch\/de\/wp-json\/wp\/v2\/pages\/2868"}],"wp:featuredmedia":[{"embeddable":true,"href":"https:\/\/www.systag.ch\/de\/wp-json\/wp\/v2\/media\/3196"}],"wp:attachment":[{"href":"https:\/\/www.systag.ch\/de\/wp-json\/wp\/v2\/media?parent=2870"}],"curies":[{"name":"wp","href":"https:\/\/api.w.org\/{rel}","templated":true}]}}