{"id":2866,"date":"2019-12-17T12:20:30","date_gmt":"2019-12-17T11:20:30","guid":{"rendered":"https:\/\/www.systag.ch\/firma\/ueber-uns\/"},"modified":"2020-02-04T00:09:32","modified_gmt":"2020-02-03T23:09:32","slug":"ueber-uns","status":"publish","type":"page","link":"https:\/\/www.systag.ch\/de\/firma\/ueber-uns\/","title":{"rendered":"\u00dcber uns"},"content":{"rendered":"\n[et_pb_section fb_built=&#8221;1&#8243; _builder_version=&#8221;4.0.6&#8243; width=&#8221;90%&#8221; custom_margin=&#8221;-50px||||false|false&#8221; custom_margin_tablet=&#8221;-100px||||false|false&#8221; custom_margin_phone=&#8221;&#8221; custom_margin_last_edited=&#8221;on|tablet&#8221; custom_padding=&#8221;||||false|false&#8221;][et_pb_row use_custom_gutter=&#8221;on&#8221; gutter_width=&#8221;1&#8243; _builder_version=&#8221;4.0.6&#8243; background_size=&#8221;initial&#8221; background_position=&#8221;top_left&#8221; background_repeat=&#8221;repeat&#8221; width=&#8221;90%&#8221; max_width=&#8221;1366px&#8221; module_alignment=&#8221;left&#8221; custom_margin=&#8221;||||false|false&#8221;][et_pb_column type=&#8221;4_4&#8243; _builder_version=&#8221;3.25&#8243; custom_padding=&#8221;|||&#8221; custom_padding__hover=&#8221;|||&#8221;][et_pb_text _builder_version=&#8221;4.2.1&#8243;]<p><strong>Unser Leitbild<\/strong><\/p>\n<p>Wir entwickeln und produzieren Hard- und Software f\u00fcr Prozess- und Steuerungssysteme sowie Automatisierungsl\u00f6sungen f\u00fcr alle Phasen der chemischen Prozessentwicklung.<\/p>\n<p>Dank unserer benutzer- und anwenderorientierten Automatisierungsl\u00f6sungen mit intuitiver Software, die wir laufend weiterentwickeln, erlauben wir unseren Anwendern ihre anspruchsvollen Aufgaben in der Entwicklung, Produktion und Qualifizierung sicherer, effizienter und wirtschaftlicher zu erf\u00fcllen.<\/p>\n<p>Wir protokollieren und archivieren erfasste Daten und entsprechende Operationen vollst\u00e4ndig, nachvollziehbar und jederzeit zug\u00e4nglich und schaffen f\u00fcr unsere Kunden die M\u00f6glichkeit zur zentralen Datenauswertung.<\/p>\n<p>Mit unseren Produkten schaffen wir Mehrwert. Unsere Kunden erleben sorgenfreies Arbeiten mit innovativen und spezifischen Automations- und Softwarel\u00f6sungen.<\/p>\n<p>CEO<\/p>\n<p>Marcel Haugg<\/p>[\/et_pb_text][\/et_pb_column][\/et_pb_row][\/et_pb_section]\n","protected":false},"excerpt":{"rendered":"<p>Unser Leitbild Wir entwickeln und produzieren Hard- und Software f\u00fcr Prozess- und Steuerungssysteme sowie Automatisierungsl\u00f6sungen f\u00fcr alle Phasen der chemischen Prozessentwicklung. Dank unserer benutzer- und anwenderorientierten Automatisierungsl\u00f6sungen mit intuitiver Software, [&hellip;]<\/p>\n","protected":false},"author":2,"featured_media":2886,"parent":2864,"menu_order":0,"comment_status":"closed","ping_status":"closed","template":"","meta":{"_et_pb_use_builder":"on","_et_pb_old_content":"","_et_gb_content_width":"","footnotes":""},"class_list":["post-2866","page","type-page","status-publish","has-post-thumbnail","hentry"],"yoast_head":"<!-- This site is optimized with the Yoast SEO plugin v25.6 - https:\/\/yoast.com\/wordpress\/plugins\/seo\/ -->\n<title>\u00dcber uns - SYSTAG, System Technik AG<\/title>\n<meta name=\"description\" content=\"\u00dcber die SYSTAG: Wir \u00fcber uns. Hier finden Sie die wichtigsten Informationen \u00fcber die SYSTAG, Systemtechnik AG in R\u00fcschlikon ZH. Mit unseren Produkten ist Ihre Produktion automatisch besser.\" \/>\n<meta name=\"robots\" content=\"index, follow, max-snippet:-1, max-image-preview:large, max-video-preview:-1\" \/>\n<link rel=\"canonical\" href=\"https:\/\/www.systag.ch\/de\/firma\/ueber-uns\/\" \/>\n<meta property=\"og:locale\" content=\"de_DE\" \/>\n<meta property=\"og:type\" content=\"article\" \/>\n<meta property=\"og:title\" content=\"\u00dcber uns - SYSTAG, System Technik AG\" \/>\n<meta property=\"og:description\" content=\"\u00dcber die SYSTAG: Wir \u00fcber uns. Hier finden Sie die wichtigsten Informationen \u00fcber die SYSTAG, Systemtechnik AG in R\u00fcschlikon ZH. Mit unseren Produkten ist Ihre Produktion automatisch besser.\" \/>\n<meta property=\"og:url\" content=\"https:\/\/www.systag.ch\/de\/firma\/ueber-uns\/\" \/>\n<meta property=\"og:site_name\" content=\"SYSTAG, System Technik AG\" \/>\n<meta property=\"article:modified_time\" content=\"2020-02-03T23:09:32+00:00\" \/>\n<meta property=\"og:image\" content=\"https:\/\/www.systag.ch\/wp-content\/uploads\/2019\/12\/Impressionen_schmal.jpg\" \/>\n\t<meta property=\"og:image:width\" content=\"1136\" \/>\n\t<meta property=\"og:image:height\" content=\"286\" \/>\n\t<meta property=\"og:image:type\" content=\"image\/jpeg\" \/>\n<meta name=\"twitter:card\" content=\"summary_large_image\" \/>\n<meta name=\"twitter:label1\" content=\"Gesch\u00e4tzte Lesezeit\" \/>\n\t<meta name=\"twitter:data1\" content=\"1 Minute\" \/>\n<script type=\"application\/ld+json\" class=\"yoast-schema-graph\">{\"@context\":\"https:\/\/schema.org\",\"@graph\":[{\"@type\":\"WebPage\",\"@id\":\"https:\/\/www.systag.ch\/de\/firma\/ueber-uns\/\",\"url\":\"https:\/\/www.systag.ch\/de\/firma\/ueber-uns\/\",\"name\":\"\u00dcber uns - SYSTAG, System Technik AG\",\"isPartOf\":{\"@id\":\"https:\/\/www.systag.ch\/de\/#website\"},\"primaryImageOfPage\":{\"@id\":\"https:\/\/www.systag.ch\/de\/firma\/ueber-uns\/#primaryimage\"},\"image\":{\"@id\":\"https:\/\/www.systag.ch\/de\/firma\/ueber-uns\/#primaryimage\"},\"thumbnailUrl\":\"https:\/\/www.systag.ch\/wp-content\/uploads\/2019\/12\/Impressionen_schmal.jpg\",\"datePublished\":\"2019-12-17T11:20:30+00:00\",\"dateModified\":\"2020-02-03T23:09:32+00:00\",\"description\":\"\u00dcber die SYSTAG: Wir \u00fcber uns. Hier finden Sie die wichtigsten Informationen \u00fcber die SYSTAG, Systemtechnik AG in R\u00fcschlikon ZH. Mit unseren Produkten ist Ihre Produktion automatisch besser.\",\"breadcrumb\":{\"@id\":\"https:\/\/www.systag.ch\/de\/firma\/ueber-uns\/#breadcrumb\"},\"inLanguage\":\"de-CH\",\"potentialAction\":[{\"@type\":\"ReadAction\",\"target\":[\"https:\/\/www.systag.ch\/de\/firma\/ueber-uns\/\"]}]},{\"@type\":\"ImageObject\",\"inLanguage\":\"de-CH\",\"@id\":\"https:\/\/www.systag.ch\/de\/firma\/ueber-uns\/#primaryimage\",\"url\":\"https:\/\/www.systag.ch\/wp-content\/uploads\/2019\/12\/Impressionen_schmal.jpg\",\"contentUrl\":\"https:\/\/www.systag.ch\/wp-content\/uploads\/2019\/12\/Impressionen_schmal.jpg\",\"width\":1136,\"height\":286},{\"@type\":\"BreadcrumbList\",\"@id\":\"https:\/\/www.systag.ch\/de\/firma\/ueber-uns\/#breadcrumb\",\"itemListElement\":[{\"@type\":\"ListItem\",\"position\":1,\"name\":\"Home\",\"item\":\"https:\/\/www.systag.ch\/de\/\"},{\"@type\":\"ListItem\",\"position\":2,\"name\":\"Firma\",\"item\":\"https:\/\/www.systag.ch\/de\/firma\/\"},{\"@type\":\"ListItem\",\"position\":3,\"name\":\"\u00dcber uns\"}]},{\"@type\":\"WebSite\",\"@id\":\"https:\/\/www.systag.ch\/de\/#website\",\"url\":\"https:\/\/www.systag.ch\/de\/\",\"name\":\"SYSTAG, System Technik AG\",\"description\":\"Automatisierte Laborsysteme und Kalorimetrie\",\"publisher\":{\"@id\":\"https:\/\/www.systag.ch\/de\/#organization\"},\"potentialAction\":[{\"@type\":\"SearchAction\",\"target\":{\"@type\":\"EntryPoint\",\"urlTemplate\":\"https:\/\/www.systag.ch\/de\/?s={search_term_string}\"},\"query-input\":{\"@type\":\"PropertyValueSpecification\",\"valueRequired\":true,\"valueName\":\"search_term_string\"}}],\"inLanguage\":\"de-CH\"},{\"@type\":\"Organization\",\"@id\":\"https:\/\/www.systag.ch\/de\/#organization\",\"name\":\"SYSTAG, System Technik AG\",\"url\":\"https:\/\/www.systag.ch\/de\/\",\"logo\":{\"@type\":\"ImageObject\",\"inLanguage\":\"de-CH\",\"@id\":\"https:\/\/www.systag.ch\/de\/#\/schema\/logo\/image\/\",\"url\":\"https:\/\/www.systag.ch\/wp-content\/uploads\/2020\/01\/logo_systag_en.png\",\"contentUrl\":\"https:\/\/www.systag.ch\/wp-content\/uploads\/2020\/01\/logo_systag_en.png\",\"width\":215,\"height\":80,\"caption\":\"SYSTAG, System Technik AG\"},\"image\":{\"@id\":\"https:\/\/www.systag.ch\/de\/#\/schema\/logo\/image\/\"}}]}<\/script>\n<!-- \/ Yoast SEO plugin. -->","yoast_head_json":{"title":"\u00dcber uns - SYSTAG, System Technik AG","description":"\u00dcber die SYSTAG: Wir \u00fcber uns. Hier finden Sie die wichtigsten Informationen \u00fcber die SYSTAG, Systemtechnik AG in R\u00fcschlikon ZH. Mit unseren Produkten ist Ihre Produktion automatisch besser.","robots":{"index":"index","follow":"follow","max-snippet":"max-snippet:-1","max-image-preview":"max-image-preview:large","max-video-preview":"max-video-preview:-1"},"canonical":"https:\/\/www.systag.ch\/de\/firma\/ueber-uns\/","og_locale":"de_DE","og_type":"article","og_title":"\u00dcber uns - SYSTAG, System Technik AG","og_description":"\u00dcber die SYSTAG: Wir \u00fcber uns. Hier finden Sie die wichtigsten Informationen \u00fcber die SYSTAG, Systemtechnik AG in R\u00fcschlikon ZH. Mit unseren Produkten ist Ihre Produktion automatisch besser.","og_url":"https:\/\/www.systag.ch\/de\/firma\/ueber-uns\/","og_site_name":"SYSTAG, System Technik AG","article_modified_time":"2020-02-03T23:09:32+00:00","og_image":[{"width":1136,"height":286,"url":"https:\/\/www.systag.ch\/wp-content\/uploads\/2019\/12\/Impressionen_schmal.jpg","type":"image\/jpeg"}],"twitter_card":"summary_large_image","twitter_misc":{"Gesch\u00e4tzte Lesezeit":"1 Minute"},"schema":{"@context":"https:\/\/schema.org","@graph":[{"@type":"WebPage","@id":"https:\/\/www.systag.ch\/de\/firma\/ueber-uns\/","url":"https:\/\/www.systag.ch\/de\/firma\/ueber-uns\/","name":"\u00dcber uns - SYSTAG, System Technik AG","isPartOf":{"@id":"https:\/\/www.systag.ch\/de\/#website"},"primaryImageOfPage":{"@id":"https:\/\/www.systag.ch\/de\/firma\/ueber-uns\/#primaryimage"},"image":{"@id":"https:\/\/www.systag.ch\/de\/firma\/ueber-uns\/#primaryimage"},"thumbnailUrl":"https:\/\/www.systag.ch\/wp-content\/uploads\/2019\/12\/Impressionen_schmal.jpg","datePublished":"2019-12-17T11:20:30+00:00","dateModified":"2020-02-03T23:09:32+00:00","description":"\u00dcber die SYSTAG: Wir \u00fcber uns. Hier finden Sie die wichtigsten Informationen \u00fcber die SYSTAG, Systemtechnik AG in R\u00fcschlikon ZH. Mit unseren Produkten ist Ihre Produktion automatisch besser.","breadcrumb":{"@id":"https:\/\/www.systag.ch\/de\/firma\/ueber-uns\/#breadcrumb"},"inLanguage":"de-CH","potentialAction":[{"@type":"ReadAction","target":["https:\/\/www.systag.ch\/de\/firma\/ueber-uns\/"]}]},{"@type":"ImageObject","inLanguage":"de-CH","@id":"https:\/\/www.systag.ch\/de\/firma\/ueber-uns\/#primaryimage","url":"https:\/\/www.systag.ch\/wp-content\/uploads\/2019\/12\/Impressionen_schmal.jpg","contentUrl":"https:\/\/www.systag.ch\/wp-content\/uploads\/2019\/12\/Impressionen_schmal.jpg","width":1136,"height":286},{"@type":"BreadcrumbList","@id":"https:\/\/www.systag.ch\/de\/firma\/ueber-uns\/#breadcrumb","itemListElement":[{"@type":"ListItem","position":1,"name":"Home","item":"https:\/\/www.systag.ch\/de\/"},{"@type":"ListItem","position":2,"name":"Firma","item":"https:\/\/www.systag.ch\/de\/firma\/"},{"@type":"ListItem","position":3,"name":"\u00dcber uns"}]},{"@type":"WebSite","@id":"https:\/\/www.systag.ch\/de\/#website","url":"https:\/\/www.systag.ch\/de\/","name":"SYSTAG, System Technik AG","description":"Automatisierte Laborsysteme und Kalorimetrie","publisher":{"@id":"https:\/\/www.systag.ch\/de\/#organization"},"potentialAction":[{"@type":"SearchAction","target":{"@type":"EntryPoint","urlTemplate":"https:\/\/www.systag.ch\/de\/?s={search_term_string}"},"query-input":{"@type":"PropertyValueSpecification","valueRequired":true,"valueName":"search_term_string"}}],"inLanguage":"de-CH"},{"@type":"Organization","@id":"https:\/\/www.systag.ch\/de\/#organization","name":"SYSTAG, System Technik AG","url":"https:\/\/www.systag.ch\/de\/","logo":{"@type":"ImageObject","inLanguage":"de-CH","@id":"https:\/\/www.systag.ch\/de\/#\/schema\/logo\/image\/","url":"https:\/\/www.systag.ch\/wp-content\/uploads\/2020\/01\/logo_systag_en.png","contentUrl":"https:\/\/www.systag.ch\/wp-content\/uploads\/2020\/01\/logo_systag_en.png","width":215,"height":80,"caption":"SYSTAG, System Technik AG"},"image":{"@id":"https:\/\/www.systag.ch\/de\/#\/schema\/logo\/image\/"}}]}},"_links":{"self":[{"href":"https:\/\/www.systag.ch\/de\/wp-json\/wp\/v2\/pages\/2866"}],"collection":[{"href":"https:\/\/www.systag.ch\/de\/wp-json\/wp\/v2\/pages"}],"about":[{"href":"https:\/\/www.systag.ch\/de\/wp-json\/wp\/v2\/types\/page"}],"author":[{"embeddable":true,"href":"https:\/\/www.systag.ch\/de\/wp-json\/wp\/v2\/users\/2"}],"replies":[{"embeddable":true,"href":"https:\/\/www.systag.ch\/de\/wp-json\/wp\/v2\/comments?post=2866"}],"version-history":[{"count":4,"href":"https:\/\/www.systag.ch\/de\/wp-json\/wp\/v2\/pages\/2866\/revisions"}],"predecessor-version":[{"id":5520,"href":"https:\/\/www.systag.ch\/de\/wp-json\/wp\/v2\/pages\/2866\/revisions\/5520"}],"up":[{"embeddable":true,"href":"https:\/\/www.systag.ch\/de\/wp-json\/wp\/v2\/pages\/2864"}],"wp:featuredmedia":[{"embeddable":true,"href":"https:\/\/www.systag.ch\/de\/wp-json\/wp\/v2\/media\/2886"}],"wp:attachment":[{"href":"https:\/\/www.systag.ch\/de\/wp-json\/wp\/v2\/media?parent=2866"}],"curies":[{"name":"wp","href":"https:\/\/api.w.org\/{rel}","templated":true}]}}