{"id":2864,"date":"2019-12-17T12:20:05","date_gmt":"2019-12-17T11:20:05","guid":{"rendered":"https:\/\/www.systag.ch\/firma\/"},"modified":"2020-02-04T00:07:32","modified_gmt":"2020-02-03T23:07:32","slug":"firma","status":"publish","type":"page","link":"https:\/\/www.systag.ch\/de\/firma\/","title":{"rendered":"Firma"},"content":{"rendered":"\n[et_pb_section fb_built=&#8221;1&#8243; _builder_version=&#8221;4.0.6&#8243; width=&#8221;90%&#8221; custom_margin=&#8221;-50px||||false|false&#8221; custom_margin_tablet=&#8221;-100px||||false|false&#8221; custom_margin_phone=&#8221;&#8221; custom_margin_last_edited=&#8221;on|tablet&#8221; custom_padding=&#8221;||||false|false&#8221;][et_pb_row use_custom_gutter=&#8221;on&#8221; gutter_width=&#8221;1&#8243; _builder_version=&#8221;4.0.6&#8243; background_size=&#8221;initial&#8221; background_position=&#8221;top_left&#8221; background_repeat=&#8221;repeat&#8221; width=&#8221;90%&#8221; max_width=&#8221;1366px&#8221; module_alignment=&#8221;left&#8221; custom_margin=&#8221;||||false|false&#8221;][et_pb_column type=&#8221;4_4&#8243; _builder_version=&#8221;3.25&#8243; custom_padding=&#8221;|||&#8221; custom_padding__hover=&#8221;|||&#8221;][et_pb_text _builder_version=&#8221;4.2.2&#8243;]<p><strong>Die Firma SYSTAG, System Technik AG,<\/strong> mit Sitz in R\u00fcschlikon (Schweiz) ist ein weltweit t\u00e4tiges Unternehmen und agiert seit 1965 als bevorzugter Partner der chemischen und pharmazeutischen Industrie mit durchg\u00e4ngigen Automationsl\u00f6sungen. Von der Entwicklung bis hin zur Pilotierung und Prozess-Leittechnik bieten wir unseren Kunden konzeptionelle L\u00f6sungen zur Verfahrensoptimierung und Prozess-Sicherheit.<\/p>\n<p><strong>\u00abQualit\u00e4t unserer Produkte und vorz\u00fcglicher Kundenservice sind UNSER Markenzeichen &#8211; und IHR Vorteil\u00bb<\/strong><br>SYSTAG \u2013 automatisch besser.<\/p>[\/et_pb_text][\/et_pb_column][\/et_pb_row][\/et_pb_section]\n","protected":false},"excerpt":{"rendered":"<p>Die Firma SYSTAG, System Technik AG, mit Sitz in R\u00fcschlikon (Schweiz) ist ein weltweit t\u00e4tiges Unternehmen und agiert seit 1965 als bevorzugter Partner der chemischen und pharmazeutischen Industrie mit durchg\u00e4ngigen [&hellip;]<\/p>\n","protected":false},"author":2,"featured_media":2886,"parent":0,"menu_order":40,"comment_status":"closed","ping_status":"closed","template":"","meta":{"_et_pb_use_builder":"on","_et_pb_old_content":"","_et_gb_content_width":"","footnotes":""},"class_list":["post-2864","page","type-page","status-publish","has-post-thumbnail","hentry"],"yoast_head":"<!-- This site is optimized with the Yoast SEO plugin v25.6 - https:\/\/yoast.com\/wordpress\/plugins\/seo\/ -->\n<title>Firma - SYSTAG, System Technik AG<\/title>\n<meta name=\"description\" content=\"Systag AG ist ein f\u00fchrendes Unternehmen f\u00fcr Laborreaktoren, Kalorimeter, Kalorimetrie, Prozesssicherheit, Onset Temperatur, Reaktionskalorimeter, das bekannteste Produkt ist FlexyCube und weitere k\u00f6nnen Sie sich auf dieser Website ansehen und pr\u00fcfen.\" \/>\n<meta name=\"robots\" content=\"index, follow, max-snippet:-1, max-image-preview:large, max-video-preview:-1\" \/>\n<link rel=\"canonical\" href=\"https:\/\/www.systag.ch\/de\/firma\/\" \/>\n<meta property=\"og:locale\" content=\"de_DE\" \/>\n<meta property=\"og:type\" content=\"article\" \/>\n<meta property=\"og:title\" content=\"Firma - SYSTAG, System Technik AG\" \/>\n<meta property=\"og:description\" content=\"Systag AG ist ein f\u00fchrendes Unternehmen f\u00fcr Laborreaktoren, Kalorimeter, Kalorimetrie, Prozesssicherheit, Onset Temperatur, Reaktionskalorimeter, das bekannteste Produkt ist FlexyCube und weitere k\u00f6nnen Sie sich auf dieser Website ansehen und pr\u00fcfen.\" \/>\n<meta property=\"og:url\" content=\"https:\/\/www.systag.ch\/de\/firma\/\" \/>\n<meta property=\"og:site_name\" content=\"SYSTAG, System Technik AG\" \/>\n<meta property=\"article:modified_time\" content=\"2020-02-03T23:07:32+00:00\" \/>\n<meta property=\"og:image\" content=\"https:\/\/www.systag.ch\/wp-content\/uploads\/2019\/12\/Impressionen_schmal.jpg\" \/>\n\t<meta property=\"og:image:width\" content=\"1136\" \/>\n\t<meta property=\"og:image:height\" content=\"286\" \/>\n\t<meta property=\"og:image:type\" content=\"image\/jpeg\" \/>\n<meta name=\"twitter:card\" content=\"summary_large_image\" \/>\n<meta name=\"twitter:label1\" content=\"Gesch\u00e4tzte Lesezeit\" \/>\n\t<meta name=\"twitter:data1\" content=\"1 Minute\" \/>\n<script type=\"application\/ld+json\" class=\"yoast-schema-graph\">{\"@context\":\"https:\/\/schema.org\",\"@graph\":[{\"@type\":\"WebPage\",\"@id\":\"https:\/\/www.systag.ch\/de\/firma\/\",\"url\":\"https:\/\/www.systag.ch\/de\/firma\/\",\"name\":\"Firma - SYSTAG, System Technik AG\",\"isPartOf\":{\"@id\":\"https:\/\/www.systag.ch\/de\/#website\"},\"primaryImageOfPage\":{\"@id\":\"https:\/\/www.systag.ch\/de\/firma\/#primaryimage\"},\"image\":{\"@id\":\"https:\/\/www.systag.ch\/de\/firma\/#primaryimage\"},\"thumbnailUrl\":\"https:\/\/www.systag.ch\/wp-content\/uploads\/2019\/12\/Impressionen_schmal.jpg\",\"datePublished\":\"2019-12-17T11:20:05+00:00\",\"dateModified\":\"2020-02-03T23:07:32+00:00\",\"description\":\"Systag AG ist ein f\u00fchrendes Unternehmen f\u00fcr Laborreaktoren, Kalorimeter, Kalorimetrie, Prozesssicherheit, Onset Temperatur, Reaktionskalorimeter, das bekannteste Produkt ist FlexyCube und weitere k\u00f6nnen Sie sich auf dieser Website ansehen und pr\u00fcfen.\",\"breadcrumb\":{\"@id\":\"https:\/\/www.systag.ch\/de\/firma\/#breadcrumb\"},\"inLanguage\":\"de-CH\",\"potentialAction\":[{\"@type\":\"ReadAction\",\"target\":[\"https:\/\/www.systag.ch\/de\/firma\/\"]}]},{\"@type\":\"ImageObject\",\"inLanguage\":\"de-CH\",\"@id\":\"https:\/\/www.systag.ch\/de\/firma\/#primaryimage\",\"url\":\"https:\/\/www.systag.ch\/wp-content\/uploads\/2019\/12\/Impressionen_schmal.jpg\",\"contentUrl\":\"https:\/\/www.systag.ch\/wp-content\/uploads\/2019\/12\/Impressionen_schmal.jpg\",\"width\":1136,\"height\":286},{\"@type\":\"BreadcrumbList\",\"@id\":\"https:\/\/www.systag.ch\/de\/firma\/#breadcrumb\",\"itemListElement\":[{\"@type\":\"ListItem\",\"position\":1,\"name\":\"Home\",\"item\":\"https:\/\/www.systag.ch\/de\/\"},{\"@type\":\"ListItem\",\"position\":2,\"name\":\"Firma\"}]},{\"@type\":\"WebSite\",\"@id\":\"https:\/\/www.systag.ch\/de\/#website\",\"url\":\"https:\/\/www.systag.ch\/de\/\",\"name\":\"SYSTAG, System Technik AG\",\"description\":\"Automatisierte Laborsysteme und Kalorimetrie\",\"publisher\":{\"@id\":\"https:\/\/www.systag.ch\/de\/#organization\"},\"potentialAction\":[{\"@type\":\"SearchAction\",\"target\":{\"@type\":\"EntryPoint\",\"urlTemplate\":\"https:\/\/www.systag.ch\/de\/?s={search_term_string}\"},\"query-input\":{\"@type\":\"PropertyValueSpecification\",\"valueRequired\":true,\"valueName\":\"search_term_string\"}}],\"inLanguage\":\"de-CH\"},{\"@type\":\"Organization\",\"@id\":\"https:\/\/www.systag.ch\/de\/#organization\",\"name\":\"SYSTAG, System Technik AG\",\"url\":\"https:\/\/www.systag.ch\/de\/\",\"logo\":{\"@type\":\"ImageObject\",\"inLanguage\":\"de-CH\",\"@id\":\"https:\/\/www.systag.ch\/de\/#\/schema\/logo\/image\/\",\"url\":\"https:\/\/www.systag.ch\/wp-content\/uploads\/2020\/01\/logo_systag_en.png\",\"contentUrl\":\"https:\/\/www.systag.ch\/wp-content\/uploads\/2020\/01\/logo_systag_en.png\",\"width\":215,\"height\":80,\"caption\":\"SYSTAG, System Technik AG\"},\"image\":{\"@id\":\"https:\/\/www.systag.ch\/de\/#\/schema\/logo\/image\/\"}}]}<\/script>\n<!-- \/ Yoast SEO plugin. -->","yoast_head_json":{"title":"Firma - SYSTAG, System Technik AG","description":"Systag AG ist ein f\u00fchrendes Unternehmen f\u00fcr Laborreaktoren, Kalorimeter, Kalorimetrie, Prozesssicherheit, Onset Temperatur, Reaktionskalorimeter, das bekannteste Produkt ist FlexyCube und weitere k\u00f6nnen Sie sich auf dieser Website ansehen und pr\u00fcfen.","robots":{"index":"index","follow":"follow","max-snippet":"max-snippet:-1","max-image-preview":"max-image-preview:large","max-video-preview":"max-video-preview:-1"},"canonical":"https:\/\/www.systag.ch\/de\/firma\/","og_locale":"de_DE","og_type":"article","og_title":"Firma - SYSTAG, System Technik AG","og_description":"Systag AG ist ein f\u00fchrendes Unternehmen f\u00fcr Laborreaktoren, Kalorimeter, Kalorimetrie, Prozesssicherheit, Onset Temperatur, Reaktionskalorimeter, das bekannteste Produkt ist FlexyCube und weitere k\u00f6nnen Sie sich auf dieser Website ansehen und pr\u00fcfen.","og_url":"https:\/\/www.systag.ch\/de\/firma\/","og_site_name":"SYSTAG, System Technik AG","article_modified_time":"2020-02-03T23:07:32+00:00","og_image":[{"width":1136,"height":286,"url":"https:\/\/www.systag.ch\/wp-content\/uploads\/2019\/12\/Impressionen_schmal.jpg","type":"image\/jpeg"}],"twitter_card":"summary_large_image","twitter_misc":{"Gesch\u00e4tzte Lesezeit":"1 Minute"},"schema":{"@context":"https:\/\/schema.org","@graph":[{"@type":"WebPage","@id":"https:\/\/www.systag.ch\/de\/firma\/","url":"https:\/\/www.systag.ch\/de\/firma\/","name":"Firma - SYSTAG, System Technik AG","isPartOf":{"@id":"https:\/\/www.systag.ch\/de\/#website"},"primaryImageOfPage":{"@id":"https:\/\/www.systag.ch\/de\/firma\/#primaryimage"},"image":{"@id":"https:\/\/www.systag.ch\/de\/firma\/#primaryimage"},"thumbnailUrl":"https:\/\/www.systag.ch\/wp-content\/uploads\/2019\/12\/Impressionen_schmal.jpg","datePublished":"2019-12-17T11:20:05+00:00","dateModified":"2020-02-03T23:07:32+00:00","description":"Systag AG ist ein f\u00fchrendes Unternehmen f\u00fcr Laborreaktoren, Kalorimeter, Kalorimetrie, Prozesssicherheit, Onset Temperatur, Reaktionskalorimeter, das bekannteste Produkt ist FlexyCube und weitere k\u00f6nnen Sie sich auf dieser Website ansehen und pr\u00fcfen.","breadcrumb":{"@id":"https:\/\/www.systag.ch\/de\/firma\/#breadcrumb"},"inLanguage":"de-CH","potentialAction":[{"@type":"ReadAction","target":["https:\/\/www.systag.ch\/de\/firma\/"]}]},{"@type":"ImageObject","inLanguage":"de-CH","@id":"https:\/\/www.systag.ch\/de\/firma\/#primaryimage","url":"https:\/\/www.systag.ch\/wp-content\/uploads\/2019\/12\/Impressionen_schmal.jpg","contentUrl":"https:\/\/www.systag.ch\/wp-content\/uploads\/2019\/12\/Impressionen_schmal.jpg","width":1136,"height":286},{"@type":"BreadcrumbList","@id":"https:\/\/www.systag.ch\/de\/firma\/#breadcrumb","itemListElement":[{"@type":"ListItem","position":1,"name":"Home","item":"https:\/\/www.systag.ch\/de\/"},{"@type":"ListItem","position":2,"name":"Firma"}]},{"@type":"WebSite","@id":"https:\/\/www.systag.ch\/de\/#website","url":"https:\/\/www.systag.ch\/de\/","name":"SYSTAG, System Technik AG","description":"Automatisierte Laborsysteme und Kalorimetrie","publisher":{"@id":"https:\/\/www.systag.ch\/de\/#organization"},"potentialAction":[{"@type":"SearchAction","target":{"@type":"EntryPoint","urlTemplate":"https:\/\/www.systag.ch\/de\/?s={search_term_string}"},"query-input":{"@type":"PropertyValueSpecification","valueRequired":true,"valueName":"search_term_string"}}],"inLanguage":"de-CH"},{"@type":"Organization","@id":"https:\/\/www.systag.ch\/de\/#organization","name":"SYSTAG, System Technik AG","url":"https:\/\/www.systag.ch\/de\/","logo":{"@type":"ImageObject","inLanguage":"de-CH","@id":"https:\/\/www.systag.ch\/de\/#\/schema\/logo\/image\/","url":"https:\/\/www.systag.ch\/wp-content\/uploads\/2020\/01\/logo_systag_en.png","contentUrl":"https:\/\/www.systag.ch\/wp-content\/uploads\/2020\/01\/logo_systag_en.png","width":215,"height":80,"caption":"SYSTAG, System Technik AG"},"image":{"@id":"https:\/\/www.systag.ch\/de\/#\/schema\/logo\/image\/"}}]}},"_links":{"self":[{"href":"https:\/\/www.systag.ch\/de\/wp-json\/wp\/v2\/pages\/2864"}],"collection":[{"href":"https:\/\/www.systag.ch\/de\/wp-json\/wp\/v2\/pages"}],"about":[{"href":"https:\/\/www.systag.ch\/de\/wp-json\/wp\/v2\/types\/page"}],"author":[{"embeddable":true,"href":"https:\/\/www.systag.ch\/de\/wp-json\/wp\/v2\/users\/2"}],"replies":[{"embeddable":true,"href":"https:\/\/www.systag.ch\/de\/wp-json\/wp\/v2\/comments?post=2864"}],"version-history":[{"count":5,"href":"https:\/\/www.systag.ch\/de\/wp-json\/wp\/v2\/pages\/2864\/revisions"}],"predecessor-version":[{"id":5518,"href":"https:\/\/www.systag.ch\/de\/wp-json\/wp\/v2\/pages\/2864\/revisions\/5518"}],"wp:featuredmedia":[{"embeddable":true,"href":"https:\/\/www.systag.ch\/de\/wp-json\/wp\/v2\/media\/2886"}],"wp:attachment":[{"href":"https:\/\/www.systag.ch\/de\/wp-json\/wp\/v2\/media?parent=2864"}],"curies":[{"name":"wp","href":"https:\/\/api.w.org\/{rel}","templated":true}]}}