{"id":2860,"date":"2019-12-17T12:19:36","date_gmt":"2019-12-17T11:19:36","guid":{"rendered":"https:\/\/www.systag.ch\/oem\/"},"modified":"2020-02-03T13:13:38","modified_gmt":"2020-02-03T12:13:38","slug":"oem","status":"publish","type":"page","link":"https:\/\/www.systag.ch\/de\/oem\/","title":{"rendered":"OEM"},"content":{"rendered":"\n[et_pb_section fb_built=&#8221;1&#8243; _builder_version=&#8221;4.0.11&#8243; custom_padding=&#8221;0px|||||&#8221;][et_pb_row use_custom_gutter=&#8221;on&#8221; gutter_width=&#8221;1&#8243; make_equal=&#8221;on&#8221; _builder_version=&#8221;4.2.2&#8243; width=&#8221;100%&#8221; max_width=&#8221;1366px&#8221; custom_margin=&#8221;||||false|false&#8221; custom_padding=&#8221;15px||15px||false|false&#8221;][et_pb_column type=&#8221;4_4&#8243; _builder_version=&#8221;4.0.6&#8243;][et_pb_text _builder_version=&#8221;4.0.11&#8243; text_font=&#8221;|700|||||||&#8221; text_text_color=&#8221;#ffffff&#8221; header_3_font=&#8221;|600|||||||&#8221; header_3_text_color=&#8221;#555665&#8243; background_color=&#8221;#bfc2c8&#8243; max_height=&#8221;50px&#8221; custom_padding=&#8221;15px||15px|20px|true|false&#8221; border_radii=&#8221;on|10px|10px|10px|10px&#8221;]<h3>Unsere Kompetenzen \u2013 Ihr Nutzen<\/h3>[\/et_pb_text][et_pb_text _builder_version=&#8221;4.2.2&#8243; custom_padding=&#8221;15px||0px||false|false&#8221; hover_enabled=&#8221;0&#8243;]<ul>\n<li>Wir strukturieren Ihre komplexe Herausforderung und begleiten Sie Schritt f\u00fcr Schritt zum Erfolg.<\/li>\n<li>Wir verstehen Ihre Bed\u00fcrfnisse und \u00fcbersetzen diese in ein f\u00fcr Sie vorteilhaftes und schlankes L\u00f6sungskonzept.<\/li>\n<li>Wir haben jahrelange Erfahrung mit der Entwicklung unserer Eigenprodukte und k\u00f6nnen dieses Knowhow in Ihr Produkt einfliessen lassen.<\/li>\n<li>Man muss nicht immer auf der gr\u00fcnen Wiese starten: unsere bew\u00e4hrte Hardware f\u00fcr die Ansteuerung von Aktoren und das Einlesen von Sensordaten kann durch einfache Anpassungen zu Ihrem eigenen Produkt umgewandelt werden.<\/li>\n<li>Durch das hinzuf\u00fcgen einer Automationsl\u00f6sung zu Ihren eigenen Produkten schaffen Sie einen Mehrwert f\u00fcr Ihre Kunden und gewinnen einen Vorsprung gegen\u00fcber Ihren Konkurrenten.<\/li>\n<\/ul>[\/et_pb_text][et_pb_text _builder_version=&#8221;4.2.2&#8243; text_font=&#8221;|700|||||||&#8221; text_text_color=&#8221;#ffffff&#8221; header_3_text_color=&#8221;#ffffff&#8221; background_color=&#8221;#555665&#8243; max_height=&#8221;50px&#8221; max_height_tablet=&#8221;50px&#8221; max_height_phone=&#8221;&#8221; max_height_last_edited=&#8221;on|phone&#8221; custom_margin=&#8221;||||false|false&#8221; custom_margin_tablet=&#8221;|||0px|false|false&#8221; custom_margin_phone=&#8221;&#8221; custom_margin_last_edited=&#8221;on|tablet&#8221; custom_padding=&#8221;15px||15px|15px|true|false&#8221; custom_padding_tablet=&#8221;15px||10px||false|false&#8221; custom_padding_phone=&#8221;|15px|5px||false|false&#8221; custom_padding_last_edited=&#8221;on|phone&#8221; border_radii=&#8221;on|10px|10px|10px|10px&#8221;]<h3>Unsere Werte \u2013 Ihr Mehr-Wert<\/h3>[\/et_pb_text][\/et_pb_column][\/et_pb_row][et_pb_row column_structure=&#8221;1_2,1_2&#8243; use_custom_gutter=&#8221;on&#8221; gutter_width=&#8221;1&#8243; make_equal=&#8221;on&#8221; _builder_version=&#8221;4.2.2&#8243; width=&#8221;100%&#8221; max_width=&#8221;1366px&#8221; custom_margin=&#8221;||||false|false&#8221; custom_padding=&#8221;0px||0px||false|false&#8221; hover_enabled=&#8221;0&#8243;][et_pb_column type=&#8221;1_2&#8243; _builder_version=&#8221;4.2.2&#8243; hover_enabled=&#8221;0&#8243; custom_padding=&#8221;|7.5px|||false|false&#8221; custom_padding_last_edited=&#8221;on|tablet&#8221; custom_padding_tablet=&#8221;|0px|15px||false|false&#8221;][et_pb_image src=&#8221;https:\/\/www.systag.ch\/wp-content\/uploads\/2020\/01\/oem-our-values.jpg&#8221; _builder_version=&#8221;4.0.11&#8243;][\/et_pb_image][\/et_pb_column][et_pb_column type=&#8221;1_2&#8243; _builder_version=&#8221;4.2.2&#8243; hover_enabled=&#8221;0&#8243; custom_padding=&#8221;|||7.5px|false|false&#8221; custom_padding_last_edited=&#8221;on|tablet&#8221; custom_padding_tablet=&#8221;&#8221;][et_pb_image src=&#8221;https:\/\/www.systag.ch\/wp-content\/uploads\/2020\/01\/Prozess-Skizze.jpg&#8221; _builder_version=&#8221;4.0.11&#8243;][\/et_pb_image][\/et_pb_column][\/et_pb_row][et_pb_row column_structure=&#8221;1_4,1_4,1_4,1_4&#8243; make_equal=&#8221;on&#8221; _builder_version=&#8221;4.2.2&#8243; width=&#8221;100%&#8221; max_width=&#8221;1366px&#8221; custom_margin=&#8221;||||false|false&#8221; custom_padding=&#8221;15px||||false|false&#8221; hover_enabled=&#8221;0&#8243;][et_pb_column type=&#8221;1_4&#8243; _builder_version=&#8221;4.0.11&#8243; hover_enabled=&#8221;0&#8243;][et_pb_text _builder_version=&#8221;4.0.11&#8243; header_4_font=&#8221;|600|||||||&#8221; header_4_text_color=&#8221;#e02b20&#8243;]<h4>Integrit\u00e4t<\/h4>\nWir arbeiten integer und halten uns an Ihre Vorgaben und Richtlinien, denn Sie wissen warum.[\/et_pb_text][\/et_pb_column][et_pb_column type=&#8221;1_4&#8243; _builder_version=&#8221;4.0.11&#8243;][et_pb_text _builder_version=&#8221;4.2.2&#8243; header_4_font=&#8221;|600|||||||&#8221; header_4_text_color=&#8221;#e02b20&#8243; hover_enabled=&#8221;0&#8243; custom_margin=&#8221;||||false|false&#8221; custom_padding=&#8221;||||false|false&#8221;]<h4>Qualit\u00e4t<\/h4>\nQualit\u00e4t bedeutet, dass der Kunde zu 100% zufrieden ist, erst dann sind wir es auch.[\/et_pb_text][\/et_pb_column][et_pb_column type=&#8221;1_4&#8243; _builder_version=&#8221;4.0.11&#8243;][et_pb_text _builder_version=&#8221;4.0.11&#8243; header_4_font=&#8221;|600|||||||&#8221; header_4_text_color=&#8221;#e02b20&#8243;]<h4>Verbindlichkeit<\/h4>\nWir halten, was wir versprechen, denn Sie wollen sich auf uns verlassen k\u00f6nnen.[\/et_pb_text][\/et_pb_column][et_pb_column type=&#8221;1_4&#8243; _builder_version=&#8221;4.0.11&#8243;][et_pb_text _builder_version=&#8221;4.0.11&#8243; header_4_font=&#8221;|600|||||||&#8221; header_4_text_color=&#8221;#e02b20&#8243;]<h4>Kommunikation<\/h4>\nWir kommunizieren offen, klar und zielgerichtet, damit Sie wissen worum es geht.[\/et_pb_text][\/et_pb_column][\/et_pb_row][\/et_pb_section]\n","protected":false},"excerpt":{"rendered":"<p>Entwicklung, Produktion und Design<\/p>\n","protected":false},"author":2,"featured_media":3186,"parent":0,"menu_order":20,"comment_status":"closed","ping_status":"closed","template":"","meta":{"_et_pb_use_builder":"on","_et_pb_old_content":"","_et_gb_content_width":"","footnotes":""},"class_list":["post-2860","page","type-page","status-publish","has-post-thumbnail","hentry"],"yoast_head":"<!-- This site is optimized with the Yoast SEO plugin v25.6 - https:\/\/yoast.com\/wordpress\/plugins\/seo\/ -->\n<title>OEM - SYSTAG, System Technik AG<\/title>\n<meta name=\"description\" content=\"OEM - Entwicklung, Produktion und Design\" \/>\n<meta name=\"robots\" content=\"index, follow, max-snippet:-1, max-image-preview:large, max-video-preview:-1\" \/>\n<link rel=\"canonical\" href=\"https:\/\/www.systag.ch\/de\/oem\/\" \/>\n<meta property=\"og:locale\" content=\"de_DE\" \/>\n<meta property=\"og:type\" content=\"article\" \/>\n<meta property=\"og:title\" content=\"OEM - SYSTAG, System Technik AG\" \/>\n<meta property=\"og:description\" content=\"OEM - Entwicklung, Produktion und Design\" \/>\n<meta property=\"og:url\" content=\"https:\/\/www.systag.ch\/de\/oem\/\" \/>\n<meta property=\"og:site_name\" content=\"SYSTAG, System Technik AG\" \/>\n<meta property=\"article:modified_time\" content=\"2020-02-03T12:13:38+00:00\" \/>\n<meta property=\"og:image\" content=\"https:\/\/www.systag.ch\/wp-content\/uploads\/2020\/01\/Automation.jpg\" \/>\n\t<meta property=\"og:image:width\" content=\"731\" \/>\n\t<meta property=\"og:image:height\" content=\"208\" \/>\n\t<meta property=\"og:image:type\" content=\"image\/jpeg\" \/>\n<meta name=\"twitter:card\" content=\"summary_large_image\" \/>\n<meta name=\"twitter:label1\" content=\"Gesch\u00e4tzte Lesezeit\" \/>\n\t<meta name=\"twitter:data1\" content=\"3 Minuten\" \/>\n<script type=\"application\/ld+json\" class=\"yoast-schema-graph\">{\"@context\":\"https:\/\/schema.org\",\"@graph\":[{\"@type\":\"WebPage\",\"@id\":\"https:\/\/www.systag.ch\/de\/oem\/\",\"url\":\"https:\/\/www.systag.ch\/de\/oem\/\",\"name\":\"OEM - SYSTAG, System Technik AG\",\"isPartOf\":{\"@id\":\"https:\/\/www.systag.ch\/de\/#website\"},\"primaryImageOfPage\":{\"@id\":\"https:\/\/www.systag.ch\/de\/oem\/#primaryimage\"},\"image\":{\"@id\":\"https:\/\/www.systag.ch\/de\/oem\/#primaryimage\"},\"thumbnailUrl\":\"https:\/\/www.systag.ch\/wp-content\/uploads\/2020\/01\/Automation.jpg\",\"datePublished\":\"2019-12-17T11:19:36+00:00\",\"dateModified\":\"2020-02-03T12:13:38+00:00\",\"description\":\"OEM - Entwicklung, Produktion und Design\",\"breadcrumb\":{\"@id\":\"https:\/\/www.systag.ch\/de\/oem\/#breadcrumb\"},\"inLanguage\":\"de-CH\",\"potentialAction\":[{\"@type\":\"ReadAction\",\"target\":[\"https:\/\/www.systag.ch\/de\/oem\/\"]}]},{\"@type\":\"ImageObject\",\"inLanguage\":\"de-CH\",\"@id\":\"https:\/\/www.systag.ch\/de\/oem\/#primaryimage\",\"url\":\"https:\/\/www.systag.ch\/wp-content\/uploads\/2020\/01\/Automation.jpg\",\"contentUrl\":\"https:\/\/www.systag.ch\/wp-content\/uploads\/2020\/01\/Automation.jpg\",\"width\":731,\"height\":208},{\"@type\":\"BreadcrumbList\",\"@id\":\"https:\/\/www.systag.ch\/de\/oem\/#breadcrumb\",\"itemListElement\":[{\"@type\":\"ListItem\",\"position\":1,\"name\":\"Home\",\"item\":\"https:\/\/www.systag.ch\/de\/\"},{\"@type\":\"ListItem\",\"position\":2,\"name\":\"OEM\"}]},{\"@type\":\"WebSite\",\"@id\":\"https:\/\/www.systag.ch\/de\/#website\",\"url\":\"https:\/\/www.systag.ch\/de\/\",\"name\":\"SYSTAG, System Technik AG\",\"description\":\"Automatisierte Laborsysteme und Kalorimetrie\",\"publisher\":{\"@id\":\"https:\/\/www.systag.ch\/de\/#organization\"},\"potentialAction\":[{\"@type\":\"SearchAction\",\"target\":{\"@type\":\"EntryPoint\",\"urlTemplate\":\"https:\/\/www.systag.ch\/de\/?s={search_term_string}\"},\"query-input\":{\"@type\":\"PropertyValueSpecification\",\"valueRequired\":true,\"valueName\":\"search_term_string\"}}],\"inLanguage\":\"de-CH\"},{\"@type\":\"Organization\",\"@id\":\"https:\/\/www.systag.ch\/de\/#organization\",\"name\":\"SYSTAG, System Technik AG\",\"url\":\"https:\/\/www.systag.ch\/de\/\",\"logo\":{\"@type\":\"ImageObject\",\"inLanguage\":\"de-CH\",\"@id\":\"https:\/\/www.systag.ch\/de\/#\/schema\/logo\/image\/\",\"url\":\"https:\/\/www.systag.ch\/wp-content\/uploads\/2020\/01\/logo_systag_en.png\",\"contentUrl\":\"https:\/\/www.systag.ch\/wp-content\/uploads\/2020\/01\/logo_systag_en.png\",\"width\":215,\"height\":80,\"caption\":\"SYSTAG, System Technik AG\"},\"image\":{\"@id\":\"https:\/\/www.systag.ch\/de\/#\/schema\/logo\/image\/\"}}]}<\/script>\n<!-- \/ Yoast SEO plugin. -->","yoast_head_json":{"title":"OEM - SYSTAG, System Technik AG","description":"OEM - Entwicklung, Produktion und Design","robots":{"index":"index","follow":"follow","max-snippet":"max-snippet:-1","max-image-preview":"max-image-preview:large","max-video-preview":"max-video-preview:-1"},"canonical":"https:\/\/www.systag.ch\/de\/oem\/","og_locale":"de_DE","og_type":"article","og_title":"OEM - SYSTAG, System Technik AG","og_description":"OEM - Entwicklung, Produktion und Design","og_url":"https:\/\/www.systag.ch\/de\/oem\/","og_site_name":"SYSTAG, System Technik AG","article_modified_time":"2020-02-03T12:13:38+00:00","og_image":[{"width":731,"height":208,"url":"https:\/\/www.systag.ch\/wp-content\/uploads\/2020\/01\/Automation.jpg","type":"image\/jpeg"}],"twitter_card":"summary_large_image","twitter_misc":{"Gesch\u00e4tzte Lesezeit":"3 Minuten"},"schema":{"@context":"https:\/\/schema.org","@graph":[{"@type":"WebPage","@id":"https:\/\/www.systag.ch\/de\/oem\/","url":"https:\/\/www.systag.ch\/de\/oem\/","name":"OEM - SYSTAG, System Technik AG","isPartOf":{"@id":"https:\/\/www.systag.ch\/de\/#website"},"primaryImageOfPage":{"@id":"https:\/\/www.systag.ch\/de\/oem\/#primaryimage"},"image":{"@id":"https:\/\/www.systag.ch\/de\/oem\/#primaryimage"},"thumbnailUrl":"https:\/\/www.systag.ch\/wp-content\/uploads\/2020\/01\/Automation.jpg","datePublished":"2019-12-17T11:19:36+00:00","dateModified":"2020-02-03T12:13:38+00:00","description":"OEM - Entwicklung, Produktion und Design","breadcrumb":{"@id":"https:\/\/www.systag.ch\/de\/oem\/#breadcrumb"},"inLanguage":"de-CH","potentialAction":[{"@type":"ReadAction","target":["https:\/\/www.systag.ch\/de\/oem\/"]}]},{"@type":"ImageObject","inLanguage":"de-CH","@id":"https:\/\/www.systag.ch\/de\/oem\/#primaryimage","url":"https:\/\/www.systag.ch\/wp-content\/uploads\/2020\/01\/Automation.jpg","contentUrl":"https:\/\/www.systag.ch\/wp-content\/uploads\/2020\/01\/Automation.jpg","width":731,"height":208},{"@type":"BreadcrumbList","@id":"https:\/\/www.systag.ch\/de\/oem\/#breadcrumb","itemListElement":[{"@type":"ListItem","position":1,"name":"Home","item":"https:\/\/www.systag.ch\/de\/"},{"@type":"ListItem","position":2,"name":"OEM"}]},{"@type":"WebSite","@id":"https:\/\/www.systag.ch\/de\/#website","url":"https:\/\/www.systag.ch\/de\/","name":"SYSTAG, System Technik AG","description":"Automatisierte Laborsysteme und Kalorimetrie","publisher":{"@id":"https:\/\/www.systag.ch\/de\/#organization"},"potentialAction":[{"@type":"SearchAction","target":{"@type":"EntryPoint","urlTemplate":"https:\/\/www.systag.ch\/de\/?s={search_term_string}"},"query-input":{"@type":"PropertyValueSpecification","valueRequired":true,"valueName":"search_term_string"}}],"inLanguage":"de-CH"},{"@type":"Organization","@id":"https:\/\/www.systag.ch\/de\/#organization","name":"SYSTAG, System Technik AG","url":"https:\/\/www.systag.ch\/de\/","logo":{"@type":"ImageObject","inLanguage":"de-CH","@id":"https:\/\/www.systag.ch\/de\/#\/schema\/logo\/image\/","url":"https:\/\/www.systag.ch\/wp-content\/uploads\/2020\/01\/logo_systag_en.png","contentUrl":"https:\/\/www.systag.ch\/wp-content\/uploads\/2020\/01\/logo_systag_en.png","width":215,"height":80,"caption":"SYSTAG, System Technik AG"},"image":{"@id":"https:\/\/www.systag.ch\/de\/#\/schema\/logo\/image\/"}}]}},"_links":{"self":[{"href":"https:\/\/www.systag.ch\/de\/wp-json\/wp\/v2\/pages\/2860"}],"collection":[{"href":"https:\/\/www.systag.ch\/de\/wp-json\/wp\/v2\/pages"}],"about":[{"href":"https:\/\/www.systag.ch\/de\/wp-json\/wp\/v2\/types\/page"}],"author":[{"embeddable":true,"href":"https:\/\/www.systag.ch\/de\/wp-json\/wp\/v2\/users\/2"}],"replies":[{"embeddable":true,"href":"https:\/\/www.systag.ch\/de\/wp-json\/wp\/v2\/comments?post=2860"}],"version-history":[{"count":5,"href":"https:\/\/www.systag.ch\/de\/wp-json\/wp\/v2\/pages\/2860\/revisions"}],"predecessor-version":[{"id":5369,"href":"https:\/\/www.systag.ch\/de\/wp-json\/wp\/v2\/pages\/2860\/revisions\/5369"}],"wp:featuredmedia":[{"embeddable":true,"href":"https:\/\/www.systag.ch\/de\/wp-json\/wp\/v2\/media\/3186"}],"wp:attachment":[{"href":"https:\/\/www.systag.ch\/de\/wp-json\/wp\/v2\/media?parent=2860"}],"curies":[{"name":"wp","href":"https:\/\/api.w.org\/{rel}","templated":true}]}}